{"id":118241,"date":"2017-09-23T09:49:10","date_gmt":"2017-09-23T07:49:10","guid":{"rendered":"https:\/\/www.fabioferro.eu\/festina-damenuhr-mademoiselle-collection-in-stahl-mit-silbernem-zifferblatt-und-strasssteinen.html"},"modified":"2017-09-23T09:49:10","modified_gmt":"2017-09-23T07:49:10","slug":"festina-damenuhr-mademoiselle-collection-in-stahl-mit-silbernem-zifferblatt-und-strasssteinen","status":"publish","type":"product","link":"https:\/\/www.fabioferro.eu\/de\/festina-damenuhr-mademoiselle-collection-in-stahl-mit-silbernem-zifferblatt-und-strasssteinen.html","title":{"rendered":"Festina Damenuhr Mademoiselle Collection in Stahl mit silbernem Zifferblatt und Strasssteinen"},"content":{"rendered":"<div class=\"description\">\n<div class=\"description\">\n<p>Festina Mademoiselle Damenuhr aus Edelstahl mit wei\u00dfen Strasssteinen.<\/p>\n<p>Analoges Quarzwerk mit reiner Zeitmessung.<\/p>\n<p>Das polierte Stahlgeh\u00e4use hat einen Durchmesser von 32,00 mm und eine Dicke von 8,50 mm. Geh\u00e4useboden aus Stahl, druckfest verschlossen und wasserdicht bis 5 ATM. Wasserdichte Krone aus ger\u00e4ndeltem Stahl.<\/p>\n<p>Geh\u00e4rtetes Mineralglas.<\/p>\n<p>Versilbertes Zifferblatt mit Stunden-, Minuten- und Sekundenzeiger aus poliertem Metall. Auf der 12-Uhr-Position befinden sich wei\u00dfe Strasssteine auf einer polierten Metalll\u00fcnette.<\/p>\n<p>Poliertes Edelstahlarmband mit unsichtbarer Schlie\u00dfe und zwei seitlichen \u00d6ffnungskn\u00f6pfen. Festina-Logo.<\/p>\n<p>Neuer Artikel mit elegantem Etui und original Festina Zweijahresgarantie.<\/p>\n<p>&nbsp;<\/p>\n<div class=\"custom\">\n<p>&nbsp;<\/p>\n<\/div>\n<\/div>\n<\/div>\n","protected":false},"excerpt":{"rendered":"<p>Festina Mademoiselle Kollektion Damenuhr aus Stahl mit silbernem Zifferblatt und wei\u00dfen Strasssteinen.<\/p>\n","protected":false},"featured_media":118253,"comment_status":"open","ping_status":"closed","template":"","meta":[],"product_brand":[171],"product_cat":[5976],"product_tag":[],"class_list":{"0":"post-118241","1":"product","2":"type-product","3":"status-publish","4":"has-post-thumbnail","6":"product_brand-festina","7":"product_cat-festina-damenuhren","9":"first","10":"outofstock","11":"sale","12":"taxable","13":"shipping-taxable","14":"purchasable","15":"product-type-simple"},"exclude_global_add_ons":[],"addons":[],"df_price":79.2,"df_sale_price":79.2,"df_regular_price":99,"df_image_link":"https:\/\/cdn02.fabioferro.eu\/wp-content\/uploads\/virtuemart\/product\/orologio-festina-donna-F16940-1-strass-bianchi.jpg","_links":{"self":[{"href":"https:\/\/www.fabioferro.eu\/de\/wp-json\/wp\/v2\/product\/118241","targetHints":{"allow":["GET"]}}],"collection":[{"href":"https:\/\/www.fabioferro.eu\/de\/wp-json\/wp\/v2\/product"}],"about":[{"href":"https:\/\/www.fabioferro.eu\/de\/wp-json\/wp\/v2\/types\/product"}],"replies":[{"embeddable":true,"href":"https:\/\/www.fabioferro.eu\/de\/wp-json\/wp\/v2\/comments?post=118241"}],"version-history":[{"count":0,"href":"https:\/\/www.fabioferro.eu\/de\/wp-json\/wp\/v2\/product\/118241\/revisions"}],"wp:featuredmedia":[{"embeddable":true,"href":"https:\/\/www.fabioferro.eu\/de\/wp-json\/wp\/v2\/media\/118253"}],"wp:attachment":[{"href":"https:\/\/www.fabioferro.eu\/de\/wp-json\/wp\/v2\/media?parent=118241"}],"wp:term":[{"taxonomy":"product_brand","embeddable":true,"href":"https:\/\/www.fabioferro.eu\/de\/wp-json\/wp\/v2\/product_brand?post=118241"},{"taxonomy":"product_cat","embeddable":true,"href":"https:\/\/www.fabioferro.eu\/de\/wp-json\/wp\/v2\/product_cat?post=118241"},{"taxonomy":"product_tag","embeddable":true,"href":"https:\/\/www.fabioferro.eu\/de\/wp-json\/wp\/v2\/product_tag?post=118241"}],"curies":[{"name":"wp","href":"https:\/\/api.w.org\/{rel}","templated":true}]}}