{"id":118265,"date":"2017-08-10T16:41:25","date_gmt":"2017-08-10T14:41:25","guid":{"rendered":"https:\/\/www.fabioferro.eu\/fope-prima-collection-ohrringe-aus-rosegold-mit-diamanten-2.html"},"modified":"2026-01-09T16:30:11","modified_gmt":"2026-01-09T15:30:11","slug":"fope-prima-collection-ohrringe-aus-rosegold-mit-diamanten-2","status":"publish","type":"product","link":"https:\/\/www.fabioferro.eu\/de\/fope-prima-collection-ohrringe-aus-rosegold-mit-diamanten-2.html","title":{"rendered":"Fope Prima Collection Ohrringe aus Ros\u00e9gold mit Diamanten"},"content":{"rendered":"<p>Ohrringe der Kollektion Fope Prima aus poliertem 18-kar\u00e4tigem Ros\u00e9gold, veredelt mit Diamanten.<\/p>\n<p>Festes Spangenmodell mit stiftf\u00f6rmiger Schlie\u00dfe und blumenf\u00f6rmigem Schmetterling auf der R\u00fcckseite.<\/p>\n<p>Das zentrale Element des Ohrrings ist mit Diamanten im Brillantschliff von insgesamt 0,13 Karat besetzt.<\/p>\n<p>Die Diamanten werden alle einzeln ausgew\u00e4hlt und zeichnen sich durch eine Farbe von G und einen Reinheitsgrad von VS1 aus.<\/p>\n<p>Sie werden vollst\u00e4ndig in Italien handgefertigt.<\/p>\n<p>Das Schmuckst\u00fcck wird mit einem eleganten Etui und der offiziellen Fope-Garantie geliefert.<\/p>\n","protected":false},"excerpt":{"rendered":"<p>Ein Finish, das keinen Platz f\u00fcr Unvollkommenheiten l\u00e4sst, und immer bereit ist, Sie zu beeindrucken, wann immer Sie sie tragen.<\/p>\n","protected":false},"featured_media":106433,"comment_status":"open","ping_status":"closed","template":"","meta":[],"product_brand":[154],"product_cat":[5937],"product_tag":[],"class_list":{"0":"post-118265","1":"product","2":"type-product","3":"status-publish","4":"has-post-thumbnail","6":"product_brand-fope","7":"product_cat-fope-ohrringe","9":"first","10":"instock","11":"taxable","12":"shipping-taxable","13":"purchasable","14":"product-type-simple"},"exclude_global_add_ons":[],"addons":[],"df_price":2860,"df_sale_price":"","df_regular_price":2860,"df_image_link":"https:\/\/cdn02.fabioferro.eu\/wp-content\/uploads\/virtuemart\/product\/orecchini_fope_collezione_prima_in_oro_rosa_con_diamanti_OR744_BBR_BR__1593789657_838-e1680712794570.jpg","_links":{"self":[{"href":"https:\/\/www.fabioferro.eu\/de\/wp-json\/wp\/v2\/product\/118265","targetHints":{"allow":["GET"]}}],"collection":[{"href":"https:\/\/www.fabioferro.eu\/de\/wp-json\/wp\/v2\/product"}],"about":[{"href":"https:\/\/www.fabioferro.eu\/de\/wp-json\/wp\/v2\/types\/product"}],"replies":[{"embeddable":true,"href":"https:\/\/www.fabioferro.eu\/de\/wp-json\/wp\/v2\/comments?post=118265"}],"version-history":[{"count":1,"href":"https:\/\/www.fabioferro.eu\/de\/wp-json\/wp\/v2\/product\/118265\/revisions"}],"predecessor-version":[{"id":206798,"href":"https:\/\/www.fabioferro.eu\/de\/wp-json\/wp\/v2\/product\/118265\/revisions\/206798"}],"wp:featuredmedia":[{"embeddable":true,"href":"https:\/\/www.fabioferro.eu\/de\/wp-json\/wp\/v2\/media\/106433"}],"wp:attachment":[{"href":"https:\/\/www.fabioferro.eu\/de\/wp-json\/wp\/v2\/media?parent=118265"}],"wp:term":[{"taxonomy":"product_brand","embeddable":true,"href":"https:\/\/www.fabioferro.eu\/de\/wp-json\/wp\/v2\/product_brand?post=118265"},{"taxonomy":"product_cat","embeddable":true,"href":"https:\/\/www.fabioferro.eu\/de\/wp-json\/wp\/v2\/product_cat?post=118265"},{"taxonomy":"product_tag","embeddable":true,"href":"https:\/\/www.fabioferro.eu\/de\/wp-json\/wp\/v2\/product_tag?post=118265"}],"curies":[{"name":"wp","href":"https:\/\/api.w.org\/{rel}","templated":true}]}}