{"id":118270,"date":"2017-07-29T16:51:25","date_gmt":"2017-07-29T14:51:25","guid":{"rendered":"https:\/\/www.fabioferro.eu\/fabio-ferro-ohrringe-aus-weissgold-und-diamanten-mit-weissen-meeresperlen-durchmesser-75-mm.html"},"modified":"2024-02-08T12:52:35","modified_gmt":"2024-02-08T11:52:35","slug":"fabio-ferro-ohrringe-aus-weissgold-und-diamanten-mit-weissen-meeresperlen-durchmesser-75-mm","status":"publish","type":"product","link":"https:\/\/www.fabioferro.eu\/de\/fabio-ferro-ohrringe-aus-weissgold-und-diamanten-mit-weissen-meeresperlen-durchmesser-75-mm.html","title":{"rendered":"Fabio Ferro Ohrringe aus Wei\u00dfgold und Diamanten mit wei\u00dfen Meeresperlen, Durchmesser 7,5 mm"},"content":{"rendered":"<p>In unserer Goldschmiedewerkstatt handgefertigte Damenohrringe aus 18-kar\u00e4tigem Wei\u00dfgold mit ausgesuchten japanischen Zuchtperlen von feinster Perlenqualit\u00e4t.<\/p>\n<p>Modell mit fester Spange und r\u00fcckseitiger Schmetterlingsschlie\u00dfe mit einem Gesamtgewicht von 2,20 Gramm.<\/p>\n<p>Sorgf\u00e4ltig ausgew\u00e4hlte wei\u00dfe japanische Zuchtperlen mit einem Durchmesser von 7\/7,5 mm.<\/p>\n<p>Die obere Patrize ist mit zwei Brillanten im 4-Zacken-Schliff von insgesamt 0,06 Karat besetzt. Sie zeichnen sich durch eine F-Farbe und einen VS1-Reinheitsgrad aus.<\/p>\n<p>Die Farbe der Perlen kann leicht von der Abbildung abweichen, da es sich um nat\u00fcrliche Perlen handelt und eine Perle von der anderen verschieden ist.<\/p>\n<p>Begleitet von einem eleganten Etui und einem von Fabio Ferro I Gioielli unterzeichneten Garantiezertifikat.<\/p>\n","protected":false},"excerpt":{"rendered":"<p>Ohrringe aus Wei\u00dfgold mit japanischen wei\u00dfen Zuchtperlen von 7\/7,5 mm Durchmesser und Diamanten im Brillantschliff.<\/p>\n","protected":false},"featured_media":118278,"comment_status":"open","ping_status":"closed","template":"","meta":[],"product_brand":[152],"product_cat":[6022],"product_tag":[],"class_list":{"0":"post-118270","1":"product","2":"type-product","3":"status-publish","4":"has-post-thumbnail","6":"product_brand-fabio-ferro-i-gioielli","7":"product_cat-perlen-ohrringe","9":"first","10":"instock","11":"sale","12":"taxable","13":"shipping-taxable","14":"purchasable","15":"product-type-simple"},"exclude_global_add_ons":[],"addons":[],"df_price":880,"df_sale_price":880,"df_regular_price":1160,"df_image_link":"https:\/\/cdn02.fabioferro.eu\/wp-content\/uploads\/orecchini-fabio-ferro-con-perle-in-oro-bianco-e-diamanti-ff45-2.jpg","_links":{"self":[{"href":"https:\/\/www.fabioferro.eu\/de\/wp-json\/wp\/v2\/product\/118270","targetHints":{"allow":["GET"]}}],"collection":[{"href":"https:\/\/www.fabioferro.eu\/de\/wp-json\/wp\/v2\/product"}],"about":[{"href":"https:\/\/www.fabioferro.eu\/de\/wp-json\/wp\/v2\/types\/product"}],"replies":[{"embeddable":true,"href":"https:\/\/www.fabioferro.eu\/de\/wp-json\/wp\/v2\/comments?post=118270"}],"version-history":[{"count":0,"href":"https:\/\/www.fabioferro.eu\/de\/wp-json\/wp\/v2\/product\/118270\/revisions"}],"wp:featuredmedia":[{"embeddable":true,"href":"https:\/\/www.fabioferro.eu\/de\/wp-json\/wp\/v2\/media\/118278"}],"wp:attachment":[{"href":"https:\/\/www.fabioferro.eu\/de\/wp-json\/wp\/v2\/media?parent=118270"}],"wp:term":[{"taxonomy":"product_brand","embeddable":true,"href":"https:\/\/www.fabioferro.eu\/de\/wp-json\/wp\/v2\/product_brand?post=118270"},{"taxonomy":"product_cat","embeddable":true,"href":"https:\/\/www.fabioferro.eu\/de\/wp-json\/wp\/v2\/product_cat?post=118270"},{"taxonomy":"product_tag","embeddable":true,"href":"https:\/\/www.fabioferro.eu\/de\/wp-json\/wp\/v2\/product_tag?post=118270"}],"curies":[{"name":"wp","href":"https:\/\/api.w.org\/{rel}","templated":true}]}}