{"id":118313,"date":"2017-07-28T17:39:41","date_gmt":"2017-07-28T15:39:41","guid":{"rendered":"https:\/\/www.fabioferro.eu\/fabio-ferro-weissgold-ohrringe-mit-grauen-suesswasser-zuchtperlen-900-mm.html"},"modified":"2024-09-18T15:33:43","modified_gmt":"2024-09-18T13:33:43","slug":"fabio-ferro-weissgold-ohrringe-mit-grauen-suesswasser-zuchtperlen-900-mm","status":"publish","type":"product","link":"https:\/\/www.fabioferro.eu\/de\/fabio-ferro-weissgold-ohrringe-mit-grauen-suesswasser-zuchtperlen-900-mm.html","title":{"rendered":"Fabio Ferro Wei\u00dfgold-Ohrringe mit grauen S\u00fc\u00dfwasser-Zuchtperlen 9,00 mm."},"content":{"rendered":"<p>In unserer Goldschmiedewerkstatt handgefertigte Ohrringe aus 750\/1000 Gramm Wei\u00dfgold mit nat\u00fcrlichen S\u00fc\u00dfwasserperlen. Festes Spangenmodell mit Stiftschlie\u00dfe und Schmetterling auf der R\u00fcckseite mit zwei grauen, nat\u00fcrlichen S\u00fc\u00dfwasser-Zuchtperlen von 9 mm Durchmesser. Die Farbe der Perlen kann leicht vom Foto abweichen, da es sich um nat\u00fcrliche Perlen handelt, von denen sich eine von der anderen unterscheidet. Das Paar Ohrringe wird von einer eleganten Geschenkbox und einem Garantie- und Qualit\u00e4tszertifikat von Fabio Ferro I Gioielli begleitet.  &nbsp;<\/p>\n<div class=\"custom\">\n<p>&nbsp;<\/p>\n<\/div>\n","protected":false},"excerpt":{"rendered":"<p>Paar handgefertigte Ohrringe aus Wei\u00dfgold mit grauen nat\u00fcrlichen S\u00fc\u00dfwasser-Zuchtperlen, Durchmesser 9,00 mm.<\/p>\n","protected":false},"featured_media":118321,"comment_status":"open","ping_status":"closed","template":"","meta":[],"product_brand":[152],"product_cat":[6022],"product_tag":[],"class_list":{"0":"post-118313","1":"product","2":"type-product","3":"status-publish","4":"has-post-thumbnail","6":"product_brand-fabio-ferro-i-gioielli","7":"product_cat-perlen-ohrringe","9":"first","10":"instock","11":"sale","12":"taxable","13":"shipping-taxable","14":"purchasable","15":"product-type-simple"},"exclude_global_add_ons":[],"addons":[],"df_price":312,"df_sale_price":312,"df_regular_price":390,"df_image_link":"https:\/\/cdn02.fabioferro.eu\/wp-content\/uploads\/virtuemart\/product\/orecchini-in-oro-bianco-con-perle-grigie-acqua-dolce-.jpg","_links":{"self":[{"href":"https:\/\/www.fabioferro.eu\/de\/wp-json\/wp\/v2\/product\/118313","targetHints":{"allow":["GET"]}}],"collection":[{"href":"https:\/\/www.fabioferro.eu\/de\/wp-json\/wp\/v2\/product"}],"about":[{"href":"https:\/\/www.fabioferro.eu\/de\/wp-json\/wp\/v2\/types\/product"}],"replies":[{"embeddable":true,"href":"https:\/\/www.fabioferro.eu\/de\/wp-json\/wp\/v2\/comments?post=118313"}],"version-history":[{"count":0,"href":"https:\/\/www.fabioferro.eu\/de\/wp-json\/wp\/v2\/product\/118313\/revisions"}],"wp:featuredmedia":[{"embeddable":true,"href":"https:\/\/www.fabioferro.eu\/de\/wp-json\/wp\/v2\/media\/118321"}],"wp:attachment":[{"href":"https:\/\/www.fabioferro.eu\/de\/wp-json\/wp\/v2\/media?parent=118313"}],"wp:term":[{"taxonomy":"product_brand","embeddable":true,"href":"https:\/\/www.fabioferro.eu\/de\/wp-json\/wp\/v2\/product_brand?post=118313"},{"taxonomy":"product_cat","embeddable":true,"href":"https:\/\/www.fabioferro.eu\/de\/wp-json\/wp\/v2\/product_cat?post=118313"},{"taxonomy":"product_tag","embeddable":true,"href":"https:\/\/www.fabioferro.eu\/de\/wp-json\/wp\/v2\/product_tag?post=118313"}],"curies":[{"name":"wp","href":"https:\/\/api.w.org\/{rel}","templated":true}]}}