{"id":118327,"date":"2019-04-27T16:21:57","date_gmt":"2019-04-27T14:21:57","guid":{"rendered":"https:\/\/www.fabioferro.eu\/hamilton-herren-jazzmaster-open-heart-stahluhr-mm-42-mit-silbernem-zifferblatt-und-braunem-lederarmband.html"},"modified":"2025-04-02T21:25:43","modified_gmt":"2025-04-02T19:25:43","slug":"hamilton-herren-jazzmaster-open-heart-stahluhr-mm-42-mit-silbernem-zifferblatt-und-braunem-lederarmband","status":"publish","type":"product","link":"https:\/\/www.fabioferro.eu\/de\/hamilton-herren-jazzmaster-open-heart-stahluhr-mm-42-mit-silbernem-zifferblatt-und-braunem-lederarmband.html","title":{"rendered":"Hamilton Jazzmaster Offenes Herz 42mm H32705521"},"content":{"rendered":"<p>Hamilton Jazzmaster H32705521 Open Heart Automatic aus Edelstahl mit Lederarmband.<\/p>\n<p>Automatisches mechanisches Uhrwerk Swiss Made, Kaliber H-10 mit 80 Stunden Gangreserve.<\/p>\n<p>Geh\u00e4use aus satiniertem und poliertem Stahl, Durchmesser 42,00 mm, mit wasserdichter, ger\u00e4ndelter Stahlkrone mit Hamilton-Logo.<\/p>\n<p>Silbernes Zifferblatt mit blauen Metallzeigern f\u00fcr Stunden und Minuten. Stundenmarkierungen und arabische Ziffern aus poliertem Metall. Das Open-Heart-Zifferblatt erlaubt einen Blick auf einen Teil des Swiss-Made-Automatikwerks in Aktion.<\/p>\n<p>Kratzfestes und antireflektierendes Saphirkristallglas.<\/p>\n<p>Braunes Lederarmband mit 22,00 mm Bandanst\u00f6\u00dfen und Faltschlie\u00dfe mit Hamilton-Logo.<\/p>\n<p>Wasserdicht bis zu 5 ATM.<\/p>\n<p>Neuer Artikel mit Box, Gegenbox und original Hamilton Zweijahresgarantie.<\/p>\n","protected":false},"excerpt":{"rendered":"<p>Hamilton Jazzmaster H32705521 Open Heart Automatik mm. 42 Silber<\/p>\n","protected":false},"featured_media":118342,"comment_status":"open","ping_status":"closed","template":"","meta":[],"product_brand":[161],"product_cat":[5974],"product_tag":[],"class_list":{"0":"post-118327","1":"product","2":"type-product","3":"status-publish","4":"has-post-thumbnail","6":"product_brand-hamilton","7":"product_cat-hamilton-herrenuhren","9":"first","10":"instock","11":"sale","12":"taxable","13":"shipping-taxable","14":"purchasable","15":"product-type-simple"},"exclude_global_add_ons":[],"addons":[],"df_price":916,"df_sale_price":916,"df_regular_price":1145,"df_image_link":"https:\/\/cdn02.fabioferro.eu\/wp-content\/uploads\/virtuemart\/product\/orologio-hamilton-uomo-jazzmaster-open-heart-automatic-H32705521.jpg","_links":{"self":[{"href":"https:\/\/www.fabioferro.eu\/de\/wp-json\/wp\/v2\/product\/118327","targetHints":{"allow":["GET"]}}],"collection":[{"href":"https:\/\/www.fabioferro.eu\/de\/wp-json\/wp\/v2\/product"}],"about":[{"href":"https:\/\/www.fabioferro.eu\/de\/wp-json\/wp\/v2\/types\/product"}],"replies":[{"embeddable":true,"href":"https:\/\/www.fabioferro.eu\/de\/wp-json\/wp\/v2\/comments?post=118327"}],"version-history":[{"count":0,"href":"https:\/\/www.fabioferro.eu\/de\/wp-json\/wp\/v2\/product\/118327\/revisions"}],"wp:featuredmedia":[{"embeddable":true,"href":"https:\/\/www.fabioferro.eu\/de\/wp-json\/wp\/v2\/media\/118342"}],"wp:attachment":[{"href":"https:\/\/www.fabioferro.eu\/de\/wp-json\/wp\/v2\/media?parent=118327"}],"wp:term":[{"taxonomy":"product_brand","embeddable":true,"href":"https:\/\/www.fabioferro.eu\/de\/wp-json\/wp\/v2\/product_brand?post=118327"},{"taxonomy":"product_cat","embeddable":true,"href":"https:\/\/www.fabioferro.eu\/de\/wp-json\/wp\/v2\/product_cat?post=118327"},{"taxonomy":"product_tag","embeddable":true,"href":"https:\/\/www.fabioferro.eu\/de\/wp-json\/wp\/v2\/product_tag?post=118327"}],"curies":[{"name":"wp","href":"https:\/\/api.w.org\/{rel}","templated":true}]}}