{"id":118341,"date":"2019-05-14T15:45:24","date_gmt":"2019-05-14T13:45:24","guid":{"rendered":"https:\/\/www.fabioferro.eu\/ti-sento-milano-damen-925-sterling-silber-solitaer-ring-mit-kubischem-zirkoniumdioxid.html"},"modified":"2024-09-18T17:23:43","modified_gmt":"2024-09-18T15:23:43","slug":"ti-sento-milano-damen-925-sterling-silber-solitaer-ring-mit-kubischem-zirkoniumdioxid","status":"publish","type":"product","link":"https:\/\/www.fabioferro.eu\/de\/ti-sento-milano-damen-925-sterling-silber-solitaer-ring-mit-kubischem-zirkoniumdioxid.html","title":{"rendered":"Ti Sento Milano Damen 925 Sterling Silber Solit\u00e4r Ring mit kubischem Zirkoniumdioxid"},"content":{"rendered":"<p>Damenring Ti Sento Milano aus 925\/1000 Sterlingsilber Rhodiniert und hypoallergen Ring mit zentralem Solit\u00e4r aus farblosem Zirkonia Durchmesser Zirkonia mm. 6 Gr\u00f6\u00dfe sofort lieferbar Nr. 14 Juwel Neu mit Garantie und offizieller Ti Sento Milano Box  &nbsp;<\/p>\n","protected":false},"excerpt":{"rendered":"<p>Ti Sento Milano Solit\u00e4rring aus 925er Silber mit Zirkoniumdioxid<\/p>\n","protected":false},"featured_media":118355,"comment_status":"open","ping_status":"closed","template":"","meta":[],"product_brand":[158],"product_cat":[6343],"product_tag":[7551],"class_list":{"0":"post-118341","1":"product","2":"type-product","3":"status-publish","4":"has-post-thumbnail","6":"product_brand-ti-sento-milano","7":"product_cat-ti-sento-milano-ringe","8":"product_tag-ausschlusse","10":"first","11":"outofstock","12":"taxable","13":"shipping-taxable","14":"purchasable","15":"product-type-simple"},"exclude_global_add_ons":[],"addons":[],"df_price":49,"df_sale_price":"","df_regular_price":49,"df_image_link":"https:\/\/cdn02.fabioferro.eu\/wp-content\/uploads\/virtuemart\/product\/1933zi7.jpg","_links":{"self":[{"href":"https:\/\/www.fabioferro.eu\/de\/wp-json\/wp\/v2\/product\/118341","targetHints":{"allow":["GET"]}}],"collection":[{"href":"https:\/\/www.fabioferro.eu\/de\/wp-json\/wp\/v2\/product"}],"about":[{"href":"https:\/\/www.fabioferro.eu\/de\/wp-json\/wp\/v2\/types\/product"}],"replies":[{"embeddable":true,"href":"https:\/\/www.fabioferro.eu\/de\/wp-json\/wp\/v2\/comments?post=118341"}],"version-history":[{"count":0,"href":"https:\/\/www.fabioferro.eu\/de\/wp-json\/wp\/v2\/product\/118341\/revisions"}],"wp:featuredmedia":[{"embeddable":true,"href":"https:\/\/www.fabioferro.eu\/de\/wp-json\/wp\/v2\/media\/118355"}],"wp:attachment":[{"href":"https:\/\/www.fabioferro.eu\/de\/wp-json\/wp\/v2\/media?parent=118341"}],"wp:term":[{"taxonomy":"product_brand","embeddable":true,"href":"https:\/\/www.fabioferro.eu\/de\/wp-json\/wp\/v2\/product_brand?post=118341"},{"taxonomy":"product_cat","embeddable":true,"href":"https:\/\/www.fabioferro.eu\/de\/wp-json\/wp\/v2\/product_cat?post=118341"},{"taxonomy":"product_tag","embeddable":true,"href":"https:\/\/www.fabioferro.eu\/de\/wp-json\/wp\/v2\/product_tag?post=118341"}],"curies":[{"name":"wp","href":"https:\/\/api.w.org\/{rel}","templated":true}]}}