{"id":118370,"date":"2017-08-01T16:42:43","date_gmt":"2017-08-01T14:42:43","guid":{"rendered":"https:\/\/www.fabioferro.eu\/fabio-ferro-weissgold-nonnen-ohrringe-mit-meeres-zuchtperlen-65-700-mm.html"},"modified":"2024-09-18T15:33:33","modified_gmt":"2024-09-18T13:33:33","slug":"fabio-ferro-weissgold-nonnen-ohrringe-mit-meeres-zuchtperlen-65-700-mm","status":"publish","type":"product","link":"https:\/\/www.fabioferro.eu\/de\/fabio-ferro-weissgold-nonnen-ohrringe-mit-meeres-zuchtperlen-65-700-mm.html","title":{"rendered":"Fabio Ferro Wei\u00dfgold Nonnen-Ohrringe mit Meeres-Zuchtperlen 6,5-7,00 mm."},"content":{"rendered":"<div class=\"description\">  In unserer Goldschmiedewerkstatt handgefertigte Ohrringe aus 750\/1000 Wei\u00dfgold mit einem Gewicht von 3,60 Gramm. Dangling-Nonnenmodell mit R\u00fcckenverschluss, Gesamtl\u00e4nge 16 Millimeter. Zwei strahlend wei\u00dfe Naturperlen mit einem Durchmesser von 6,50\/7,00 mm werden von zwei Diamanten im Brillantschliff mit insgesamt 0,06 Karat (Farbe G, Reinheit VS2) beleuchtet. Die Farbe der Perlen kann leicht von der Abbildung abweichen, da es sich um nat\u00fcrliche Perlen handelt und eine Perle von der anderen verschieden ist. Der Ohrring wird von einer eleganten Geschenkbox und dem Echtheitszertifikat von Fabio Ferro i Gioielli begleitet.  <\/div>\n","protected":false},"excerpt":{"rendered":"<p>Nonnenohrringe aus Wei\u00dfgold mit wei\u00dfen Naturperlen (Durchmesser 6,5\/7 mm) und Diamanten im Brillantschliff.<\/p>\n","protected":false},"featured_media":107983,"comment_status":"open","ping_status":"closed","template":"","meta":[],"product_brand":[152],"product_cat":[6022],"product_tag":[7442],"class_list":{"0":"post-118370","1":"product","2":"type-product","3":"status-publish","4":"has-post-thumbnail","6":"product_brand-fabio-ferro-i-gioielli","7":"product_cat-perlen-ohrringe","8":"product_tag-verfugbar","10":"first","11":"instock","12":"sale","13":"taxable","14":"shipping-taxable","15":"purchasable","16":"product-type-simple"},"exclude_global_add_ons":[],"addons":[],"df_price":1000,"df_sale_price":1000,"df_regular_price":1250,"df_image_link":"https:\/\/cdn02.fabioferro.eu\/wp-content\/uploads\/orecchini-fabio-ferro-in-oro-bianco-con-perle-ff4953-2.jpg","_links":{"self":[{"href":"https:\/\/www.fabioferro.eu\/de\/wp-json\/wp\/v2\/product\/118370","targetHints":{"allow":["GET"]}}],"collection":[{"href":"https:\/\/www.fabioferro.eu\/de\/wp-json\/wp\/v2\/product"}],"about":[{"href":"https:\/\/www.fabioferro.eu\/de\/wp-json\/wp\/v2\/types\/product"}],"replies":[{"embeddable":true,"href":"https:\/\/www.fabioferro.eu\/de\/wp-json\/wp\/v2\/comments?post=118370"}],"version-history":[{"count":0,"href":"https:\/\/www.fabioferro.eu\/de\/wp-json\/wp\/v2\/product\/118370\/revisions"}],"wp:featuredmedia":[{"embeddable":true,"href":"https:\/\/www.fabioferro.eu\/de\/wp-json\/wp\/v2\/media\/107983"}],"wp:attachment":[{"href":"https:\/\/www.fabioferro.eu\/de\/wp-json\/wp\/v2\/media?parent=118370"}],"wp:term":[{"taxonomy":"product_brand","embeddable":true,"href":"https:\/\/www.fabioferro.eu\/de\/wp-json\/wp\/v2\/product_brand?post=118370"},{"taxonomy":"product_cat","embeddable":true,"href":"https:\/\/www.fabioferro.eu\/de\/wp-json\/wp\/v2\/product_cat?post=118370"},{"taxonomy":"product_tag","embeddable":true,"href":"https:\/\/www.fabioferro.eu\/de\/wp-json\/wp\/v2\/product_tag?post=118370"}],"curies":[{"name":"wp","href":"https:\/\/api.w.org\/{rel}","templated":true}]}}