{"id":118446,"date":"2019-04-18T15:43:08","date_gmt":"2019-04-18T13:43:08","guid":{"rendered":"https:\/\/www.fabioferro.eu\/giovanni-raspini-925-sterling-silber-schnellkochtopf-charme.html"},"modified":"2024-09-18T16:49:19","modified_gmt":"2024-09-18T14:49:19","slug":"giovanni-raspini-925-sterling-silber-schnellkochtopf-charme","status":"publish","type":"product","link":"https:\/\/www.fabioferro.eu\/de\/giovanni-raspini-925-sterling-silber-schnellkochtopf-charme.html","title":{"rendered":"Giovanni Raspini 925 Sterling Silber Schnellkochtopf Charme"},"content":{"rendered":"<p>Giovanni Raspini 925\/1000 Silberanh\u00e4nger in Form eines Schnellkochtopfes. Hergestellt in Italien &#8211; handgefertigt. Der Schnellkochtopf-Anh\u00e4nger hat einen offenen 9 mm gro\u00dfen, runden, mit einem Logo versehenen Gegenanh\u00e4nger, der sich leicht an einem Armband anbringen oder einfach auf eine Halskette aufstecken l\u00e4sst. Der Topf hat einen Durchmesser von 11 mm. und eine H\u00f6he von 8 mm. Gesamtgewicht des Charms gr. 3,5. Der Anh\u00e4nger hat eine Gesamtl\u00e4nge von 2,10 cm einschlie\u00dflich der Gegenklinke. Neues Schmuckst\u00fcck mit Krokodil-Etui und Original-Garantie von Giovanni Raspini. Ich stelle eine Quittung und\/oder Rechnung aus.<\/p>\n","protected":false},"excerpt":{"rendered":"<p>Giovanni Raspini Charm aus 925\/1000 Sterling Silber in Form eines Schnellkochtopfes.<\/p>\n","protected":false},"featured_media":118459,"comment_status":"open","ping_status":"closed","template":"","meta":[],"product_brand":[155],"product_cat":[7575,7576,7578],"product_tag":[],"class_list":{"0":"post-118446","1":"product","2":"type-product","3":"status-publish","4":"has-post-thumbnail","6":"product_brand-raspini","7":"product_cat-do-it-yourself-schmuck-giovanni-raspini","8":"product_cat-giovanni-raspini-reize","9":"product_cat-raspini-charms-fur-veranstaltung-de","11":"first","12":"instock","13":"sale","14":"taxable","15":"shipping-taxable","16":"purchasable","17":"product-type-simple"},"exclude_global_add_ons":[],"addons":[],"df_price":36,"df_sale_price":36,"df_regular_price":40,"df_image_link":"https:\/\/cdn02.fabioferro.eu\/wp-content\/uploads\/virtuemart\/product\/charm-giovanni-raspini-pentola-pressione-10455.jpg","_links":{"self":[{"href":"https:\/\/www.fabioferro.eu\/de\/wp-json\/wp\/v2\/product\/118446","targetHints":{"allow":["GET"]}}],"collection":[{"href":"https:\/\/www.fabioferro.eu\/de\/wp-json\/wp\/v2\/product"}],"about":[{"href":"https:\/\/www.fabioferro.eu\/de\/wp-json\/wp\/v2\/types\/product"}],"replies":[{"embeddable":true,"href":"https:\/\/www.fabioferro.eu\/de\/wp-json\/wp\/v2\/comments?post=118446"}],"version-history":[{"count":0,"href":"https:\/\/www.fabioferro.eu\/de\/wp-json\/wp\/v2\/product\/118446\/revisions"}],"wp:featuredmedia":[{"embeddable":true,"href":"https:\/\/www.fabioferro.eu\/de\/wp-json\/wp\/v2\/media\/118459"}],"wp:attachment":[{"href":"https:\/\/www.fabioferro.eu\/de\/wp-json\/wp\/v2\/media?parent=118446"}],"wp:term":[{"taxonomy":"product_brand","embeddable":true,"href":"https:\/\/www.fabioferro.eu\/de\/wp-json\/wp\/v2\/product_brand?post=118446"},{"taxonomy":"product_cat","embeddable":true,"href":"https:\/\/www.fabioferro.eu\/de\/wp-json\/wp\/v2\/product_cat?post=118446"},{"taxonomy":"product_tag","embeddable":true,"href":"https:\/\/www.fabioferro.eu\/de\/wp-json\/wp\/v2\/product_tag?post=118446"}],"curies":[{"name":"wp","href":"https:\/\/api.w.org\/{rel}","templated":true}]}}