{"id":118523,"date":"2019-02-22T17:48:18","date_gmt":"2019-02-22T16:48:18","guid":{"rendered":"https:\/\/www.fabioferro.eu\/festina-herren-chrono-uhr-aus-vergoldetem-stahl-44-mm.html"},"modified":"2019-02-22T17:48:18","modified_gmt":"2019-02-22T16:48:18","slug":"festina-herren-chrono-uhr-aus-vergoldetem-stahl-44-mm","status":"publish","type":"product","link":"https:\/\/www.fabioferro.eu\/de\/festina-herren-chrono-uhr-aus-vergoldetem-stahl-44-mm.html","title":{"rendered":"Festina Herren-Chrono-Uhr aus vergoldetem Stahl 44 mm"},"content":{"rendered":"<p>Herrenuhr Festina Chrono aus 44 mm vergoldetem Stahl.<\/p>\n<p>Quarzwerk mit Chronograph und Zeitfunktion.<\/p>\n<p>Geh\u00e4use aus Edelstahl mit einem Durchmesser von 44 mm und einer Dicke von 12 mm. Vergoldete L\u00fcnette, Krone und Dr\u00fccker. Dank des druckbeaufschlagten Geh\u00e4usebodens kann die Uhr bis zu 5 atm standhalten.<\/p>\n<p>Das Zifferblatt mit den drei kleinen Ziffernbl\u00e4ttern, die die Stunden, Minuten und Sekunden anzeigen, ist charakteristisch f\u00fcr diese Uhr. Die Zeiger und Indexe sind plattiert und enthalten ein nachleuchtendes Material. Die Datumsanzeige befindet sich bei 3 Uhr.<\/p>\n<p>Geh\u00e4rtetes Mineralglas.<\/p>\n<p>Festina&#8221;-Logo bei 2 Uhr, oberhalb der Datumsanzeige.<\/p>\n<p>Edelstahlarmband mit vergoldeten Gliedern, mit federbelasteter Faltschlie\u00dfe.<\/p>\n<p>Neuer Artikel mit spezieller Box und original Festina Zweijahresgarantie<\/p>\n<p>Ausstellen einer Quittung und\/oder Rechnung<\/p>\n<p>&nbsp;<\/p>\n<p>&nbsp;<\/p>\n","protected":false},"excerpt":{"rendered":"<p>Festina Herren-Chrono-Uhr aus vergoldetem Stahl 44 mm<\/p>\n","protected":false},"featured_media":118536,"comment_status":"open","ping_status":"closed","template":"","meta":[],"product_brand":[171],"product_cat":[5998],"product_tag":[],"class_list":{"0":"post-118523","1":"product","2":"type-product","3":"status-publish","4":"has-post-thumbnail","6":"product_brand-festina","7":"product_cat-festina-herrenuhren","9":"first","10":"outofstock","11":"sale","12":"taxable","13":"shipping-taxable","14":"purchasable","15":"product-type-simple"},"exclude_global_add_ons":[],"addons":[],"df_price":143.2,"df_sale_price":143.2,"df_regular_price":179,"df_image_link":"https:\/\/cdn02.fabioferro.eu\/wp-content\/uploads\/virtuemart\/product\/f16761_2.jpg","_links":{"self":[{"href":"https:\/\/www.fabioferro.eu\/de\/wp-json\/wp\/v2\/product\/118523","targetHints":{"allow":["GET"]}}],"collection":[{"href":"https:\/\/www.fabioferro.eu\/de\/wp-json\/wp\/v2\/product"}],"about":[{"href":"https:\/\/www.fabioferro.eu\/de\/wp-json\/wp\/v2\/types\/product"}],"replies":[{"embeddable":true,"href":"https:\/\/www.fabioferro.eu\/de\/wp-json\/wp\/v2\/comments?post=118523"}],"version-history":[{"count":0,"href":"https:\/\/www.fabioferro.eu\/de\/wp-json\/wp\/v2\/product\/118523\/revisions"}],"wp:featuredmedia":[{"embeddable":true,"href":"https:\/\/www.fabioferro.eu\/de\/wp-json\/wp\/v2\/media\/118536"}],"wp:attachment":[{"href":"https:\/\/www.fabioferro.eu\/de\/wp-json\/wp\/v2\/media?parent=118523"}],"wp:term":[{"taxonomy":"product_brand","embeddable":true,"href":"https:\/\/www.fabioferro.eu\/de\/wp-json\/wp\/v2\/product_brand?post=118523"},{"taxonomy":"product_cat","embeddable":true,"href":"https:\/\/www.fabioferro.eu\/de\/wp-json\/wp\/v2\/product_cat?post=118523"},{"taxonomy":"product_tag","embeddable":true,"href":"https:\/\/www.fabioferro.eu\/de\/wp-json\/wp\/v2\/product_tag?post=118523"}],"curies":[{"name":"wp","href":"https:\/\/api.w.org\/{rel}","templated":true}]}}