{"id":118527,"date":"2019-02-16T11:12:58","date_gmt":"2019-02-16T10:12:58","guid":{"rendered":"https:\/\/www.fabioferro.eu\/festina-damenuhr-mademoiselle-schwarz-leder-kollektion-mit-strass-luenette.html"},"modified":"2019-02-16T11:12:58","modified_gmt":"2019-02-16T10:12:58","slug":"festina-damenuhr-mademoiselle-schwarz-leder-kollektion-mit-strass-luenette","status":"publish","type":"product","link":"https:\/\/www.fabioferro.eu\/de\/festina-damenuhr-mademoiselle-schwarz-leder-kollektion-mit-strass-luenette.html","title":{"rendered":"Festina Damenuhr Mademoiselle Schwarz Leder Kollektion mit Strass L\u00fcnette"},"content":{"rendered":"<p>Die Linie Festina Mademoiselle kleidet Frauen mit Eleganz und Raffinesse. F\u00fcr die Frau, die im Alltag nicht auf ihre Weiblichkeit verzichten will, aber gleichzeitig praktisch und robust sein m\u00f6chte. Die Mademoiselle-Linie bietet all dies!<\/p>\n<p>Festina Damenuhr Mademoiselle Collection Schwarzes Leder mit Strass-L\u00fcnette.<\/p>\n<p>Analoges Quarzwerk mit reiner Zeitmessung.<\/p>\n<p>Rundes 30-mm-Edelstahlgeh\u00e4use, 7 mm dick. Geh\u00e4useboden aus Stahl druckfest verriegelt und resistent bis zu einer Tiefe von 5 atm\/50 Metern. Die wasserdichte Krone ist ebenfalls aus Edelstahl.<\/p>\n<p>Geh\u00e4rtetes Mineralglas.<\/p>\n<p>Gl\u00e4nzend schwarzes Zifferblatt mit silberfarbenen Indexen und Zeigern. Festina-Marke bei 12 Uhr gestempelt.<\/p>\n<p>Ein bleigraues Lederarmband mit einem klassischen Schnallenverschluss.<\/p>\n<p>Neuer Artikel mit elegantem Etui und original Festina Zweijahresgarantie.<\/p>\n<p>Ich stelle eine Quittung und\/oder Rechnung aus.<\/p>\n<p>&nbsp;<\/p>\n<p>&nbsp;<\/p>\n","protected":false},"excerpt":{"rendered":"<p>Festina Damenuhr Mademoiselle Schwarz Leder Kollektion mit Strass L\u00fcnette<\/p>\n","protected":false},"featured_media":118538,"comment_status":"open","ping_status":"closed","template":"","meta":[],"product_brand":[171],"product_cat":[5976],"product_tag":[],"class_list":{"0":"post-118527","1":"product","2":"type-product","3":"status-publish","4":"has-post-thumbnail","6":"product_brand-festina","7":"product_cat-festina-damenuhren","9":"first","10":"outofstock","11":"sale","12":"taxable","13":"shipping-taxable","14":"purchasable","15":"product-type-simple"},"exclude_global_add_ons":[],"addons":[],"df_price":71.2,"df_sale_price":71.2,"df_regular_price":89,"df_image_link":"https:\/\/cdn02.fabioferro.eu\/wp-content\/uploads\/virtuemart\/product\/f20388_3__1550338947_542.jpg","_links":{"self":[{"href":"https:\/\/www.fabioferro.eu\/de\/wp-json\/wp\/v2\/product\/118527","targetHints":{"allow":["GET"]}}],"collection":[{"href":"https:\/\/www.fabioferro.eu\/de\/wp-json\/wp\/v2\/product"}],"about":[{"href":"https:\/\/www.fabioferro.eu\/de\/wp-json\/wp\/v2\/types\/product"}],"replies":[{"embeddable":true,"href":"https:\/\/www.fabioferro.eu\/de\/wp-json\/wp\/v2\/comments?post=118527"}],"version-history":[{"count":0,"href":"https:\/\/www.fabioferro.eu\/de\/wp-json\/wp\/v2\/product\/118527\/revisions"}],"wp:featuredmedia":[{"embeddable":true,"href":"https:\/\/www.fabioferro.eu\/de\/wp-json\/wp\/v2\/media\/118538"}],"wp:attachment":[{"href":"https:\/\/www.fabioferro.eu\/de\/wp-json\/wp\/v2\/media?parent=118527"}],"wp:term":[{"taxonomy":"product_brand","embeddable":true,"href":"https:\/\/www.fabioferro.eu\/de\/wp-json\/wp\/v2\/product_brand?post=118527"},{"taxonomy":"product_cat","embeddable":true,"href":"https:\/\/www.fabioferro.eu\/de\/wp-json\/wp\/v2\/product_cat?post=118527"},{"taxonomy":"product_tag","embeddable":true,"href":"https:\/\/www.fabioferro.eu\/de\/wp-json\/wp\/v2\/product_tag?post=118527"}],"curies":[{"name":"wp","href":"https:\/\/api.w.org\/{rel}","templated":true}]}}