{"id":118554,"date":"2019-02-08T15:04:20","date_gmt":"2019-02-08T14:04:20","guid":{"rendered":"https:\/\/www.fabioferro.eu\/fabio-ferro-kelch-weissgold-verlobungsring-mit-diamant-015-karat.html"},"modified":"2025-05-02T17:55:36","modified_gmt":"2025-05-02T15:55:36","slug":"fabio-ferro-kelch-weissgold-verlobungsring-mit-diamant-015-karat","status":"publish","type":"product","link":"https:\/\/www.fabioferro.eu\/de\/fabio-ferro-kelch-weissgold-verlobungsring-mit-diamant-015-karat.html","title":{"rendered":"Verlobungsring Fabio Ferro Wei\u00dfgold Kelch mit 0,15 Karat Diamant"},"content":{"rendered":"<div class=\"description\">\n<div class=\"col-xs-12\">\n<div class=\"product-bottom-cont\">\n<div class=\"row row-condensed\">\n<div class=\"col-sm-12\">\n<div class=\"product-tabpanel\" role=\"tabpanel\">\n<div class=\"tab-content\">\n<div id=\"tab-product-desc\" class=\"tab-pane fade in active\" role=\"tabpanel\">\n<div class=\"description\">\n<div class=\"description\">\n<div class=\"description\">\n<div class=\"description\">\n<div class=\"description\">\n<p>Verlobungsring, der in unserer Goldschmiedewerkstatt entworfen und von Hand gefertigt wurde.<\/p>\n<p>Das Schmuckst\u00fcck ist vollst\u00e4ndig aus 18 Karat Wei\u00dfgold gefertigt, mit einem Gesamtgewicht von 1,66 g.<\/p>\n<p>Klassisches Modell in einer Fassung mit 4 linearen Riffs, die mit ihren &#8220;Galerien&#8221; den Blick auf den Diamanten bis zum Pavillon freigibt.<\/p>\n<p>Der Ring ist mit einem Solit\u00e4rdiamanten im Brillantschliff mit einem Gesamtgewicht von 0,15 Karat besetzt, Farbe G und Reinheit VS1.<\/p>\n<p>Schmuckst\u00fcck mit Etui und signiertem Garantie- und Echtheitszertifikat Fabio Ferro.<\/p>\n<p>&nbsp;<\/p>\n<p><img decoding=\"async\" class=\"alignnone size-full wp-image-68675\" src=\"https:\/\/cdn02.fabioferro.eu\/wp-content\/uploads\/IGI-4cs-chart-IT-scaled.jpg\" alt=\"\" width=\"1864\" height=\"2560\" title=\"\" srcset=\"https:\/\/cdn02.fabioferro.eu\/wp-content\/uploads\/IGI-4cs-chart-IT-scaled.jpg 1864w, https:\/\/cdn02.fabioferro.eu\/wp-content\/uploads\/IGI-4cs-chart-IT-768x1055.jpg 768w, https:\/\/cdn02.fabioferro.eu\/wp-content\/uploads\/IGI-4cs-chart-IT-1119x1536.jpg 1119w, https:\/\/cdn02.fabioferro.eu\/wp-content\/uploads\/IGI-4cs-chart-IT-1491x2048.jpg 1491w, https:\/\/cdn02.fabioferro.eu\/wp-content\/uploads\/IGI-4cs-chart-IT-990x1359.jpg 990w, https:\/\/cdn02.fabioferro.eu\/wp-content\/uploads\/IGI-4cs-chart-IT-441x606.jpg 441w, https:\/\/cdn02.fabioferro.eu\/wp-content\/uploads\/IGI-4cs-chart-IT-600x824.jpg 600w, https:\/\/cdn02.fabioferro.eu\/wp-content\/uploads\/IGI-4cs-chart-IT-150x206.jpg 150w\" sizes=\"(max-width: 1864px) 100vw, 1864px\" \/><\/p>\n<\/div>\n<\/div>\n<\/div>\n<\/div>\n<\/div>\n<\/div>\n<\/div>\n<\/div>\n<\/div>\n<\/div>\n<\/div>\n<\/div>\n<\/div>\n","protected":false},"excerpt":{"rendered":"<p>Schlichter und eleganter Rahmen, der der Phantasie der Tr\u00e4gerin Raum l\u00e4sst.<\/p>\n","protected":false},"featured_media":117637,"comment_status":"open","ping_status":"closed","template":"","meta":[],"product_brand":[152],"product_cat":[6021],"product_tag":[],"class_list":{"0":"post-118554","1":"product","2":"type-product","3":"status-publish","4":"has-post-thumbnail","6":"product_brand-fabio-ferro-i-gioielli","7":"product_cat-verlobungsringe","9":"first","10":"instock","11":"sale","12":"taxable","13":"shipping-taxable","14":"purchasable","15":"product-type-variable","16":"has-default-attributes"},"exclude_global_add_ons":[],"addons":[],"df_price":816,"df_sale_price":"","df_regular_price":816,"df_image_link":"https:\/\/cdn02.fabioferro.eu\/wp-content\/uploads\/anello-di-fidanzamento-fabio-ferro-in-oro-bianco-e-diamanti-ff1032.jpg","_links":{"self":[{"href":"https:\/\/www.fabioferro.eu\/de\/wp-json\/wp\/v2\/product\/118554","targetHints":{"allow":["GET"]}}],"collection":[{"href":"https:\/\/www.fabioferro.eu\/de\/wp-json\/wp\/v2\/product"}],"about":[{"href":"https:\/\/www.fabioferro.eu\/de\/wp-json\/wp\/v2\/types\/product"}],"replies":[{"embeddable":true,"href":"https:\/\/www.fabioferro.eu\/de\/wp-json\/wp\/v2\/comments?post=118554"}],"version-history":[{"count":0,"href":"https:\/\/www.fabioferro.eu\/de\/wp-json\/wp\/v2\/product\/118554\/revisions"}],"wp:featuredmedia":[{"embeddable":true,"href":"https:\/\/www.fabioferro.eu\/de\/wp-json\/wp\/v2\/media\/117637"}],"wp:attachment":[{"href":"https:\/\/www.fabioferro.eu\/de\/wp-json\/wp\/v2\/media?parent=118554"}],"wp:term":[{"taxonomy":"product_brand","embeddable":true,"href":"https:\/\/www.fabioferro.eu\/de\/wp-json\/wp\/v2\/product_brand?post=118554"},{"taxonomy":"product_cat","embeddable":true,"href":"https:\/\/www.fabioferro.eu\/de\/wp-json\/wp\/v2\/product_cat?post=118554"},{"taxonomy":"product_tag","embeddable":true,"href":"https:\/\/www.fabioferro.eu\/de\/wp-json\/wp\/v2\/product_tag?post=118554"}],"curies":[{"name":"wp","href":"https:\/\/api.w.org\/{rel}","templated":true}]}}