{"id":118570,"date":"2019-02-16T08:45:21","date_gmt":"2019-02-16T07:45:21","guid":{"rendered":"https:\/\/www.fabioferro.eu\/festina-herren-chrono-modell-uhr-in-vergoldetem-stahl-mm-44-3-mit-blauem-zifferblatt.html"},"modified":"2025-06-06T16:21:27","modified_gmt":"2025-06-06T14:21:27","slug":"festina-herren-chrono-modell-uhr-in-vergoldetem-stahl-mm-44-3-mit-blauem-zifferblatt","status":"publish","type":"product","link":"https:\/\/www.fabioferro.eu\/de\/festina-herren-chrono-modell-uhr-in-vergoldetem-stahl-mm-44-3-mit-blauem-zifferblatt.html","title":{"rendered":"Festina Chrono Vergoldete Stahluhr Blaues Zifferblatt 43 mm"},"content":{"rendered":"<p>Uhr Modell Festina Chrono aus vergoldetem Stahl.<\/p>\n<p>Analoges Quarz-Chronographenwerk.<\/p>\n<p>Geh\u00e4rtetes Mineralglas.<\/p>\n<p>Geh\u00e4use aus Edelstahl und vergoldet 44,3 mm Durchmesser, wasserdicht. Sie verf\u00fcgt \u00fcber zwei Pump-Chrono-Dr\u00fccker, Stundenzeiger und drei kleine Zifferbl\u00e4tter, die Stunden, Sekunden und Minuten anzeigen.<\/p>\n<p>Das elektroblaue Zifferblatt verf\u00fcgt \u00fcber eine Datumsanzeige, drei Zeiger f\u00fcr Stunden, Minuten und Sekunden, die aus vergoldetem Stahl gefertigt sind und aus Leuchtstoff bestehen, um die Zeit bei Nacht ablesen zu k\u00f6nnen.<\/p>\n<p>Armband aus satiniertem\/poliertem und vergoldetem Stahl mit Druckknopfverschluss und Sicherheitsverschluss mit Festina-Logo.<\/p>\n<p>Neue Uhr mit Box und original Festina 2 Jahre Garantie.<\/p>\n<p>&nbsp;<\/p>\n<p>&nbsp;<\/p>\n<p>&nbsp;<\/p>\n","protected":false},"excerpt":{"rendered":"<p>Festina Herren Chrono Modell Uhr in vergoldetem Stahl MM. 44.3 mit blauem Zifferblatt<\/p>\n","protected":false},"featured_media":118599,"comment_status":"open","ping_status":"closed","template":"","meta":[],"product_brand":[171],"product_cat":[5998],"product_tag":[7442],"class_list":{"0":"post-118570","1":"product","2":"type-product","3":"status-publish","4":"has-post-thumbnail","6":"product_brand-festina","7":"product_cat-festina-herrenuhren","8":"product_tag-verfugbar","10":"first","11":"instock","12":"sale","13":"taxable","14":"shipping-taxable","15":"purchasable","16":"product-type-simple"},"exclude_global_add_ons":[],"addons":[],"df_price":183.2,"df_sale_price":183.2,"df_regular_price":229,"df_image_link":"https:\/\/cdn02.fabioferro.eu\/wp-content\/uploads\/virtuemart\/product\/f20363_2__1550339101_902.jpg","_links":{"self":[{"href":"https:\/\/www.fabioferro.eu\/de\/wp-json\/wp\/v2\/product\/118570","targetHints":{"allow":["GET"]}}],"collection":[{"href":"https:\/\/www.fabioferro.eu\/de\/wp-json\/wp\/v2\/product"}],"about":[{"href":"https:\/\/www.fabioferro.eu\/de\/wp-json\/wp\/v2\/types\/product"}],"replies":[{"embeddable":true,"href":"https:\/\/www.fabioferro.eu\/de\/wp-json\/wp\/v2\/comments?post=118570"}],"version-history":[{"count":0,"href":"https:\/\/www.fabioferro.eu\/de\/wp-json\/wp\/v2\/product\/118570\/revisions"}],"wp:featuredmedia":[{"embeddable":true,"href":"https:\/\/www.fabioferro.eu\/de\/wp-json\/wp\/v2\/media\/118599"}],"wp:attachment":[{"href":"https:\/\/www.fabioferro.eu\/de\/wp-json\/wp\/v2\/media?parent=118570"}],"wp:term":[{"taxonomy":"product_brand","embeddable":true,"href":"https:\/\/www.fabioferro.eu\/de\/wp-json\/wp\/v2\/product_brand?post=118570"},{"taxonomy":"product_cat","embeddable":true,"href":"https:\/\/www.fabioferro.eu\/de\/wp-json\/wp\/v2\/product_cat?post=118570"},{"taxonomy":"product_tag","embeddable":true,"href":"https:\/\/www.fabioferro.eu\/de\/wp-json\/wp\/v2\/product_tag?post=118570"}],"curies":[{"name":"wp","href":"https:\/\/api.w.org\/{rel}","templated":true}]}}