{"id":118664,"date":"2019-01-26T10:46:18","date_gmt":"2019-01-26T09:46:18","guid":{"rendered":"https:\/\/www.fabioferro.eu\/giovanni-raspini-925-sterling-silber-herz-zusammen-fuer-immer-charme.html"},"modified":"2019-01-26T10:46:18","modified_gmt":"2019-01-26T09:46:18","slug":"giovanni-raspini-925-sterling-silber-herz-zusammen-fuer-immer-charme","status":"publish","type":"product","link":"https:\/\/www.fabioferro.eu\/de\/giovanni-raspini-925-sterling-silber-herz-zusammen-fuer-immer-charme.html","title":{"rendered":"Giovanni Raspini 925 Sterling Silber Herz zusammen f\u00fcr immer Charme"},"content":{"rendered":"<div class=\"description\">\n<div class=\"description\">\n<div class=\"description\">\n<p>Herzf\u00f6rmiger Giovanni Raspini Charm aus 925\/1000 Silber mit Gravur Insieme Per Sempre.<\/p>\n<p>Hergestellt in Italien &#8211; handgefertigt.<\/p>\n<p>Die Abmessungen des Herzens sind 30x28x1,75 mm dick.<\/p>\n<p>Ausgestattet mit einer 9 mm gro\u00dfen, offenen Perle, die als Anh\u00e4nger an einem Armband oder einfach an einer Kette angebracht werden kann.<\/p>\n<p>Wenn du dieses Herz einzigartig machen m\u00f6chtest, kannst du es mit einer Gravur auf der R\u00fcckseite personalisieren; ein Name, Initialen oder ein Datum, was m\u00f6chtest du in dein Herz schreiben? Schreiben Sie es in die Rubrik Notizen in der Bestellung. Die Gravur ist kostenlos.<\/p>\n<p>Neues Schmuckst\u00fcck mit original Giovanni Raspini Etui und Garantie.<\/p>\n<p>Ausstellen einer Quittung und\/oder Rechnung<\/p>\n<\/div>\n<\/div>\n<\/div>\n","protected":false},"excerpt":{"rendered":"<p>Giovanni Raspini Silber Herzanh\u00e4nger mit Gravur Insieme Per Sempre<\/p>\n","protected":false},"featured_media":118670,"comment_status":"open","ping_status":"closed","template":"","meta":[],"product_brand":[155],"product_cat":[7575,7576],"product_tag":[],"class_list":{"0":"post-118664","1":"product","2":"type-product","3":"status-publish","4":"has-post-thumbnail","6":"product_brand-raspini","7":"product_cat-do-it-yourself-schmuck-giovanni-raspini","8":"product_cat-giovanni-raspini-reize","10":"first","11":"instock","12":"sale","13":"taxable","14":"shipping-taxable","15":"purchasable","16":"product-type-simple"},"exclude_global_add_ons":[],"addons":[],"df_price":72,"df_sale_price":72,"df_regular_price":80,"df_image_link":"https:\/\/cdn02.fabioferro.eu\/wp-content\/uploads\/virtuemart\/product\/charm-cuore-giovanni-raspini-insieme-per-sempre-9915.jpg","_links":{"self":[{"href":"https:\/\/www.fabioferro.eu\/de\/wp-json\/wp\/v2\/product\/118664","targetHints":{"allow":["GET"]}}],"collection":[{"href":"https:\/\/www.fabioferro.eu\/de\/wp-json\/wp\/v2\/product"}],"about":[{"href":"https:\/\/www.fabioferro.eu\/de\/wp-json\/wp\/v2\/types\/product"}],"replies":[{"embeddable":true,"href":"https:\/\/www.fabioferro.eu\/de\/wp-json\/wp\/v2\/comments?post=118664"}],"version-history":[{"count":0,"href":"https:\/\/www.fabioferro.eu\/de\/wp-json\/wp\/v2\/product\/118664\/revisions"}],"wp:featuredmedia":[{"embeddable":true,"href":"https:\/\/www.fabioferro.eu\/de\/wp-json\/wp\/v2\/media\/118670"}],"wp:attachment":[{"href":"https:\/\/www.fabioferro.eu\/de\/wp-json\/wp\/v2\/media?parent=118664"}],"wp:term":[{"taxonomy":"product_brand","embeddable":true,"href":"https:\/\/www.fabioferro.eu\/de\/wp-json\/wp\/v2\/product_brand?post=118664"},{"taxonomy":"product_cat","embeddable":true,"href":"https:\/\/www.fabioferro.eu\/de\/wp-json\/wp\/v2\/product_cat?post=118664"},{"taxonomy":"product_tag","embeddable":true,"href":"https:\/\/www.fabioferro.eu\/de\/wp-json\/wp\/v2\/product_tag?post=118664"}],"curies":[{"name":"wp","href":"https:\/\/api.w.org\/{rel}","templated":true}]}}