{"id":118674,"date":"2019-01-30T18:15:51","date_gmt":"2019-01-30T17:15:51","guid":{"rendered":"https:\/\/www.fabioferro.eu\/tibetisches-tamashii-armband-aus-blauer-jade-auf-blauer-kordelbasis.html"},"modified":"2024-09-18T16:50:49","modified_gmt":"2024-09-18T14:50:49","slug":"tibetisches-tamashii-armband-aus-blauer-jade-auf-blauer-kordelbasis","status":"publish","type":"product","link":"https:\/\/www.fabioferro.eu\/de\/tibetisches-tamashii-armband-aus-blauer-jade-auf-blauer-kordelbasis.html","title":{"rendered":"Tibetisches Tamashii-Armband aus blauer Jade auf blauer Kordelbasis"},"content":{"rendered":"<div class=\"description\">\n<div class=\"description\">\n<div class=\"description\">  Tamashii Armb\u00e4nder werden aus <b>Natursteinen <\/b>handgefertigt <b>und <\/b>k\u00f6nnen sich im Farbton leicht von den Abbildungen unterscheiden. Originales tibetisches Tamashii-Armband mit hellblauer Jade f\u00fcr Unisex. Jade ist ein Edelstein, dessen Name sich vom spanischen pedra de ijada ableitet, was so viel wie &#8220;Stein der H\u00fcften&#8221; bedeutet, da seine wohltuende Wirkung auf die Lenden und Nieren anerkannt ist. Sie vermittelt viele Tugenden, darunter Wohlwollen, Loyalit\u00e4t, H\u00f6flichkeit und Aufrichtigkeit. Die blaue Variante ist ideal, wenn Sie Ihren Geist beruhigen und die Ruhe f\u00f6rdern m\u00f6chten.  <\/p>\n<div class=\"description\">  Das Armband ist handgekn\u00fcpft mit blauer Kordel, 12 Kugeln aus sehr hellblauer nat\u00fcrlicher Jade mit einem Durchmesser von 8,00 mm. Die Gesamtl\u00e4nge des Armbands betr\u00e4gt 24,00 cm, aber es kann auch bis zu 18,00 cm getragen werden. Praktischer Knopfverschluss aus Metall. Neues Produkt in Originalverpackung mit Tamashii-Echtheitsgarantie. Ich stelle eine Quittung und\/oder Rechnung aus. <\/div>\n<\/div>\n<\/div>\n<\/div>\n","protected":false},"excerpt":{"rendered":"<p>Tamashii-Armband mit hellblauer Jade und blauer Kordel<\/p>\n","protected":false},"featured_media":118678,"comment_status":"open","ping_status":"closed","template":"","meta":[],"product_brand":[199],"product_cat":[6318],"product_tag":[],"class_list":{"0":"post-118674","1":"product","2":"type-product","3":"status-publish","4":"has-post-thumbnail","6":"product_brand-tamashii","7":"product_cat-tamashii","9":"first","10":"instock","11":"taxable","12":"shipping-taxable","13":"purchasable","14":"product-type-simple"},"exclude_global_add_ons":[],"addons":[],"df_price":42,"df_sale_price":"","df_regular_price":42,"df_image_link":"https:\/\/cdn02.fabioferro.eu\/wp-content\/uploads\/virtuemart\/product\/bracciale-tamashii-tibetano-giada-azzurra-BLUES900-225.jpg","_links":{"self":[{"href":"https:\/\/www.fabioferro.eu\/de\/wp-json\/wp\/v2\/product\/118674","targetHints":{"allow":["GET"]}}],"collection":[{"href":"https:\/\/www.fabioferro.eu\/de\/wp-json\/wp\/v2\/product"}],"about":[{"href":"https:\/\/www.fabioferro.eu\/de\/wp-json\/wp\/v2\/types\/product"}],"replies":[{"embeddable":true,"href":"https:\/\/www.fabioferro.eu\/de\/wp-json\/wp\/v2\/comments?post=118674"}],"version-history":[{"count":0,"href":"https:\/\/www.fabioferro.eu\/de\/wp-json\/wp\/v2\/product\/118674\/revisions"}],"wp:featuredmedia":[{"embeddable":true,"href":"https:\/\/www.fabioferro.eu\/de\/wp-json\/wp\/v2\/media\/118678"}],"wp:attachment":[{"href":"https:\/\/www.fabioferro.eu\/de\/wp-json\/wp\/v2\/media?parent=118674"}],"wp:term":[{"taxonomy":"product_brand","embeddable":true,"href":"https:\/\/www.fabioferro.eu\/de\/wp-json\/wp\/v2\/product_brand?post=118674"},{"taxonomy":"product_cat","embeddable":true,"href":"https:\/\/www.fabioferro.eu\/de\/wp-json\/wp\/v2\/product_cat?post=118674"},{"taxonomy":"product_tag","embeddable":true,"href":"https:\/\/www.fabioferro.eu\/de\/wp-json\/wp\/v2\/product_tag?post=118674"}],"curies":[{"name":"wp","href":"https:\/\/api.w.org\/{rel}","templated":true}]}}