{"id":118677,"date":"2018-11-29T17:24:16","date_gmt":"2018-11-29T16:24:16","guid":{"rendered":"https:\/\/www.fabioferro.eu\/charme-giovanni-raspini-befana-strumpf.html"},"modified":"2018-11-29T17:24:16","modified_gmt":"2018-11-29T16:24:16","slug":"charme-giovanni-raspini-befana-strumpf","status":"publish","type":"product","link":"https:\/\/www.fabioferro.eu\/de\/charme-giovanni-raspini-befana-strumpf.html","title":{"rendered":"Charme Giovanni Raspini Befana Strumpf"},"content":{"rendered":"<p>Giovanni Raspini Charme in 925\/1000 Sterling Silber Befana&#8217;s Strumpf Geschenke.<\/p>\n<p>Handgefertigtes Produkt &#8211; Made in Italy.<\/p>\n<p>Der Anh\u00e4nger ist 15x6x2 mm gro\u00df. Mit der Gegenperle misst der Anh\u00e4nger 2,40 cm. Die offene Gegenperle erm\u00f6glicht es, den Anh\u00e4nger an einem Rollarmband zu befestigen oder in eine Halskette einzuf\u00fcgen.<\/p>\n<p>Original Giovanni Raspini Box und Garantie.<\/p>\n","protected":false},"excerpt":{"rendered":"<p>Giovanni Raspini Charme in 925 Silber Befana Strumpf<\/p>\n","protected":false},"featured_media":118701,"comment_status":"open","ping_status":"closed","template":"","meta":[],"product_brand":[155],"product_cat":[7575,7576,7578],"product_tag":[],"class_list":{"0":"post-118677","1":"product","2":"type-product","3":"status-publish","4":"has-post-thumbnail","6":"product_brand-raspini","7":"product_cat-do-it-yourself-schmuck-giovanni-raspini","8":"product_cat-giovanni-raspini-reize","9":"product_cat-raspini-charms-fur-veranstaltung-de","11":"first","12":"instock","13":"sale","14":"taxable","15":"shipping-taxable","16":"purchasable","17":"product-type-simple"},"exclude_global_add_ons":[],"addons":[],"df_price":36,"df_sale_price":36,"df_regular_price":40,"df_image_link":"https:\/\/cdn02.fabioferro.eu\/wp-content\/uploads\/charm-giovanni-raspini-calza-befana-10422.jpg","_links":{"self":[{"href":"https:\/\/www.fabioferro.eu\/de\/wp-json\/wp\/v2\/product\/118677","targetHints":{"allow":["GET"]}}],"collection":[{"href":"https:\/\/www.fabioferro.eu\/de\/wp-json\/wp\/v2\/product"}],"about":[{"href":"https:\/\/www.fabioferro.eu\/de\/wp-json\/wp\/v2\/types\/product"}],"replies":[{"embeddable":true,"href":"https:\/\/www.fabioferro.eu\/de\/wp-json\/wp\/v2\/comments?post=118677"}],"version-history":[{"count":0,"href":"https:\/\/www.fabioferro.eu\/de\/wp-json\/wp\/v2\/product\/118677\/revisions"}],"wp:featuredmedia":[{"embeddable":true,"href":"https:\/\/www.fabioferro.eu\/de\/wp-json\/wp\/v2\/media\/118701"}],"wp:attachment":[{"href":"https:\/\/www.fabioferro.eu\/de\/wp-json\/wp\/v2\/media?parent=118677"}],"wp:term":[{"taxonomy":"product_brand","embeddable":true,"href":"https:\/\/www.fabioferro.eu\/de\/wp-json\/wp\/v2\/product_brand?post=118677"},{"taxonomy":"product_cat","embeddable":true,"href":"https:\/\/www.fabioferro.eu\/de\/wp-json\/wp\/v2\/product_cat?post=118677"},{"taxonomy":"product_tag","embeddable":true,"href":"https:\/\/www.fabioferro.eu\/de\/wp-json\/wp\/v2\/product_tag?post=118677"}],"curies":[{"name":"wp","href":"https:\/\/api.w.org\/{rel}","templated":true}]}}