{"id":118685,"date":"2018-11-10T17:17:13","date_gmt":"2018-11-10T16:17:13","guid":{"rendered":"https:\/\/www.fabioferro.eu\/herrenhalsband-comete-schmuck-aus-stahl-und-braunem-haematit-life-collection-laenge-cm-50.html"},"modified":"2025-06-06T16:01:38","modified_gmt":"2025-06-06T14:01:38","slug":"herrenhalsband-comete-schmuck-aus-stahl-und-braunem-haematit-life-collection-laenge-cm-50","status":"publish","type":"product","link":"https:\/\/www.fabioferro.eu\/de\/herrenhalsband-comete-schmuck-aus-stahl-und-braunem-haematit-life-collection-laenge-cm-50.html","title":{"rendered":"Herrenhalsband Comete Schmuck aus Stahl und braunem H\u00e4matit Life Collection L\u00e4nge cm. 50"},"content":{"rendered":"<div class=\"description\">\n<div class=\"description\">\n<p>Comete Gioielli Herrenhalskette der neuen Life Kollektion aus Edelstahl mit braunem H\u00e4matit.<\/p>\n<p>In Italien hergestelltes Produkt.<\/p>\n<p>Weiche Halskette mit Stahldrahtbasis. Braune H\u00e4matit-W\u00fcrfel mit einem Durchmesser von 2,70 mm wechseln sich mit satinierten Stahl-Donuts ab. In der Mitte der Halskette befindet sich ein runder, doppelseitiger Anh\u00e4nger mit einem Durchmesser von 8 mm und einer Dicke von 3 mm, der den Baum der Welt darstellt.<\/p>\n<p>Die Gesamtl\u00e4nge der Kette betr\u00e4gt 55,00 cm, kann aber dank einer Ringverl\u00e4ngerung am Ende der Kette bis zu 50,00 cm getragen werden.<\/p>\n<p>Verschluss mit praktischem Karabinerhaken.<\/p>\n<p>Neues Schmuckst\u00fcck mit Box und offizieller Comete Gioielli Garantie.<\/p>\n<\/div>\n<\/div>\n","protected":false},"excerpt":{"rendered":"<p>Comete Herrenhalsband der Life-Kollektion aus Stahl und braunem H\u00e4matit mit Baum des Lebens<\/p>\n","protected":false},"featured_media":118702,"comment_status":"open","ping_status":"closed","template":"","meta":[],"product_brand":[157],"product_cat":[6338],"product_tag":[7551,7442],"class_list":{"0":"post-118685","1":"product","2":"type-product","3":"status-publish","4":"has-post-thumbnail","6":"product_brand-comete","7":"product_cat-comete-herren-halsketten","8":"product_tag-ausschlusse","9":"product_tag-verfugbar","11":"first","12":"instock","13":"taxable","14":"shipping-taxable","15":"purchasable","16":"product-type-simple"},"exclude_global_add_ons":[],"addons":[],"df_price":69,"df_sale_price":"","df_regular_price":69,"df_image_link":"https:\/\/cdn02.fabioferro.eu\/wp-content\/uploads\/virtuemart\/product\/collana-comete-uomo-acciaio-ematite-marrone-UGL640.jpg","_links":{"self":[{"href":"https:\/\/www.fabioferro.eu\/de\/wp-json\/wp\/v2\/product\/118685","targetHints":{"allow":["GET"]}}],"collection":[{"href":"https:\/\/www.fabioferro.eu\/de\/wp-json\/wp\/v2\/product"}],"about":[{"href":"https:\/\/www.fabioferro.eu\/de\/wp-json\/wp\/v2\/types\/product"}],"replies":[{"embeddable":true,"href":"https:\/\/www.fabioferro.eu\/de\/wp-json\/wp\/v2\/comments?post=118685"}],"version-history":[{"count":0,"href":"https:\/\/www.fabioferro.eu\/de\/wp-json\/wp\/v2\/product\/118685\/revisions"}],"wp:featuredmedia":[{"embeddable":true,"href":"https:\/\/www.fabioferro.eu\/de\/wp-json\/wp\/v2\/media\/118702"}],"wp:attachment":[{"href":"https:\/\/www.fabioferro.eu\/de\/wp-json\/wp\/v2\/media?parent=118685"}],"wp:term":[{"taxonomy":"product_brand","embeddable":true,"href":"https:\/\/www.fabioferro.eu\/de\/wp-json\/wp\/v2\/product_brand?post=118685"},{"taxonomy":"product_cat","embeddable":true,"href":"https:\/\/www.fabioferro.eu\/de\/wp-json\/wp\/v2\/product_cat?post=118685"},{"taxonomy":"product_tag","embeddable":true,"href":"https:\/\/www.fabioferro.eu\/de\/wp-json\/wp\/v2\/product_tag?post=118685"}],"curies":[{"name":"wp","href":"https:\/\/api.w.org\/{rel}","templated":true}]}}