{"id":118704,"date":"2019-01-26T10:29:39","date_gmt":"2019-01-26T09:29:39","guid":{"rendered":"https:\/\/www.fabioferro.eu\/giovanni-raspini-herz-charme-ich-liebe-dich.html"},"modified":"2025-06-06T16:04:19","modified_gmt":"2025-06-06T14:04:19","slug":"giovanni-raspini-herz-charme-ich-liebe-dich","status":"publish","type":"product","link":"https:\/\/www.fabioferro.eu\/de\/giovanni-raspini-herz-charme-ich-liebe-dich.html","title":{"rendered":"Giovanni Raspini Herz Charme Ich liebe dich"},"content":{"rendered":"<div class=\"description\">\n<div class=\"description\">  Herzf\u00f6rmiger Giovanni Raspini Charm aus 925\/1000 Silber mit I Love You Gravur Made in Italy &#8211; handgefertigt.<br \/>\nDie Abmessungen des Herzens sind mm. 29x30x1,5 dick. Es hat einen offenen Trikotdurchmesser von mm. 9, damit es als Anh\u00e4nger an einem Armband oder einfach an einer Halskette angebracht werden kann. Wenn Sie dieses Herz einzigartig machen m\u00f6chten, k\u00f6nnen Sie es mit einer Gravur auf der R\u00fcckseite personalisieren; ein Name, Initialen oder ein Datum, was m\u00f6chten Sie in Ihr Herz schreiben?  Schreiben Sie es in die Rubrik Notizen in der Bestellung. Die Gravur ist kostenlos. Neuer Artikel mit original Giovanni Raspini Box und Garantie.  <\/div>\n<\/div>\n","protected":false},"excerpt":{"rendered":"<p>I Love You Herzanh\u00e4nger aus 925er Silber Giovanni Raspini<\/p>\n","protected":false},"featured_media":118712,"comment_status":"open","ping_status":"closed","template":"","meta":[],"product_brand":[155],"product_cat":[7575,7576],"product_tag":[],"class_list":{"0":"post-118704","1":"product","2":"type-product","3":"status-publish","4":"has-post-thumbnail","6":"product_brand-raspini","7":"product_cat-do-it-yourself-schmuck-giovanni-raspini","8":"product_cat-giovanni-raspini-reize","10":"first","11":"instock","12":"sale","13":"taxable","14":"shipping-taxable","15":"purchasable","16":"product-type-simple"},"exclude_global_add_ons":[],"addons":[],"df_price":72,"df_sale_price":72,"df_regular_price":80,"df_image_link":"https:\/\/cdn02.fabioferro.eu\/wp-content\/uploads\/virtuemart\/product\/charm-cuore-i-love-you-9914.jpg","_links":{"self":[{"href":"https:\/\/www.fabioferro.eu\/de\/wp-json\/wp\/v2\/product\/118704","targetHints":{"allow":["GET"]}}],"collection":[{"href":"https:\/\/www.fabioferro.eu\/de\/wp-json\/wp\/v2\/product"}],"about":[{"href":"https:\/\/www.fabioferro.eu\/de\/wp-json\/wp\/v2\/types\/product"}],"replies":[{"embeddable":true,"href":"https:\/\/www.fabioferro.eu\/de\/wp-json\/wp\/v2\/comments?post=118704"}],"version-history":[{"count":0,"href":"https:\/\/www.fabioferro.eu\/de\/wp-json\/wp\/v2\/product\/118704\/revisions"}],"wp:featuredmedia":[{"embeddable":true,"href":"https:\/\/www.fabioferro.eu\/de\/wp-json\/wp\/v2\/media\/118712"}],"wp:attachment":[{"href":"https:\/\/www.fabioferro.eu\/de\/wp-json\/wp\/v2\/media?parent=118704"}],"wp:term":[{"taxonomy":"product_brand","embeddable":true,"href":"https:\/\/www.fabioferro.eu\/de\/wp-json\/wp\/v2\/product_brand?post=118704"},{"taxonomy":"product_cat","embeddable":true,"href":"https:\/\/www.fabioferro.eu\/de\/wp-json\/wp\/v2\/product_cat?post=118704"},{"taxonomy":"product_tag","embeddable":true,"href":"https:\/\/www.fabioferro.eu\/de\/wp-json\/wp\/v2\/product_tag?post=118704"}],"curies":[{"name":"wp","href":"https:\/\/api.w.org\/{rel}","templated":true}]}}