{"id":118711,"date":"2018-11-10T15:53:08","date_gmt":"2018-11-10T14:53:08","guid":{"rendered":"https:\/\/www.fabioferro.eu\/herrenarmband-comete-gioielli-in-stahl-und-braunem-haematit-life-collection-laenge-19-cm.html"},"modified":"2024-04-12T09:19:19","modified_gmt":"2024-04-12T07:19:19","slug":"herrenarmband-comete-gioielli-in-stahl-und-braunem-haematit-life-collection-laenge-19-cm","status":"publish","type":"product","link":"https:\/\/www.fabioferro.eu\/de\/herrenarmband-comete-gioielli-in-stahl-und-braunem-haematit-life-collection-laenge-19-cm.html","title":{"rendered":"Herrenarmband Comete Gioielli In Stahl und braunem H\u00e4matit Life Collection L\u00e4nge 19 cm."},"content":{"rendered":"<div class=\"description\">\n<p>Comete Gioielli Herrenarmband der neuen Life Kollektion aus Edelstahl mit braunem H\u00e4matit.<\/p>\n<p>Weicher Armreif mit Stahldrahtbasis. Es wechseln sich braune H\u00e4matitw\u00fcrfel mit einem Durchmesser von 2,80 mm mit satinierten Stahlw\u00fcrfeln ab. Runder Kerndurchmesser 8 mm, Dicke 3 mm, beidseitig mit dem Baum des Lebens versehen.<\/p>\n<p>Die Gesamtl\u00e4nge des Armbands betr\u00e4gt 21,00 cm, kann aber dank einer Verl\u00e4ngerung der Ringe am Ende des Armbands bis zu 18,00 cm getragen werden.<\/p>\n<p>Verschluss mit praktischem Karabinerhaken.<\/p>\n<p>Neues Schmuckst\u00fcck mit Box und offizieller Comete Gioielli Garantie.<\/p>\n<\/div>\n","protected":false},"excerpt":{"rendered":"<p>Comete Gioielli Herrenarmband der Kollektion Life aus Stahl und braunem H\u00e4matit<\/p>\n","protected":false},"featured_media":118720,"comment_status":"open","ping_status":"closed","template":"","meta":[],"product_brand":[157],"product_cat":[6341],"product_tag":[],"class_list":{"0":"post-118711","1":"product","2":"type-product","3":"status-publish","4":"has-post-thumbnail","6":"product_brand-comete","7":"product_cat-comete-armbander-manner","9":"first","10":"outofstock","11":"sale","12":"taxable","13":"shipping-taxable","14":"purchasable","15":"product-type-simple"},"exclude_global_add_ons":[],"addons":[],"df_price":35.1,"df_sale_price":35.1,"df_regular_price":39,"df_image_link":"https:\/\/cdn02.fabioferro.eu\/wp-content\/uploads\/virtuemart\/product\/bracciale-comete-uomo-UBR892-acciaio-ematite-marrone.jpg","_links":{"self":[{"href":"https:\/\/www.fabioferro.eu\/de\/wp-json\/wp\/v2\/product\/118711","targetHints":{"allow":["GET"]}}],"collection":[{"href":"https:\/\/www.fabioferro.eu\/de\/wp-json\/wp\/v2\/product"}],"about":[{"href":"https:\/\/www.fabioferro.eu\/de\/wp-json\/wp\/v2\/types\/product"}],"replies":[{"embeddable":true,"href":"https:\/\/www.fabioferro.eu\/de\/wp-json\/wp\/v2\/comments?post=118711"}],"version-history":[{"count":0,"href":"https:\/\/www.fabioferro.eu\/de\/wp-json\/wp\/v2\/product\/118711\/revisions"}],"wp:featuredmedia":[{"embeddable":true,"href":"https:\/\/www.fabioferro.eu\/de\/wp-json\/wp\/v2\/media\/118720"}],"wp:attachment":[{"href":"https:\/\/www.fabioferro.eu\/de\/wp-json\/wp\/v2\/media?parent=118711"}],"wp:term":[{"taxonomy":"product_brand","embeddable":true,"href":"https:\/\/www.fabioferro.eu\/de\/wp-json\/wp\/v2\/product_brand?post=118711"},{"taxonomy":"product_cat","embeddable":true,"href":"https:\/\/www.fabioferro.eu\/de\/wp-json\/wp\/v2\/product_cat?post=118711"},{"taxonomy":"product_tag","embeddable":true,"href":"https:\/\/www.fabioferro.eu\/de\/wp-json\/wp\/v2\/product_tag?post=118711"}],"curies":[{"name":"wp","href":"https:\/\/api.w.org\/{rel}","templated":true}]}}