{"id":118713,"date":"2019-01-30T16:57:32","date_gmt":"2019-01-30T15:57:32","guid":{"rendered":"https:\/\/www.fabioferro.eu\/tibetisches-tamashii-armband-aus-dunkelblauem-gestreiften-achat-auf-blauer-schnurgrundlage.html"},"modified":"2024-09-18T16:50:46","modified_gmt":"2024-09-18T14:50:46","slug":"tibetisches-tamashii-armband-aus-dunkelblauem-gestreiften-achat-auf-blauer-schnurgrundlage","status":"publish","type":"product","link":"https:\/\/www.fabioferro.eu\/de\/tibetisches-tamashii-armband-aus-dunkelblauem-gestreiften-achat-auf-blauer-schnurgrundlage.html","title":{"rendered":"Tibetisches Tamashii Armband aus dunkelblauem gestreiften Achat auf blauer Kordelbasis"},"content":{"rendered":"<div class=\"description\">\n<div class=\"description\">\n<div class=\"description\">  Tamashii Armb\u00e4nder werden aus <b>nat\u00fcrlichen Steinen<\/b> handgefertigt, daher k\u00f6nnen die Farbt\u00f6ne leicht von den Fotos abweichen. Unisex Original tibetisches Tamashii Armband mit dunkelblau gestreiftem Achat . Blau ist die wichtigste Farbe im Buddhismus, mehr noch als die Farbe Gold. Es steht f\u00fcr Aufstieg und Weisheit, Wahrheit, Hingabe, Glaube, Reinheit, Keuschheit, Frieden, geistiges und intellektuelles Leben. Die Rillen, die jedem Stein seine Einzigartigkeit verleihen, werden als Metapher gesehen, um die grundlegende Gleichheit aller Lebewesen zu betonen.  <\/p>\n<div class=\"description\">  Das Armband ist gezackt und mit blauer Kordel handgekn\u00fcpft. 12 dunkelblaue Achatkugeln, Durchmesser 8,00 mm. Die Gesamtl\u00e4nge des Armbands betr\u00e4gt 24,00 cm, aber es kann auch bis zu 18,00 cm getragen werden. Praktischer Knopfverschluss aus Metall. Neues Produkt in der Originalverpackung mit Tamashii-Echtheitsgarantie. Ich stelle eine Quittung und\/oder Rechnung aus. <\/div>\n<\/div>\n<\/div>\n<\/div>\n","protected":false},"excerpt":{"rendered":"<p>Tamashii-Armband aus dunkelblauem gestreiften Achat auf blauer Kordel<\/p>\n","protected":false},"featured_media":118749,"comment_status":"open","ping_status":"closed","template":"","meta":[],"product_brand":[199],"product_cat":[6318],"product_tag":[],"class_list":{"0":"post-118713","1":"product","2":"type-product","3":"status-publish","4":"has-post-thumbnail","6":"product_brand-tamashii","7":"product_cat-tamashii","9":"first","10":"instock","11":"taxable","12":"shipping-taxable","13":"purchasable","14":"product-type-simple"},"exclude_global_add_ons":[],"addons":[],"df_price":42,"df_sale_price":"","df_regular_price":42,"df_image_link":"https:\/\/cdn02.fabioferro.eu\/wp-content\/uploads\/virtuemart\/product\/bracciale-tamashii-cordino-blu-agata-blu-BLUES900-216.jpg","_links":{"self":[{"href":"https:\/\/www.fabioferro.eu\/de\/wp-json\/wp\/v2\/product\/118713","targetHints":{"allow":["GET"]}}],"collection":[{"href":"https:\/\/www.fabioferro.eu\/de\/wp-json\/wp\/v2\/product"}],"about":[{"href":"https:\/\/www.fabioferro.eu\/de\/wp-json\/wp\/v2\/types\/product"}],"replies":[{"embeddable":true,"href":"https:\/\/www.fabioferro.eu\/de\/wp-json\/wp\/v2\/comments?post=118713"}],"version-history":[{"count":0,"href":"https:\/\/www.fabioferro.eu\/de\/wp-json\/wp\/v2\/product\/118713\/revisions"}],"wp:featuredmedia":[{"embeddable":true,"href":"https:\/\/www.fabioferro.eu\/de\/wp-json\/wp\/v2\/media\/118749"}],"wp:attachment":[{"href":"https:\/\/www.fabioferro.eu\/de\/wp-json\/wp\/v2\/media?parent=118713"}],"wp:term":[{"taxonomy":"product_brand","embeddable":true,"href":"https:\/\/www.fabioferro.eu\/de\/wp-json\/wp\/v2\/product_brand?post=118713"},{"taxonomy":"product_cat","embeddable":true,"href":"https:\/\/www.fabioferro.eu\/de\/wp-json\/wp\/v2\/product_cat?post=118713"},{"taxonomy":"product_tag","embeddable":true,"href":"https:\/\/www.fabioferro.eu\/de\/wp-json\/wp\/v2\/product_tag?post=118713"}],"curies":[{"name":"wp","href":"https:\/\/api.w.org\/{rel}","templated":true}]}}