{"id":118805,"date":"2018-11-10T17:31:43","date_gmt":"2018-11-10T16:31:43","guid":{"rendered":"https:\/\/www.fabioferro.eu\/herrenhalsband-comete-schmuck-aus-stahl-und-haematit-gun-metal-life-collection-laenge-50-cm.html"},"modified":"2024-04-12T09:19:11","modified_gmt":"2024-04-12T07:19:11","slug":"herrenhalsband-comete-schmuck-aus-stahl-und-haematit-gun-metal-life-collection-laenge-50-cm","status":"publish","type":"product","link":"https:\/\/www.fabioferro.eu\/de\/herrenhalsband-comete-schmuck-aus-stahl-und-haematit-gun-metal-life-collection-laenge-50-cm.html","title":{"rendered":"Herrenhalsband Comete Schmuck aus Stahl und H\u00e4matit Gun Metal Life Collection L\u00e4nge 50 cm."},"content":{"rendered":"<div class=\"description\">\n<div class=\"description\">\n<div class=\"description\">\n<p>Comete Gioielli Herren-Halskette der neuen Life-Kollektion aus Edelstahl mit Gun Metal H\u00e4matit.<\/p>\n<p>In Italien hergestelltes Produkt.<\/p>\n<p>Weiche Halskette mit Stahlkabelbasis. Satinierte metallfarbene H\u00e4matitw\u00fcrfel mit einem Durchmesser von 2,70 mm wechseln sich mit satinierten Stahlw\u00fcrfeln ab. In der Mitte der Halskette befindet sich ein runder, doppelseitiger Anh\u00e4nger mit einem Durchmesser von 8 mm und einer Dicke von 3 mm, auf dem die Windrose abgebildet ist.<\/p>\n<p>Die Gesamtl\u00e4nge der Kette betr\u00e4gt 55,00 cm, kann aber dank einer Ringverl\u00e4ngerung am Ende der Kette bis zu 50,00 cm getragen werden.<\/p>\n<p>Verschluss mit praktischem Karabinerhaken.<\/p>\n<p>Neues Schmuckst\u00fcck mit Box und offizieller Comete Gioielli Garantie.<\/p>\n<\/div>\n<\/div>\n<\/div>\n","protected":false},"excerpt":{"rendered":"<p>Comete Gioielli Herrenhalsband der neuen Life-Kollektion aus Stahl und Gun Metal H\u00e4matit<\/p>\n","protected":false},"featured_media":118809,"comment_status":"open","ping_status":"closed","template":"","meta":[],"product_brand":[157],"product_cat":[6338],"product_tag":[],"class_list":{"0":"post-118805","1":"product","2":"type-product","3":"status-publish","4":"has-post-thumbnail","6":"product_brand-comete","7":"product_cat-comete-herren-halsketten","9":"first","10":"outofstock","11":"sale","12":"taxable","13":"shipping-taxable","14":"purchasable","15":"product-type-simple"},"exclude_global_add_ons":[],"addons":[],"df_price":53.1,"df_sale_price":53.1,"df_regular_price":59,"df_image_link":"https:\/\/cdn02.fabioferro.eu\/wp-content\/uploads\/virtuemart\/product\/collana-comete-uomo-acciaio-ematite-gun-metal-UGL641.jpg","_links":{"self":[{"href":"https:\/\/www.fabioferro.eu\/de\/wp-json\/wp\/v2\/product\/118805","targetHints":{"allow":["GET"]}}],"collection":[{"href":"https:\/\/www.fabioferro.eu\/de\/wp-json\/wp\/v2\/product"}],"about":[{"href":"https:\/\/www.fabioferro.eu\/de\/wp-json\/wp\/v2\/types\/product"}],"replies":[{"embeddable":true,"href":"https:\/\/www.fabioferro.eu\/de\/wp-json\/wp\/v2\/comments?post=118805"}],"version-history":[{"count":0,"href":"https:\/\/www.fabioferro.eu\/de\/wp-json\/wp\/v2\/product\/118805\/revisions"}],"wp:featuredmedia":[{"embeddable":true,"href":"https:\/\/www.fabioferro.eu\/de\/wp-json\/wp\/v2\/media\/118809"}],"wp:attachment":[{"href":"https:\/\/www.fabioferro.eu\/de\/wp-json\/wp\/v2\/media?parent=118805"}],"wp:term":[{"taxonomy":"product_brand","embeddable":true,"href":"https:\/\/www.fabioferro.eu\/de\/wp-json\/wp\/v2\/product_brand?post=118805"},{"taxonomy":"product_cat","embeddable":true,"href":"https:\/\/www.fabioferro.eu\/de\/wp-json\/wp\/v2\/product_cat?post=118805"},{"taxonomy":"product_tag","embeddable":true,"href":"https:\/\/www.fabioferro.eu\/de\/wp-json\/wp\/v2\/product_tag?post=118805"}],"curies":[{"name":"wp","href":"https:\/\/api.w.org\/{rel}","templated":true}]}}