{"id":118839,"date":"2018-10-23T14:16:01","date_gmt":"2018-10-23T12:16:01","guid":{"rendered":"https:\/\/www.fabioferro.eu\/giovanni-raspini-rose-weiss-bronze-rahmen-16-x-20-cm.html"},"modified":"2026-02-28T10:28:58","modified_gmt":"2026-02-28T09:28:58","slug":"giovanni-raspini-rose-weiss-bronze-rahmen-16-x-20-cm","status":"publish","type":"product","link":"https:\/\/www.fabioferro.eu\/de\/giovanni-raspini-rose-weiss-bronze-rahmen-16-x-20-cm.html","title":{"rendered":"Giovanni Raspini Rose Wei\u00df Bronze Rahmen 16 x 20 cm"},"content":{"rendered":"<div class=\"description\">\n<div class=\"description\">  Rahmen aus wei\u00dfer Bronze Kollektion Giovanni Raspini Rose. Der Rahmen ist 16&#215;20 cm gro\u00df. Bestehend aus Holzsockel cm. 16&#215;20 mit schwarzem Samt bezogen komplett mit R\u00fcckenst\u00fctze, Glasfront cm. 16&#215;20. 1 abnehmbarer Klippfu\u00df aus wei\u00dfer Bronze mit 6 wei\u00dfen Bronzerosen und 3 gl\u00e4nzenden roten Rosen. Der Sockel kann nach Belieben entfernt und senkrecht oder waagerecht zum Rahmen positioniert werden. Neuer Rahmen, begleitet von einem eleganten gl\u00e4nzenden schwarzen Krokodil-Etui mit offizieller Giovanni Raspini Garantie.  &nbsp;<\/p>\n<\/div>\n<\/div>\n","protected":false},"excerpt":{"rendered":"<p>Giovanni Raspini Wei\u00df Bronze Rahmen 16&#215;20 cm Rose Sammlung.<\/p>\n","protected":false},"featured_media":118845,"comment_status":"open","ping_status":"closed","template":"","meta":[],"product_brand":[],"product_cat":[6213,7620],"product_tag":[],"class_list":{"0":"post-118839","1":"product","2":"type-product","3":"status-publish","4":"has-post-thumbnail","6":"product_cat-begunstigungen","7":"product_cat-outlet-schmuck","9":"first","10":"instock","11":"sale","12":"taxable","13":"shipping-taxable","14":"purchasable","15":"product-type-simple"},"exclude_global_add_ons":[],"addons":[],"df_price":202.5,"df_sale_price":202.5,"df_regular_price":225,"df_image_link":"https:\/\/cdn02.fabioferro.eu\/wp-content\/uploads\/virtuemart\/product\/cornice-giovanni-raspini-bronzo-bianco-rose-B0687.jpg","_links":{"self":[{"href":"https:\/\/www.fabioferro.eu\/de\/wp-json\/wp\/v2\/product\/118839","targetHints":{"allow":["GET"]}}],"collection":[{"href":"https:\/\/www.fabioferro.eu\/de\/wp-json\/wp\/v2\/product"}],"about":[{"href":"https:\/\/www.fabioferro.eu\/de\/wp-json\/wp\/v2\/types\/product"}],"replies":[{"embeddable":true,"href":"https:\/\/www.fabioferro.eu\/de\/wp-json\/wp\/v2\/comments?post=118839"}],"version-history":[{"count":1,"href":"https:\/\/www.fabioferro.eu\/de\/wp-json\/wp\/v2\/product\/118839\/revisions"}],"predecessor-version":[{"id":212099,"href":"https:\/\/www.fabioferro.eu\/de\/wp-json\/wp\/v2\/product\/118839\/revisions\/212099"}],"wp:featuredmedia":[{"embeddable":true,"href":"https:\/\/www.fabioferro.eu\/de\/wp-json\/wp\/v2\/media\/118845"}],"wp:attachment":[{"href":"https:\/\/www.fabioferro.eu\/de\/wp-json\/wp\/v2\/media?parent=118839"}],"wp:term":[{"taxonomy":"product_brand","embeddable":true,"href":"https:\/\/www.fabioferro.eu\/de\/wp-json\/wp\/v2\/product_brand?post=118839"},{"taxonomy":"product_cat","embeddable":true,"href":"https:\/\/www.fabioferro.eu\/de\/wp-json\/wp\/v2\/product_cat?post=118839"},{"taxonomy":"product_tag","embeddable":true,"href":"https:\/\/www.fabioferro.eu\/de\/wp-json\/wp\/v2\/product_tag?post=118839"}],"curies":[{"name":"wp","href":"https:\/\/api.w.org\/{rel}","templated":true}]}}