{"id":118843,"date":"2018-11-08T14:58:05","date_gmt":"2018-11-08T13:58:05","guid":{"rendered":"https:\/\/www.fabioferro.eu\/fope-prima-collection-halskette-aus-weissgold-mit-diamanten-2.html"},"modified":"2026-01-09T16:30:18","modified_gmt":"2026-01-09T15:30:18","slug":"fope-prima-collection-halskette-aus-weissgold-mit-diamanten-2","status":"publish","type":"product","link":"https:\/\/www.fabioferro.eu\/de\/fope-prima-collection-halskette-aus-weissgold-mit-diamanten-2.html","title":{"rendered":"Fope Prima Collection Halskette aus Wei\u00dfgold mit Diamanten"},"content":{"rendered":"<div class=\"description\">\n<p>Elegantes und sehr feines Collier der Kollektion Fope Prima aus 18 Karat Wei\u00dfgold.<\/p>\n<p>V\u00f6llig handgefertigt, hergestellt in Italien.<\/p>\n<p>Das Netz ist weich und \u00e4u\u00dferst bequem, mit einem Durchmesser von 3 mm.<\/p>\n<p>Modell Friar mit doppelten Krawatten-Details. Die beiden absteigenden Teile tragen acht feststehende Diamanten, die mit Brillanten von insgesamt 0,14 Karat besetzt sind.<\/p>\n<p>Die Steine zeichnen sich alle durch die Farbe G und den Reinheitsgrad VS1 aus.<\/p>\n<p>Die Halskette hat eine L\u00e4nge von 43 cm.<\/p>\n<p>Klassischer und praktischer &#8216;Rotor&#8217;-Karabinerverschluss, der ein Verdrehen der Kette verhindert.<\/p>\n<p>Das Juwel wird von einem eleganten Etui und der offiziellen Fope-Garantie begleitet.<\/p>\n<p><img decoding=\"async\" class=\"alignnone size-full wp-image-204889\" src=\"http:\/\/cdn02.fabioferro.eu\/wp-content\/uploads\/misure-collane-fope-internazionale.jpg\" alt=\"\" width=\"1500\" height=\"1875\" title=\"\" srcset=\"https:\/\/cdn02.fabioferro.eu\/wp-content\/uploads\/misure-collane-fope-internazionale.jpg 1500w, https:\/\/cdn02.fabioferro.eu\/wp-content\/uploads\/misure-collane-fope-internazionale-768x960.jpg 768w, https:\/\/cdn02.fabioferro.eu\/wp-content\/uploads\/misure-collane-fope-internazionale-1229x1536.jpg 1229w, https:\/\/cdn02.fabioferro.eu\/wp-content\/uploads\/misure-collane-fope-internazionale-990x1238.jpg 990w, https:\/\/cdn02.fabioferro.eu\/wp-content\/uploads\/misure-collane-fope-internazionale-441x551.jpg 441w, https:\/\/cdn02.fabioferro.eu\/wp-content\/uploads\/misure-collane-fope-internazionale-600x750.jpg 600w, https:\/\/cdn02.fabioferro.eu\/wp-content\/uploads\/misure-collane-fope-internazionale-150x188.jpg 150w\" sizes=\"(max-width: 1500px) 100vw, 1500px\" \/><\/p>\n<\/div>\n","protected":false},"excerpt":{"rendered":"<p>Ein Schmuckst\u00fcck, das sich durch seine Formen und Farben, die die reinste Sch\u00f6nheit widerspiegeln, erz\u00e4hlen l\u00e4sst.<\/p>\n","protected":false},"featured_media":118847,"comment_status":"open","ping_status":"closed","template":"","meta":[],"product_brand":[154],"product_cat":[6203],"product_tag":[],"class_list":{"0":"post-118843","1":"product","2":"type-product","3":"status-publish","4":"has-post-thumbnail","6":"product_brand-fope","7":"product_cat-fope-halsketten","9":"first","10":"instock","11":"taxable","12":"shipping-taxable","13":"purchasable","14":"product-type-variable","15":"has-default-attributes"},"exclude_global_add_ons":[],"addons":[],"df_price":5990,"df_sale_price":"","df_regular_price":5990,"df_image_link":"https:\/\/cdn02.fabioferro.eu\/wp-content\/uploads\/virtuemart\/product\/collana_fope_collezione_solo_in_oro_bianco_746C_BBR_B__1593852981_65.jpg","_links":{"self":[{"href":"https:\/\/www.fabioferro.eu\/de\/wp-json\/wp\/v2\/product\/118843","targetHints":{"allow":["GET"]}}],"collection":[{"href":"https:\/\/www.fabioferro.eu\/de\/wp-json\/wp\/v2\/product"}],"about":[{"href":"https:\/\/www.fabioferro.eu\/de\/wp-json\/wp\/v2\/types\/product"}],"replies":[{"embeddable":true,"href":"https:\/\/www.fabioferro.eu\/de\/wp-json\/wp\/v2\/comments?post=118843"}],"version-history":[{"count":1,"href":"https:\/\/www.fabioferro.eu\/de\/wp-json\/wp\/v2\/product\/118843\/revisions"}],"predecessor-version":[{"id":206805,"href":"https:\/\/www.fabioferro.eu\/de\/wp-json\/wp\/v2\/product\/118843\/revisions\/206805"}],"wp:featuredmedia":[{"embeddable":true,"href":"https:\/\/www.fabioferro.eu\/de\/wp-json\/wp\/v2\/media\/118847"}],"wp:attachment":[{"href":"https:\/\/www.fabioferro.eu\/de\/wp-json\/wp\/v2\/media?parent=118843"}],"wp:term":[{"taxonomy":"product_brand","embeddable":true,"href":"https:\/\/www.fabioferro.eu\/de\/wp-json\/wp\/v2\/product_brand?post=118843"},{"taxonomy":"product_cat","embeddable":true,"href":"https:\/\/www.fabioferro.eu\/de\/wp-json\/wp\/v2\/product_cat?post=118843"},{"taxonomy":"product_tag","embeddable":true,"href":"https:\/\/www.fabioferro.eu\/de\/wp-json\/wp\/v2\/product_tag?post=118843"}],"curies":[{"name":"wp","href":"https:\/\/api.w.org\/{rel}","templated":true}]}}