{"id":118862,"date":"2018-11-02T15:16:02","date_gmt":"2018-11-02T14:16:02","guid":{"rendered":"https:\/\/www.fabioferro.eu\/original-tibetisches-tamashii-armband-mit-lapislazuli-blau.html"},"modified":"2024-09-18T16:40:32","modified_gmt":"2024-09-18T14:40:32","slug":"original-tibetisches-tamashii-armband-mit-lapislazuli-blau","status":"publish","type":"product","link":"https:\/\/www.fabioferro.eu\/de\/original-tibetisches-tamashii-armband-mit-lapislazuli-blau.html","title":{"rendered":"Original tibetisches Tamashii-Armband mit Lapislazuli Blau"},"content":{"rendered":"<div class=\"description\">\n<div class=\"description\">  Tamashii-Produkte, die mit <b>nat\u00fcrlichen Steinen\/Perlen<\/b> handgefertigt werden, k\u00f6nnen Farbt\u00f6ne aufweisen, die leicht von den Fotos abweichen. Original tibetisches Tamashii Unisex-Armband mit nat\u00fcrlichem blauen Lapislazuli.  &nbsp;  Seit den Anf\u00e4ngen der Zivilisation ist der Lapislazuli einer der wertvollsten und ber\u00fchmtesten Steine. Er wurde von den mesopotamischen V\u00f6lkern h\u00e4ufig bei Ritualen verwendet und galt als der Ort, an dem sich die reinste Essenz des G\u00f6ttlichen befand. Das Tragen des Lapislazuli-Steins tr\u00e4gt zur Integrit\u00e4t und Ehrlichkeit einer Person bei, indem er ihr hilft, mit den in der Vergangenheit getroffenen Entscheidungen im Einklang zu bleiben.  &nbsp;  Das Armband ist mit 12 Kugeln aus nat\u00fcrlichem Lapislazuli mit einem Durchmesser von 8,00 mm besetzt und handgekn\u00fcpft. Die Gesamtl\u00e4nge des Armbands betr\u00e4gt 24,00 cm, aber es kann auch bis zu 18,00 cm getragen werden. Praktischer Knopfverschluss aus Metall. Was dieses Schmuckst\u00fcck einzigartig macht, ist die Tatsache, dass es in Tibet hergestellt und von M\u00f6nchen gesegnet wurde. Neues Produkt in Originalverpackung mit authentischer Tamashii-Garantie. Ich stelle eine Quittung und\/oder Rechnung aus. <\/div>\n<\/div>\n","protected":false},"excerpt":{"rendered":"<p>Tamashii-Armband aus blauem Lapislazuli<\/p>\n","protected":false},"featured_media":118872,"comment_status":"open","ping_status":"closed","template":"","meta":[],"product_brand":[199],"product_cat":[6318],"product_tag":[],"class_list":{"0":"post-118862","1":"product","2":"type-product","3":"status-publish","4":"has-post-thumbnail","6":"product_brand-tamashii","7":"product_cat-tamashii","9":"first","10":"instock","11":"taxable","12":"shipping-taxable","13":"purchasable","14":"product-type-simple"},"exclude_global_add_ons":[],"addons":[],"df_price":49,"df_sale_price":"","df_regular_price":49,"df_image_link":"https:\/\/cdn02.fabioferro.eu\/wp-content\/uploads\/virtuemart\/product\/bracciale-tamashi-lapislazzuli-blu-BHS900-43.jpg","_links":{"self":[{"href":"https:\/\/www.fabioferro.eu\/de\/wp-json\/wp\/v2\/product\/118862","targetHints":{"allow":["GET"]}}],"collection":[{"href":"https:\/\/www.fabioferro.eu\/de\/wp-json\/wp\/v2\/product"}],"about":[{"href":"https:\/\/www.fabioferro.eu\/de\/wp-json\/wp\/v2\/types\/product"}],"replies":[{"embeddable":true,"href":"https:\/\/www.fabioferro.eu\/de\/wp-json\/wp\/v2\/comments?post=118862"}],"version-history":[{"count":0,"href":"https:\/\/www.fabioferro.eu\/de\/wp-json\/wp\/v2\/product\/118862\/revisions"}],"wp:featuredmedia":[{"embeddable":true,"href":"https:\/\/www.fabioferro.eu\/de\/wp-json\/wp\/v2\/media\/118872"}],"wp:attachment":[{"href":"https:\/\/www.fabioferro.eu\/de\/wp-json\/wp\/v2\/media?parent=118862"}],"wp:term":[{"taxonomy":"product_brand","embeddable":true,"href":"https:\/\/www.fabioferro.eu\/de\/wp-json\/wp\/v2\/product_brand?post=118862"},{"taxonomy":"product_cat","embeddable":true,"href":"https:\/\/www.fabioferro.eu\/de\/wp-json\/wp\/v2\/product_cat?post=118862"},{"taxonomy":"product_tag","embeddable":true,"href":"https:\/\/www.fabioferro.eu\/de\/wp-json\/wp\/v2\/product_tag?post=118862"}],"curies":[{"name":"wp","href":"https:\/\/api.w.org\/{rel}","templated":true}]}}