{"id":118865,"date":"2018-11-08T16:24:25","date_gmt":"2018-11-08T15:24:25","guid":{"rendered":"https:\/\/www.fabioferro.eu\/fope-flex-it-armband-prima-collection-in-weissgold-mit-diamanten-3.html"},"modified":"2026-01-09T16:30:22","modified_gmt":"2026-01-09T15:30:22","slug":"fope-flex-it-armband-prima-collection-in-weissgold-mit-diamanten-3","status":"publish","type":"product","link":"https:\/\/www.fabioferro.eu\/de\/fope-flex-it-armband-prima-collection-in-weissgold-mit-diamanten-3.html","title":{"rendered":"Fope Flex It Armband Prima Collection in Wei\u00dfgold mit Diamanten"},"content":{"rendered":"<div class=\"description\">\n<p>Armband der Kollektion Fope Prima mit Flex&#8217;it-Glied, komplett aus Wei\u00dfgold. Vollst\u00e4ndig handgefertigt, made in Italy. Das elastische Flex&#8217;it-Glied ist von Fope patentiert und hat einen Durchmesser von 3 mm. Das zentrale Motiv besteht aus beweglichen Gliedern aus Wei\u00dfgold.<\/p>\n<p>Es ist mit Diamanten im Brillantschliff von insgesamt 0,15 Karat besetzt, Farbe G und Reinheit VS1. Die Federn, die zur Herstellung des Armbands verwendet werden, sind ebenfalls aus Gold. Das Schmuckst\u00fcck wird von einem eleganten Etui und der internationalen Garantie von Fope begleitet.<\/p>\n<p><img decoding=\"async\" class=\"alignnone size-full wp-image-205465\" src=\"http:\/\/cdn02.fabioferro.eu\/wp-content\/uploads\/tabelle-misure-bracciali.jpg\" alt=\"\" width=\"1900\" height=\"153\" title=\"\" srcset=\"https:\/\/cdn02.fabioferro.eu\/wp-content\/uploads\/tabelle-misure-bracciali.jpg 1900w, https:\/\/cdn02.fabioferro.eu\/wp-content\/uploads\/tabelle-misure-bracciali-768x62.jpg 768w, https:\/\/cdn02.fabioferro.eu\/wp-content\/uploads\/tabelle-misure-bracciali-1536x124.jpg 1536w, https:\/\/cdn02.fabioferro.eu\/wp-content\/uploads\/tabelle-misure-bracciali-990x80.jpg 990w, https:\/\/cdn02.fabioferro.eu\/wp-content\/uploads\/tabelle-misure-bracciali-441x36.jpg 441w, https:\/\/cdn02.fabioferro.eu\/wp-content\/uploads\/tabelle-misure-bracciali-600x48.jpg 600w, https:\/\/cdn02.fabioferro.eu\/wp-content\/uploads\/tabelle-misure-bracciali-150x12.jpg 150w\" sizes=\"(max-width: 1900px) 100vw, 1900px\" \/><\/p>\n<\/div>\n","protected":false},"excerpt":{"rendered":"<p>Extreme Eleganz und Raffinesse, immer verf\u00fcgbar f\u00fcr jede Frau, die Fope tragen m\u00f6chte.<\/p>\n","protected":false},"featured_media":118874,"comment_status":"open","ping_status":"closed","template":"","meta":[],"product_brand":[154],"product_cat":[6161],"product_tag":[],"class_list":{"0":"post-118865","1":"product","2":"type-product","3":"status-publish","4":"has-post-thumbnail","6":"product_brand-fope","7":"product_cat-fope-armbander","9":"first","10":"instock","11":"taxable","12":"shipping-taxable","13":"purchasable","14":"product-type-variable","15":"has-default-attributes"},"exclude_global_add_ons":[],"addons":[],"df_price":3590,"df_sale_price":"","df_regular_price":3590,"df_image_link":"https:\/\/cdn02.fabioferro.eu\/wp-content\/uploads\/virtuemart\/product\/bracciale_fope_collezione_prima_in_oro_bianco_e_diamanti_747B_BBR_B__1594288125_58.jpg","_links":{"self":[{"href":"https:\/\/www.fabioferro.eu\/de\/wp-json\/wp\/v2\/product\/118865","targetHints":{"allow":["GET"]}}],"collection":[{"href":"https:\/\/www.fabioferro.eu\/de\/wp-json\/wp\/v2\/product"}],"about":[{"href":"https:\/\/www.fabioferro.eu\/de\/wp-json\/wp\/v2\/types\/product"}],"replies":[{"embeddable":true,"href":"https:\/\/www.fabioferro.eu\/de\/wp-json\/wp\/v2\/comments?post=118865"}],"version-history":[{"count":1,"href":"https:\/\/www.fabioferro.eu\/de\/wp-json\/wp\/v2\/product\/118865\/revisions"}],"predecessor-version":[{"id":206809,"href":"https:\/\/www.fabioferro.eu\/de\/wp-json\/wp\/v2\/product\/118865\/revisions\/206809"}],"wp:featuredmedia":[{"embeddable":true,"href":"https:\/\/www.fabioferro.eu\/de\/wp-json\/wp\/v2\/media\/118874"}],"wp:attachment":[{"href":"https:\/\/www.fabioferro.eu\/de\/wp-json\/wp\/v2\/media?parent=118865"}],"wp:term":[{"taxonomy":"product_brand","embeddable":true,"href":"https:\/\/www.fabioferro.eu\/de\/wp-json\/wp\/v2\/product_brand?post=118865"},{"taxonomy":"product_cat","embeddable":true,"href":"https:\/\/www.fabioferro.eu\/de\/wp-json\/wp\/v2\/product_cat?post=118865"},{"taxonomy":"product_tag","embeddable":true,"href":"https:\/\/www.fabioferro.eu\/de\/wp-json\/wp\/v2\/product_tag?post=118865"}],"curies":[{"name":"wp","href":"https:\/\/api.w.org\/{rel}","templated":true}]}}