{"id":118888,"date":"2018-10-23T15:58:03","date_gmt":"2018-10-23T13:58:03","guid":{"rendered":"https:\/\/www.fabioferro.eu\/925-sterling-silber-giovanni-raspini-volleyball-charme.html"},"modified":"2024-07-25T17:48:33","modified_gmt":"2024-07-25T15:48:33","slug":"925-sterling-silber-giovanni-raspini-volleyball-charme","status":"publish","type":"product","link":"https:\/\/www.fabioferro.eu\/de\/925-sterling-silber-giovanni-raspini-volleyball-charme.html","title":{"rendered":"925 Sterling Silber Giovanni Raspini Volleyball Charme"},"content":{"rendered":"<p>Giovanni Raspini 925 Sterling Silber Charm in Form eines Volleyballs. Die Kugel hat einen Durchmesser von 11 mm und misst mit dem Gegengewicht 2,20 cm in der L\u00e4nge. Der Charm wird mit einem offenen Gegenring geliefert, der an rollbaren Maschenarmb\u00e4ndern angebracht oder einfach auf rattenschwanzartige Armb\u00e4nder aufgef\u00e4delt werden kann. Neue Charme mit original Giovanni Raspini Box und Garantie.<\/p>\n","protected":false},"excerpt":{"rendered":"<p>Giovanni Raspini 925 Sterling Silber Volleyball Charme<\/p>\n","protected":false},"featured_media":118919,"comment_status":"open","ping_status":"closed","template":"","meta":[],"product_brand":[155],"product_cat":[7575,7576,7578],"product_tag":[7442],"class_list":{"0":"post-118888","1":"product","2":"type-product","3":"status-publish","4":"has-post-thumbnail","6":"product_brand-raspini","7":"product_cat-do-it-yourself-schmuck-giovanni-raspini","8":"product_cat-giovanni-raspini-reize","9":"product_cat-raspini-charms-fur-veranstaltung-de","10":"product_tag-verfugbar","12":"first","13":"instock","14":"sale","15":"taxable","16":"shipping-taxable","17":"purchasable","18":"product-type-simple"},"exclude_global_add_ons":[],"addons":[],"df_price":40.5,"df_sale_price":40.5,"df_regular_price":45,"df_image_link":"https:\/\/cdn02.fabioferro.eu\/wp-content\/uploads\/virtuemart\/product\/charm-pallavolo10441.jpg","_links":{"self":[{"href":"https:\/\/www.fabioferro.eu\/de\/wp-json\/wp\/v2\/product\/118888","targetHints":{"allow":["GET"]}}],"collection":[{"href":"https:\/\/www.fabioferro.eu\/de\/wp-json\/wp\/v2\/product"}],"about":[{"href":"https:\/\/www.fabioferro.eu\/de\/wp-json\/wp\/v2\/types\/product"}],"replies":[{"embeddable":true,"href":"https:\/\/www.fabioferro.eu\/de\/wp-json\/wp\/v2\/comments?post=118888"}],"version-history":[{"count":0,"href":"https:\/\/www.fabioferro.eu\/de\/wp-json\/wp\/v2\/product\/118888\/revisions"}],"wp:featuredmedia":[{"embeddable":true,"href":"https:\/\/www.fabioferro.eu\/de\/wp-json\/wp\/v2\/media\/118919"}],"wp:attachment":[{"href":"https:\/\/www.fabioferro.eu\/de\/wp-json\/wp\/v2\/media?parent=118888"}],"wp:term":[{"taxonomy":"product_brand","embeddable":true,"href":"https:\/\/www.fabioferro.eu\/de\/wp-json\/wp\/v2\/product_brand?post=118888"},{"taxonomy":"product_cat","embeddable":true,"href":"https:\/\/www.fabioferro.eu\/de\/wp-json\/wp\/v2\/product_cat?post=118888"},{"taxonomy":"product_tag","embeddable":true,"href":"https:\/\/www.fabioferro.eu\/de\/wp-json\/wp\/v2\/product_tag?post=118888"}],"curies":[{"name":"wp","href":"https:\/\/api.w.org\/{rel}","templated":true}]}}