{"id":118927,"date":"2018-10-10T14:52:32","date_gmt":"2018-10-10T12:52:32","guid":{"rendered":"https:\/\/www.fabioferro.eu\/festina-damenuhr-mademoiselle-in-stahl-und-weissen-zirkonen-gehaeuse-mm-31.html"},"modified":"2025-06-06T15:48:03","modified_gmt":"2025-06-06T13:48:03","slug":"festina-damenuhr-mademoiselle-in-stahl-und-weissen-zirkonen-gehaeuse-mm-31","status":"publish","type":"product","link":"https:\/\/www.fabioferro.eu\/de\/festina-damenuhr-mademoiselle-in-stahl-und-weissen-zirkonen-gehaeuse-mm-31.html","title":{"rendered":"Festina Damenuhr Mademoiselle in Stahl und wei\u00dfen Zirkonen Geh\u00e4use MM. 31"},"content":{"rendered":"<div class=\"description\">\n<div class=\"description\">\n<p>Festina Damenuhr Mademoiselle Kollektion aus poliertem Edelstahl mit Zirkonen.<\/p>\n<p>Analoges Quarzwerk nur f\u00fcr die Zeit.<\/p>\n<p>Geh\u00e4use aus poliertem Edelstahl, Durchmesser 31,00 mm, Dicke 7,00 mm. \u00c4u\u00dfere L\u00fcnette mit wei\u00dfen Zirkonen verziert. Wasserdichte Krone aus ger\u00e4ndeltem Stahl.<\/p>\n<p>Edelstahlboden mit Druckverschluss und wasserdicht bis 5 ATM.<\/p>\n<p>Mineralglas.<\/p>\n<p>Schwarzes Zifferblatt mit polierten Metallzeigern f\u00fcr Stunden und Minuten. Angewandte gl\u00e4nzende Indizes.<\/p>\n<p>Elegantes, poliertes Stahlarmband mit Kastenschlie\u00dfe mit zwei \u00d6ffnungskn\u00f6pfen.<\/p>\n<p>Neue Uhr mit Geh\u00e4use und original Festina zwei Jahre Garantie.<\/p>\n<p>Ich stelle eine Quittung und\/oder Rechnung aus.<\/p>\n<p>&nbsp;<\/p>\n<div class=\"custom\">\n<p><img decoding=\"async\" class=\" size-full wp-image-17129\" src=\"https:\/\/cdn02.fabioferro.eu\/wp-content\/uploads\/testi\/descrizione-orologi.png\" alt=\"Original-Uhren\" width=\"550\" height=\"150\" title=\"\" srcset=\"https:\/\/cdn02.fabioferro.eu\/wp-content\/uploads\/testi\/descrizione-orologi.png 550w, https:\/\/cdn02.fabioferro.eu\/wp-content\/uploads\/testi\/descrizione-orologi-150x41.png 150w, https:\/\/cdn02.fabioferro.eu\/wp-content\/uploads\/testi\/descrizione-orologi-441x120.png 441w\" sizes=\"(max-width: 550px) 100vw, 550px\" \/><\/p>\n<\/div>\n<\/div>\n<\/div>\n","protected":false},"excerpt":{"rendered":"<p>Festina Mademoiselle Damenuhr aus Stahl mit wei\u00dfen Zirkonia.<\/p>\n","protected":false},"featured_media":118945,"comment_status":"open","ping_status":"closed","template":"","meta":[],"product_brand":[171],"product_cat":[5976],"product_tag":[7442],"class_list":{"0":"post-118927","1":"product","2":"type-product","3":"status-publish","4":"has-post-thumbnail","6":"product_brand-festina","7":"product_cat-festina-damenuhren","8":"product_tag-verfugbar","10":"first","11":"instock","12":"sale","13":"taxable","14":"shipping-taxable","15":"purchasable","16":"product-type-simple"},"exclude_global_add_ons":[],"addons":[],"df_price":95.2,"df_sale_price":95.2,"df_regular_price":119,"df_image_link":"https:\/\/cdn02.fabioferro.eu\/wp-content\/uploads\/virtuemart\/product\/orologio-festina-donna-F20223-2.jpg","_links":{"self":[{"href":"https:\/\/www.fabioferro.eu\/de\/wp-json\/wp\/v2\/product\/118927","targetHints":{"allow":["GET"]}}],"collection":[{"href":"https:\/\/www.fabioferro.eu\/de\/wp-json\/wp\/v2\/product"}],"about":[{"href":"https:\/\/www.fabioferro.eu\/de\/wp-json\/wp\/v2\/types\/product"}],"replies":[{"embeddable":true,"href":"https:\/\/www.fabioferro.eu\/de\/wp-json\/wp\/v2\/comments?post=118927"}],"version-history":[{"count":0,"href":"https:\/\/www.fabioferro.eu\/de\/wp-json\/wp\/v2\/product\/118927\/revisions"}],"wp:featuredmedia":[{"embeddable":true,"href":"https:\/\/www.fabioferro.eu\/de\/wp-json\/wp\/v2\/media\/118945"}],"wp:attachment":[{"href":"https:\/\/www.fabioferro.eu\/de\/wp-json\/wp\/v2\/media?parent=118927"}],"wp:term":[{"taxonomy":"product_brand","embeddable":true,"href":"https:\/\/www.fabioferro.eu\/de\/wp-json\/wp\/v2\/product_brand?post=118927"},{"taxonomy":"product_cat","embeddable":true,"href":"https:\/\/www.fabioferro.eu\/de\/wp-json\/wp\/v2\/product_cat?post=118927"},{"taxonomy":"product_tag","embeddable":true,"href":"https:\/\/www.fabioferro.eu\/de\/wp-json\/wp\/v2\/product_tag?post=118927"}],"curies":[{"name":"wp","href":"https:\/\/api.w.org\/{rel}","templated":true}]}}