{"id":118952,"date":"2018-10-09T17:27:13","date_gmt":"2018-10-09T15:27:13","guid":{"rendered":"https:\/\/www.fabioferro.eu\/festina-damenuhr-mit-swarovski-kristallen-mademoiselle-kollektion-rose-gold-plattiert-mit-silber-zifferblatt.html"},"modified":"2018-10-09T17:27:13","modified_gmt":"2018-10-09T15:27:13","slug":"festina-damenuhr-mit-swarovski-kristallen-mademoiselle-kollektion-rose-gold-plattiert-mit-silber-zifferblatt","status":"publish","type":"product","link":"https:\/\/www.fabioferro.eu\/de\/festina-damenuhr-mit-swarovski-kristallen-mademoiselle-kollektion-rose-gold-plattiert-mit-silber-zifferblatt.html","title":{"rendered":"Festina Damenuhr mit Swarovski-Kristallen Mademoiselle Kollektion Rose Gold plattiert mit Silber Zifferblatt"},"content":{"rendered":"<div class=\"description\">\n<div class=\"description\">\n<div class=\"description\">\n<p>Festina Damenuhr der neuen Mademoiselle Kollektion aus ros\u00e9vergoldetem Stahl mit Swarovski-Kristallen.<\/p>\n<p>Analoges Quarzwerk mit reiner Zeitmessung.<\/p>\n<p>Rundes Geh\u00e4use aus poliertem, ros\u00e9vergoldetem Stahl mit einem Durchmesser von 30,00 mm und einer Dicke von 8,00 mm. Geh\u00e4useboden aus Edelstahl, druckfest verschlossen und wasserdicht bis 5 ATM. Wasserdichte ros\u00e9beschichtete Stahlkrone.<\/p>\n<p>Geh\u00e4rtetes Mineralglas.<\/p>\n<p>Das Zifferblatt ist mit einem echten Schauer aus wei\u00dfen Swarovski-Kristallen verziert. Stunden- und Minutenzeiger aus poliertem ros\u00e9farbenem Metall.<\/p>\n<p>Elegantes und raffiniertes Armband aus poliertem, ros\u00e9farbenem Stahl. Druckknopfverschluss mit zwei \u00d6ffnungskn\u00f6pfen.<\/p>\n<p>Neue Uhr mit elegantem Geh\u00e4use und original Festina Zweijahresgarantie. Swarovski-Echtheitssiegel.<\/p>\n<p>Ich stelle eine Quittung und\/oder Rechnung aus.<\/p>\n<p>\u00a0<\/p>\n<div class=\"custom\">\n<p><img decoding=\"async\" class=\" size-full wp-image-17129\" src=\"https:\/\/cdn02.fabioferro.eu\/wp-content\/uploads\/testi\/descrizione-orologi.png\" alt=\"Original-Uhren\" width=\"550\" height=\"150\" title=\"\" srcset=\"https:\/\/cdn02.fabioferro.eu\/wp-content\/uploads\/testi\/descrizione-orologi.png 550w, https:\/\/cdn02.fabioferro.eu\/wp-content\/uploads\/testi\/descrizione-orologi-150x41.png 150w, https:\/\/cdn02.fabioferro.eu\/wp-content\/uploads\/testi\/descrizione-orologi-441x120.png 441w\" sizes=\"(max-width: 550px) 100vw, 550px\" \/><\/p>\n<\/div>\n<\/div>\n<\/div>\n<\/div>\n","protected":false},"excerpt":{"rendered":"<p>Festina Damenuhr rosa vergoldet mit Swarovski-Kristallen<\/p>\n","protected":false},"featured_media":118953,"comment_status":"open","ping_status":"closed","template":"","meta":[],"product_brand":[171],"product_cat":[5976],"product_tag":[],"class_list":{"0":"post-118952","1":"product","2":"type-product","3":"status-publish","4":"has-post-thumbnail","6":"product_brand-festina","7":"product_cat-festina-damenuhren","9":"first","10":"outofstock","11":"sale","12":"taxable","13":"shipping-taxable","14":"purchasable","15":"product-type-simple"},"exclude_global_add_ons":[],"addons":[],"df_price":103.2,"df_sale_price":103.2,"df_regular_price":129,"df_image_link":"https:\/\/cdn02.fabioferro.eu\/wp-content\/uploads\/virtuemart\/product\/orologio-festina-donna-F20384-1-placcato-rosa-swarovski.jpg","_links":{"self":[{"href":"https:\/\/www.fabioferro.eu\/de\/wp-json\/wp\/v2\/product\/118952","targetHints":{"allow":["GET"]}}],"collection":[{"href":"https:\/\/www.fabioferro.eu\/de\/wp-json\/wp\/v2\/product"}],"about":[{"href":"https:\/\/www.fabioferro.eu\/de\/wp-json\/wp\/v2\/types\/product"}],"replies":[{"embeddable":true,"href":"https:\/\/www.fabioferro.eu\/de\/wp-json\/wp\/v2\/comments?post=118952"}],"version-history":[{"count":0,"href":"https:\/\/www.fabioferro.eu\/de\/wp-json\/wp\/v2\/product\/118952\/revisions"}],"wp:featuredmedia":[{"embeddable":true,"href":"https:\/\/www.fabioferro.eu\/de\/wp-json\/wp\/v2\/media\/118953"}],"wp:attachment":[{"href":"https:\/\/www.fabioferro.eu\/de\/wp-json\/wp\/v2\/media?parent=118952"}],"wp:term":[{"taxonomy":"product_brand","embeddable":true,"href":"https:\/\/www.fabioferro.eu\/de\/wp-json\/wp\/v2\/product_brand?post=118952"},{"taxonomy":"product_cat","embeddable":true,"href":"https:\/\/www.fabioferro.eu\/de\/wp-json\/wp\/v2\/product_cat?post=118952"},{"taxonomy":"product_tag","embeddable":true,"href":"https:\/\/www.fabioferro.eu\/de\/wp-json\/wp\/v2\/product_tag?post=118952"}],"curies":[{"name":"wp","href":"https:\/\/api.w.org\/{rel}","templated":true}]}}