{"id":118958,"date":"2018-10-06T16:22:55","date_gmt":"2018-10-06T14:22:55","guid":{"rendered":"https:\/\/www.fabioferro.eu\/festina-damenuhr-classic-in-stahl-mm-38-farbe-puderrosa-mit-rosa-lederarmband.html"},"modified":"2024-10-05T19:35:44","modified_gmt":"2024-10-05T17:35:44","slug":"festina-damenuhr-classic-in-stahl-mm-38-farbe-puderrosa-mit-rosa-lederarmband","status":"publish","type":"product","link":"https:\/\/www.fabioferro.eu\/de\/festina-damenuhr-classic-in-stahl-mm-38-farbe-puderrosa-mit-rosa-lederarmband.html","title":{"rendered":"Festina Damenuhr Classic in Stahl MM. 38 Farbe Puderrosa mit rosa Lederarmband"},"content":{"rendered":"<div class=\"description\">\n<div class=\"description\">\n<div class=\"description\">\n<div class=\"description\">  Festina Damenuhr Modell Classico aus Edelstahl und Leder. Analoges Quarzwerk mit reiner Zeitmessung. Rundes Geh\u00e4use aus poliertem Edelstahl, Durchmesser 38,00 mm, Dicke 7,00 mm. Geh\u00e4useboden aus Stahl, druckfest verschlossen und wasserdicht bis 3 ATM. Wasserdichte Krone aus ger\u00e4ndeltem Stahl. Geh\u00e4rtetes Mineralglas. Puderrosa Zifferblatt mit applizierten Stundenmarkierungen aus poliertem rosa Metall. Stunden-, Minuten- und Sekundenzeiger aus poliertem ros\u00e9farbenem Metall. Mattes, blassrosa Lederband mit gl\u00e4nzender, ros\u00e9farbener Stahlschlie\u00dfe mit Festina-Logo. 19-mm-Schleifen. Neue Uhr mit elegantem Geh\u00e4use und original Festina Zweijahresgarantie.  &nbsp;<\/p>\n<p>&nbsp;<\/p>\n<div class=\"custom\">\n<p>&nbsp;<\/p>\n<\/div>\n<\/div>\n<\/div>\n<\/div>\n<\/div>\n","protected":false},"excerpt":{"rendered":"<p>Festina Damenuhr Modell Classico in puderrosa 38 mm Stahl.<\/p>\n","protected":false},"featured_media":118966,"comment_status":"open","ping_status":"closed","template":"","meta":[],"product_brand":[171],"product_cat":[5976],"product_tag":[7442],"class_list":{"0":"post-118958","1":"product","2":"type-product","3":"status-publish","4":"has-post-thumbnail","6":"product_brand-festina","7":"product_cat-festina-damenuhren","8":"product_tag-verfugbar","10":"first","11":"instock","12":"sale","13":"taxable","14":"shipping-taxable","15":"purchasable","16":"product-type-simple"},"exclude_global_add_ons":[],"addons":[],"df_price":71.2,"df_sale_price":71.2,"df_regular_price":89,"df_image_link":"https:\/\/cdn02.fabioferro.eu\/wp-content\/uploads\/virtuemart\/product\/orologio-festina-donna-classic-F20371-2-rosa2.jpg","_links":{"self":[{"href":"https:\/\/www.fabioferro.eu\/de\/wp-json\/wp\/v2\/product\/118958","targetHints":{"allow":["GET"]}}],"collection":[{"href":"https:\/\/www.fabioferro.eu\/de\/wp-json\/wp\/v2\/product"}],"about":[{"href":"https:\/\/www.fabioferro.eu\/de\/wp-json\/wp\/v2\/types\/product"}],"replies":[{"embeddable":true,"href":"https:\/\/www.fabioferro.eu\/de\/wp-json\/wp\/v2\/comments?post=118958"}],"version-history":[{"count":0,"href":"https:\/\/www.fabioferro.eu\/de\/wp-json\/wp\/v2\/product\/118958\/revisions"}],"wp:featuredmedia":[{"embeddable":true,"href":"https:\/\/www.fabioferro.eu\/de\/wp-json\/wp\/v2\/media\/118966"}],"wp:attachment":[{"href":"https:\/\/www.fabioferro.eu\/de\/wp-json\/wp\/v2\/media?parent=118958"}],"wp:term":[{"taxonomy":"product_brand","embeddable":true,"href":"https:\/\/www.fabioferro.eu\/de\/wp-json\/wp\/v2\/product_brand?post=118958"},{"taxonomy":"product_cat","embeddable":true,"href":"https:\/\/www.fabioferro.eu\/de\/wp-json\/wp\/v2\/product_cat?post=118958"},{"taxonomy":"product_tag","embeddable":true,"href":"https:\/\/www.fabioferro.eu\/de\/wp-json\/wp\/v2\/product_tag?post=118958"}],"curies":[{"name":"wp","href":"https:\/\/api.w.org\/{rel}","templated":true}]}}