{"id":118973,"date":"2018-10-06T07:33:59","date_gmt":"2018-10-06T05:33:59","guid":{"rendered":"https:\/\/www.fabioferro.eu\/festina-herrenuhr-only-time-mit-blauem-dreidimensionalem-zifferblatt-gehaeuse-mm-44-prestige-kollektion.html"},"modified":"2024-10-05T19:45:06","modified_gmt":"2024-10-05T17:45:06","slug":"festina-herrenuhr-only-time-mit-blauem-dreidimensionalem-zifferblatt-gehaeuse-mm-44-prestige-kollektion","status":"publish","type":"product","link":"https:\/\/www.fabioferro.eu\/de\/festina-herrenuhr-only-time-mit-blauem-dreidimensionalem-zifferblatt-gehaeuse-mm-44-prestige-kollektion.html","title":{"rendered":"Festina Herrenuhr Only Time mit blauem dreidimensionalem Zifferblatt Geh\u00e4use MM. 44 Prestige Kollektion"},"content":{"rendered":"<div class=\"description\">\n<div class=\"description\">\n<div class=\"description\">  Festina Herrenuhr aus Edelstahl der Prestige Kollektion. Analoges Quarzwerk nur f\u00fcr die Zeit. Geh\u00e4use aus poliertem Edelstahl, Durchmesser 44,00 mm, Dicke 12,00 mm. Wasserdichte Krone aus ger\u00e4ndeltem schwarzem PVD-Stahl. Verschraubter Stahlboden und wasserdicht bis 10 ATM. Einseitig drehbare Au\u00dfenl\u00fcnette aus satiniertem blauem PVD-Stahl. Geh\u00e4rtetes Mineralglas. Dreidimensionales blaues Zifferblatt mit horizontalen Streifen. Stunden- und Minutenzeiger aus Metall mit nachleuchtenden Spitzen. Zentraler Sekundenzeiger aus poliertem Metall mit roter Spitze. Angewandte Lumineszenz-Indizes. Datumsfeld auf 3 Uhr. Satiniertes\/poliertes Edelstahlarmband mit Faltschlie\u00dfe mit Festina-Logo. Neue Uhr mit Box und original Festina 2 Jahre Garantie. Ich stelle eine Quittung und\/oder Rechnung aus. <\/div>\n<\/div>\n<\/div>\n","protected":false},"excerpt":{"rendered":"<p>Festina Herrenuhr Prestige Kollektion in Stahl mit blauem Zifferblatt<\/p>\n","protected":false},"featured_media":118988,"comment_status":"open","ping_status":"closed","template":"","meta":[],"product_brand":[171],"product_cat":[5998],"product_tag":[7442],"class_list":{"0":"post-118973","1":"product","2":"type-product","3":"status-publish","4":"has-post-thumbnail","6":"product_brand-festina","7":"product_cat-festina-herrenuhren","8":"product_tag-verfugbar","10":"first","11":"instock","12":"sale","13":"taxable","14":"shipping-taxable","15":"purchasable","16":"product-type-simple"},"exclude_global_add_ons":[],"addons":[],"df_price":111.2,"df_sale_price":111.2,"df_regular_price":139,"df_image_link":"https:\/\/cdn02.fabioferro.eu\/wp-content\/uploads\/virtuemart\/product\/orologio-festina-uomo-solo-tempo-quadrante-blu-F20360-1.jpg","_links":{"self":[{"href":"https:\/\/www.fabioferro.eu\/de\/wp-json\/wp\/v2\/product\/118973","targetHints":{"allow":["GET"]}}],"collection":[{"href":"https:\/\/www.fabioferro.eu\/de\/wp-json\/wp\/v2\/product"}],"about":[{"href":"https:\/\/www.fabioferro.eu\/de\/wp-json\/wp\/v2\/types\/product"}],"replies":[{"embeddable":true,"href":"https:\/\/www.fabioferro.eu\/de\/wp-json\/wp\/v2\/comments?post=118973"}],"version-history":[{"count":0,"href":"https:\/\/www.fabioferro.eu\/de\/wp-json\/wp\/v2\/product\/118973\/revisions"}],"wp:featuredmedia":[{"embeddable":true,"href":"https:\/\/www.fabioferro.eu\/de\/wp-json\/wp\/v2\/media\/118988"}],"wp:attachment":[{"href":"https:\/\/www.fabioferro.eu\/de\/wp-json\/wp\/v2\/media?parent=118973"}],"wp:term":[{"taxonomy":"product_brand","embeddable":true,"href":"https:\/\/www.fabioferro.eu\/de\/wp-json\/wp\/v2\/product_brand?post=118973"},{"taxonomy":"product_cat","embeddable":true,"href":"https:\/\/www.fabioferro.eu\/de\/wp-json\/wp\/v2\/product_cat?post=118973"},{"taxonomy":"product_tag","embeddable":true,"href":"https:\/\/www.fabioferro.eu\/de\/wp-json\/wp\/v2\/product_tag?post=118973"}],"curies":[{"name":"wp","href":"https:\/\/api.w.org\/{rel}","templated":true}]}}