{"id":118995,"date":"2018-10-05T16:17:56","date_gmt":"2018-10-05T14:17:56","guid":{"rendered":"https:\/\/www.fabioferro.eu\/festina-herren-chronograph-blau-stahl-uhr-mit-gehaeuse-mm-43.html"},"modified":"2024-02-08T12:55:34","modified_gmt":"2024-02-08T11:55:34","slug":"festina-herren-chronograph-blau-stahl-uhr-mit-gehaeuse-mm-43","status":"publish","type":"product","link":"https:\/\/www.fabioferro.eu\/de\/festina-herren-chronograph-blau-stahl-uhr-mit-gehaeuse-mm-43.html","title":{"rendered":"Festina Herren Chronograph Blau Stahl Uhr mit Geh\u00e4use MM. 43"},"content":{"rendered":"<div class=\"description\">\n<div class=\"description\">\n<p>Festina Herrenuhr der Kollektion Chronograph aus Edelstahl.<\/p>\n<p>Analoges Quarz-Chronographenwerk.<\/p>\n<p>Geh\u00e4use aus poliertem Edelstahl, Durchmesser 43,00 mm, Dicke 10,60 mm. Wasserdichte Krone aus ger\u00e4ndeltem Stahl. Pump-Chrono-Tasten. Geh\u00e4useboden aus Stahl, druckfest verschlossen und wasserdicht bis 5 ATM.<\/p>\n<p>Geh\u00e4rtetes Mineralglas.<\/p>\n<p>Elektrisch blaues Zifferblatt mit Stunden- und Minutenzeiger aus Metall mit leuchtender Mitte. Zentraler Chrono-Sekundenzeiger aus poliertem Metall. Angewandte Markierungen aus poliertem Metall mit nachleuchtendem Mittelteil.<\/p>\n<p>Datumsfeld bei 6 Uhr.<\/p>\n<p>Satiniertes\/poliertes Stahlarmband mit Faltschlie\u00dfe und zwei Druckkn\u00f6pfen mit Festina-Logo.<\/p>\n<p>Neue Uhr mit Box und original Festina 2 Jahre Garantie.<\/p>\n<p>Ich stelle eine Quittung und\/oder Rechnung aus.<\/p>\n<p>&nbsp;<\/p>\n<div class=\"custom\">\n<p><img decoding=\"async\" class=\" size-full wp-image-17129\" src=\"https:\/\/cdn02.fabioferro.eu\/wp-content\/uploads\/testi\/descrizione-orologi.png\" alt=\"Original-Uhren\" width=\"550\" height=\"150\" title=\"\" srcset=\"https:\/\/cdn02.fabioferro.eu\/wp-content\/uploads\/testi\/descrizione-orologi.png 550w, https:\/\/cdn02.fabioferro.eu\/wp-content\/uploads\/testi\/descrizione-orologi-150x41.png 150w, https:\/\/cdn02.fabioferro.eu\/wp-content\/uploads\/testi\/descrizione-orologi-441x120.png 441w\" sizes=\"(max-width: 550px) 100vw, 550px\" \/><\/p>\n<\/div>\n<\/div>\n<\/div>\n","protected":false},"excerpt":{"rendered":"<p>Festina Herrenuhr Chrono Modell in Edelstahl-Geh\u00e4use mm. 43 und elektrische blaue Zifferblatt.<\/p>\n","protected":false},"featured_media":119015,"comment_status":"open","ping_status":"closed","template":"","meta":[],"product_brand":[171],"product_cat":[5998],"product_tag":[],"class_list":{"0":"post-118995","1":"product","2":"type-product","3":"status-publish","4":"has-post-thumbnail","6":"product_brand-festina","7":"product_cat-festina-herrenuhren","9":"first","10":"outofstock","11":"sale","12":"taxable","13":"shipping-taxable","14":"purchasable","15":"product-type-simple"},"exclude_global_add_ons":[],"addons":[],"df_price":111.2,"df_sale_price":111.2,"df_regular_price":139,"df_image_link":"https:\/\/cdn02.fabioferro.eu\/wp-content\/uploads\/virtuemart\/product\/orologio-festina-uomo-chrono-blu-F16826-B.jpg","_links":{"self":[{"href":"https:\/\/www.fabioferro.eu\/de\/wp-json\/wp\/v2\/product\/118995","targetHints":{"allow":["GET"]}}],"collection":[{"href":"https:\/\/www.fabioferro.eu\/de\/wp-json\/wp\/v2\/product"}],"about":[{"href":"https:\/\/www.fabioferro.eu\/de\/wp-json\/wp\/v2\/types\/product"}],"replies":[{"embeddable":true,"href":"https:\/\/www.fabioferro.eu\/de\/wp-json\/wp\/v2\/comments?post=118995"}],"version-history":[{"count":0,"href":"https:\/\/www.fabioferro.eu\/de\/wp-json\/wp\/v2\/product\/118995\/revisions"}],"wp:featuredmedia":[{"embeddable":true,"href":"https:\/\/www.fabioferro.eu\/de\/wp-json\/wp\/v2\/media\/119015"}],"wp:attachment":[{"href":"https:\/\/www.fabioferro.eu\/de\/wp-json\/wp\/v2\/media?parent=118995"}],"wp:term":[{"taxonomy":"product_brand","embeddable":true,"href":"https:\/\/www.fabioferro.eu\/de\/wp-json\/wp\/v2\/product_brand?post=118995"},{"taxonomy":"product_cat","embeddable":true,"href":"https:\/\/www.fabioferro.eu\/de\/wp-json\/wp\/v2\/product_cat?post=118995"},{"taxonomy":"product_tag","embeddable":true,"href":"https:\/\/www.fabioferro.eu\/de\/wp-json\/wp\/v2\/product_tag?post=118995"}],"curies":[{"name":"wp","href":"https:\/\/api.w.org\/{rel}","templated":true}]}}