{"id":118996,"date":"2018-10-06T08:39:11","date_gmt":"2018-10-06T06:39:11","guid":{"rendered":"https:\/\/www.fabioferro.eu\/festina-herren-chronographenuhr-mit-schwarzem-dreidimensionalen-zifferblatt-rosa-pvd-stahlgehaeuse-mm-44-prestige-collection-mit-schwarzem-kautschukarmband.html"},"modified":"2024-02-08T12:55:33","modified_gmt":"2024-02-08T11:55:33","slug":"festina-herren-chronographenuhr-mit-schwarzem-dreidimensionalen-zifferblatt-rosa-pvd-stahlgehaeuse-mm-44-prestige-collection-mit-schwarzem-kautschukarmband","status":"publish","type":"product","link":"https:\/\/www.fabioferro.eu\/de\/festina-herren-chronographenuhr-mit-schwarzem-dreidimensionalen-zifferblatt-rosa-pvd-stahlgehaeuse-mm-44-prestige-collection-mit-schwarzem-kautschukarmband.html","title":{"rendered":"Festina Herren-Chronographenuhr mit schwarzem dreidimensionalen Zifferblatt rosa PVD-Stahlgeh\u00e4use MM. 44 Prestige Collection mit schwarzem Kautschukarmband"},"content":{"rendered":"<div class=\"description\">\n<div class=\"description\">\n<p>Festina Herren-Chronograph aus rosafarbenem PVD-Stahl der Kollektion Prestige.<\/p>\n<p>Analoges Quarz-Chronographenwerk.<\/p>\n<p>Geh\u00e4use aus rosa PVD-Stahl Durchmesser mm 44,00 Dicke mm 12,00. Wasserdichte Krone aus ger\u00e4ndeltem schwarzem PVD-Stahl. Pump-Chrono-Tasten. Verschraubter Geh\u00e4useboden aus Stahl und wasserdicht bis 10 ATM.<\/p>\n<p>Einseitig drehbare Au\u00dfenl\u00fcnette aus satiniertem schwarzem PVD-Stahl.<\/p>\n<p>Geh\u00e4rtetes Mineralglas.<\/p>\n<p>Dreidimensionales schwarzes Zifferblatt mit horizontalen Streifen. Ros\u00e9farbene Stunden- und Minutenzeiger aus Metall mit nachleuchtenden Spitzen. Zentraler Chrono-Sekundenzeiger aus ros\u00e9farbenem, poliertem Metall. Aufgetragene, leuchtende Stundenmarkierungen in leuchtendem Rosa.<\/p>\n<p>Datumsfeld bei 4 Uhr positioniert.<\/p>\n<p>Schwarzes Kautschukband mit polierter PVD-Stahlschlie\u00dfe mit Festina-Logo.<\/p>\n<p>Neue Uhr mit Box und original Festina 2 Jahre Garantie.<\/p>\n<p>Ich stelle eine Quittung und\/oder Rechnung aus.<\/p>\n<p>&nbsp;<\/p>\n<p>&nbsp;<\/p>\n<\/div>\n<\/div>\n","protected":false},"excerpt":{"rendered":"<p>Festina Herrenuhr der Kollektion Prestige aus rosa PVD-Stahl mit schwarzem Kautschukarmband.<\/p>\n","protected":false},"featured_media":119014,"comment_status":"open","ping_status":"closed","template":"","meta":[],"product_brand":[171],"product_cat":[5998],"product_tag":[],"class_list":{"0":"post-118996","1":"product","2":"type-product","3":"status-publish","4":"has-post-thumbnail","6":"product_brand-festina","7":"product_cat-festina-herrenuhren","9":"first","10":"outofstock","11":"sale","12":"taxable","13":"shipping-taxable","14":"purchasable","15":"product-type-simple"},"exclude_global_add_ons":[],"addons":[],"df_price":143.2,"df_sale_price":143.2,"df_regular_price":179,"df_image_link":"https:\/\/cdn02.fabioferro.eu\/wp-content\/uploads\/virtuemart\/product\/orologio-festina-uomo-prestige-chrono-F20367-1.jpg","_links":{"self":[{"href":"https:\/\/www.fabioferro.eu\/de\/wp-json\/wp\/v2\/product\/118996","targetHints":{"allow":["GET"]}}],"collection":[{"href":"https:\/\/www.fabioferro.eu\/de\/wp-json\/wp\/v2\/product"}],"about":[{"href":"https:\/\/www.fabioferro.eu\/de\/wp-json\/wp\/v2\/types\/product"}],"replies":[{"embeddable":true,"href":"https:\/\/www.fabioferro.eu\/de\/wp-json\/wp\/v2\/comments?post=118996"}],"version-history":[{"count":0,"href":"https:\/\/www.fabioferro.eu\/de\/wp-json\/wp\/v2\/product\/118996\/revisions"}],"wp:featuredmedia":[{"embeddable":true,"href":"https:\/\/www.fabioferro.eu\/de\/wp-json\/wp\/v2\/media\/119014"}],"wp:attachment":[{"href":"https:\/\/www.fabioferro.eu\/de\/wp-json\/wp\/v2\/media?parent=118996"}],"wp:term":[{"taxonomy":"product_brand","embeddable":true,"href":"https:\/\/www.fabioferro.eu\/de\/wp-json\/wp\/v2\/product_brand?post=118996"},{"taxonomy":"product_cat","embeddable":true,"href":"https:\/\/www.fabioferro.eu\/de\/wp-json\/wp\/v2\/product_cat?post=118996"},{"taxonomy":"product_tag","embeddable":true,"href":"https:\/\/www.fabioferro.eu\/de\/wp-json\/wp\/v2\/product_tag?post=118996"}],"curies":[{"name":"wp","href":"https:\/\/api.w.org\/{rel}","templated":true}]}}