{"id":119096,"date":"2018-09-21T14:33:11","date_gmt":"2018-09-21T12:33:11","guid":{"rendered":"https:\/\/www.fabioferro.eu\/amen-925-sterling-silber-unendlichkeit-ring-mit-weissen-zirkonia-love-collection-groesse-12.html"},"modified":"2025-06-06T16:04:19","modified_gmt":"2025-06-06T14:04:19","slug":"amen-925-sterling-silber-unendlichkeit-ring-mit-weissen-zirkonia-love-collection-groesse-12","status":"publish","type":"product","link":"https:\/\/www.fabioferro.eu\/de\/amen-925-sterling-silber-unendlichkeit-ring-mit-weissen-zirkonia-love-collection-groesse-12.html","title":{"rendered":"Amen 925 Sterling Silber Unendlichkeit Ring mit wei\u00dfen Zirkonia Love Collection Gr\u00f6\u00dfe 14"},"content":{"rendered":"<p>Amen Damenring neue Kollektion Amore aus gl\u00e4nzendem 925\/1000 Sterling Silber mit wei\u00dfen Zirkonen. Ewigkeitsmodell mit Unendlichkeitsmotiv. Die Breite des Rings betr\u00e4gt mm. 4,00 mm bei einer Dicke von 1,60 mm. In Italien hergestelltes Produkt. Der Ring ist mit wei\u00dfen Zirkonen im Brillantschliff besetzt. Die sofort verf\u00fcgbare Gr\u00f6\u00dfe ist Nr. 14. Neues Schmuckst\u00fcck komplett mit Garantiezertifikat und original Amen-Box.  &nbsp;<\/p>\n","protected":false},"excerpt":{"rendered":"<p>Amen Damenring Amore aus Sterlingsilber mit wei\u00dfen Zirkonen<\/p>\n","protected":false},"featured_media":119104,"comment_status":"open","ping_status":"closed","template":"","meta":[],"product_brand":[200],"product_cat":[6668,7620],"product_tag":[7442],"class_list":{"0":"post-119096","1":"product","2":"type-product","3":"status-publish","4":"has-post-thumbnail","6":"product_brand-amen","7":"product_cat-amen-ringe","8":"product_cat-outlet-schmuck","9":"product_tag-verfugbar","11":"first","12":"instock","13":"sale","14":"taxable","15":"shipping-taxable","16":"purchasable","17":"product-type-simple"},"exclude_global_add_ons":[],"addons":[],"df_price":35.4,"df_sale_price":35.4,"df_regular_price":59,"df_image_link":"https:\/\/cdn02.fabioferro.eu\/wp-content\/uploads\/virtuemart\/product\/anello-amen-infinito-zirconi-bianchi-RINZ.jpg","_links":{"self":[{"href":"https:\/\/www.fabioferro.eu\/de\/wp-json\/wp\/v2\/product\/119096","targetHints":{"allow":["GET"]}}],"collection":[{"href":"https:\/\/www.fabioferro.eu\/de\/wp-json\/wp\/v2\/product"}],"about":[{"href":"https:\/\/www.fabioferro.eu\/de\/wp-json\/wp\/v2\/types\/product"}],"replies":[{"embeddable":true,"href":"https:\/\/www.fabioferro.eu\/de\/wp-json\/wp\/v2\/comments?post=119096"}],"version-history":[{"count":0,"href":"https:\/\/www.fabioferro.eu\/de\/wp-json\/wp\/v2\/product\/119096\/revisions"}],"wp:featuredmedia":[{"embeddable":true,"href":"https:\/\/www.fabioferro.eu\/de\/wp-json\/wp\/v2\/media\/119104"}],"wp:attachment":[{"href":"https:\/\/www.fabioferro.eu\/de\/wp-json\/wp\/v2\/media?parent=119096"}],"wp:term":[{"taxonomy":"product_brand","embeddable":true,"href":"https:\/\/www.fabioferro.eu\/de\/wp-json\/wp\/v2\/product_brand?post=119096"},{"taxonomy":"product_cat","embeddable":true,"href":"https:\/\/www.fabioferro.eu\/de\/wp-json\/wp\/v2\/product_cat?post=119096"},{"taxonomy":"product_tag","embeddable":true,"href":"https:\/\/www.fabioferro.eu\/de\/wp-json\/wp\/v2\/product_tag?post=119096"}],"curies":[{"name":"wp","href":"https:\/\/api.w.org\/{rel}","templated":true}]}}