{"id":119119,"date":"2018-09-21T17:16:14","date_gmt":"2018-09-21T15:16:14","guid":{"rendered":"https:\/\/www.fabioferro.eu\/amen-unser-vater-925-sterling-silber-ring-mit-weissen-zirkonen-kreuze-groesse-12.html"},"modified":"2024-10-01T16:23:55","modified_gmt":"2024-10-01T14:23:55","slug":"amen-unser-vater-925-sterling-silber-ring-mit-weissen-zirkonen-kreuze-groesse-12","status":"publish","type":"product","link":"https:\/\/www.fabioferro.eu\/de\/amen-unser-vater-925-sterling-silber-ring-mit-weissen-zirkonen-kreuze-groesse-12.html","title":{"rendered":"Amen Unser Vater 925 Sterling Silber Ring mit wei\u00dfen Zirkonen Kreuze Gr\u00f6\u00dfe 12"},"content":{"rendered":"<div class=\"description\">\n<div class=\"description\">  Amen Damenring aus der Our Father Kollektion aus 925\/1000 Sterling Silber, poliert und mit wei\u00dfen Zirkonen besetzt. Unverg\u00e4ngliches Modell mit einem durchgehenden Kreuzmotiv auf dem Ringumfang. In Italien hergestelltes Produkt. Breite mm. 4,40 bei einer Dicke von mm. 1,30. Gr\u00f6\u00dfe sofort lieferbar Nr. 12. Neues Schmuckst\u00fcck komplett mit Garantie und original Amen-Box.  &nbsp;<\/p>\n<\/div>\n<\/div>\n","protected":false},"excerpt":{"rendered":"<p>Amen-Ring aus Sterlingsilber der Kollektion Our Father mit wei\u00dfem Zirkonia.<\/p>\n","protected":false},"featured_media":119125,"comment_status":"open","ping_status":"closed","template":"","meta":[],"product_brand":[200],"product_cat":[6668,7620],"product_tag":[7442],"class_list":{"0":"post-119119","1":"product","2":"type-product","3":"status-publish","4":"has-post-thumbnail","6":"product_brand-amen","7":"product_cat-amen-ringe","8":"product_cat-outlet-schmuck","9":"product_tag-verfugbar","11":"first","12":"instock","13":"sale","14":"taxable","15":"shipping-taxable","16":"purchasable","17":"product-type-simple"},"exclude_global_add_ons":[],"addons":[],"df_price":35.4,"df_sale_price":35.4,"df_regular_price":59,"df_image_link":"https:\/\/cdn02.fabioferro.eu\/wp-content\/uploads\/virtuemart\/product\/anello-amen-crovi-argento-zirconi-RCCZ.jpg","_links":{"self":[{"href":"https:\/\/www.fabioferro.eu\/de\/wp-json\/wp\/v2\/product\/119119","targetHints":{"allow":["GET"]}}],"collection":[{"href":"https:\/\/www.fabioferro.eu\/de\/wp-json\/wp\/v2\/product"}],"about":[{"href":"https:\/\/www.fabioferro.eu\/de\/wp-json\/wp\/v2\/types\/product"}],"replies":[{"embeddable":true,"href":"https:\/\/www.fabioferro.eu\/de\/wp-json\/wp\/v2\/comments?post=119119"}],"version-history":[{"count":0,"href":"https:\/\/www.fabioferro.eu\/de\/wp-json\/wp\/v2\/product\/119119\/revisions"}],"wp:featuredmedia":[{"embeddable":true,"href":"https:\/\/www.fabioferro.eu\/de\/wp-json\/wp\/v2\/media\/119125"}],"wp:attachment":[{"href":"https:\/\/www.fabioferro.eu\/de\/wp-json\/wp\/v2\/media?parent=119119"}],"wp:term":[{"taxonomy":"product_brand","embeddable":true,"href":"https:\/\/www.fabioferro.eu\/de\/wp-json\/wp\/v2\/product_brand?post=119119"},{"taxonomy":"product_cat","embeddable":true,"href":"https:\/\/www.fabioferro.eu\/de\/wp-json\/wp\/v2\/product_cat?post=119119"},{"taxonomy":"product_tag","embeddable":true,"href":"https:\/\/www.fabioferro.eu\/de\/wp-json\/wp\/v2\/product_tag?post=119119"}],"curies":[{"name":"wp","href":"https:\/\/api.w.org\/{rel}","templated":true}]}}