{"id":119122,"date":"2018-09-06T17:51:38","date_gmt":"2018-09-06T15:51:38","guid":{"rendered":"https:\/\/www.fabioferro.eu\/original-tibetisches-tamashii-armband-in-hindu-jaspis-braun.html"},"modified":"2024-09-18T16:40:50","modified_gmt":"2024-09-18T14:40:50","slug":"original-tibetisches-tamashii-armband-in-hindu-jaspis-braun","status":"publish","type":"product","link":"https:\/\/www.fabioferro.eu\/de\/original-tibetisches-tamashii-armband-in-hindu-jaspis-braun.html","title":{"rendered":"Original tibetisches Tamashii-Armband in Hindu-Jaspis braun"},"content":{"rendered":"<p>Tamashii Produkte, die mit <b>nat\u00fcrlichen Steinen\/Perlen<\/b> handgefertigt werden, k\u00f6nnen Farbt\u00f6ne aufweisen, die leicht von den Fotos abweichen. Original Tamashii-Armband aus Tibet mit braunem Hindu-Jaspis. Unisex-Gr\u00f6\u00dfe. Hindu-Jaspis ist ein Halbedelstein mit warmen Farbt\u00f6nen wie Rot-, Braun- und Gelbt\u00f6nen. Diese Variante soll den Menschen helfen, ihre Schuldgef\u00fchle zu \u00fcberwinden und Selbstvertrauen und Selbstsicherheit zu gewinnen. Wenn man diesen Stein bei sich tr\u00e4gt, hilft er einem, das Leben mit einem gr\u00f6\u00dferen emotionalen Schwung zu leben.  &nbsp;  Das Armband ist handgekn\u00fcpft und besteht aus 12 braunen Jaspiskugeln mit einem Durchmesser von 8,00 mm. Die Gesamtl\u00e4nge betr\u00e4gt 24,00 cm, kann aber bis auf 18,00 cm heruntergezogen werden. Praktischer Knopfverschluss aus br\u00fcniertem Metall. Jedes Tamashii-Armband enth\u00e4lt ein h\u00f6lzernes Element, eine Darstellung eines kleinen K\u00fcrbisses voller Samen, der Kamawatchi Calabush oder einfach Calabash genannt wird und f\u00fcr die Kontinuit\u00e4t des Lebens steht. Ein einzigartiges Schmuckst\u00fcck, denn es wird ausschlie\u00dflich von den geschickten H\u00e4nden tibetischer M\u00f6nche hergestellt und am Ende seiner Herstellung einzeln gesegnet. Neues Produkt in Originalverpackung mit authentischer Tamashii-Garantie. Ich stelle eine Quittung und\/oder Rechnung aus. &nbsp;<\/p>\n","protected":false},"excerpt":{"rendered":"<p>Tamashii-Armband aus braunem Hindu-Jaspis<\/p>\n","protected":false},"featured_media":119141,"comment_status":"open","ping_status":"closed","template":"","meta":[],"product_brand":[199],"product_cat":[6318],"product_tag":[],"class_list":{"0":"post-119122","1":"product","2":"type-product","3":"status-publish","4":"has-post-thumbnail","6":"product_brand-tamashii","7":"product_cat-tamashii","9":"first","10":"instock","11":"taxable","12":"shipping-taxable","13":"purchasable","14":"product-type-simple"},"exclude_global_add_ons":[],"addons":[],"df_price":42,"df_sale_price":"","df_regular_price":42,"df_image_link":"https:\/\/cdn02.fabioferro.eu\/wp-content\/uploads\/virtuemart\/product\/bracciale-tamashii-diaspro-indu-marrone-BHS900-183.jpg","_links":{"self":[{"href":"https:\/\/www.fabioferro.eu\/de\/wp-json\/wp\/v2\/product\/119122","targetHints":{"allow":["GET"]}}],"collection":[{"href":"https:\/\/www.fabioferro.eu\/de\/wp-json\/wp\/v2\/product"}],"about":[{"href":"https:\/\/www.fabioferro.eu\/de\/wp-json\/wp\/v2\/types\/product"}],"replies":[{"embeddable":true,"href":"https:\/\/www.fabioferro.eu\/de\/wp-json\/wp\/v2\/comments?post=119122"}],"version-history":[{"count":0,"href":"https:\/\/www.fabioferro.eu\/de\/wp-json\/wp\/v2\/product\/119122\/revisions"}],"wp:featuredmedia":[{"embeddable":true,"href":"https:\/\/www.fabioferro.eu\/de\/wp-json\/wp\/v2\/media\/119141"}],"wp:attachment":[{"href":"https:\/\/www.fabioferro.eu\/de\/wp-json\/wp\/v2\/media?parent=119122"}],"wp:term":[{"taxonomy":"product_brand","embeddable":true,"href":"https:\/\/www.fabioferro.eu\/de\/wp-json\/wp\/v2\/product_brand?post=119122"},{"taxonomy":"product_cat","embeddable":true,"href":"https:\/\/www.fabioferro.eu\/de\/wp-json\/wp\/v2\/product_cat?post=119122"},{"taxonomy":"product_tag","embeddable":true,"href":"https:\/\/www.fabioferro.eu\/de\/wp-json\/wp\/v2\/product_tag?post=119122"}],"curies":[{"name":"wp","href":"https:\/\/api.w.org\/{rel}","templated":true}]}}