{"id":119148,"date":"2018-09-07T14:46:54","date_gmt":"2018-09-07T12:46:54","guid":{"rendered":"https:\/\/www.fabioferro.eu\/tamashii-mudra-halskette-mit-gruenem-moosachat-cm-50.html"},"modified":"2024-09-18T15:32:28","modified_gmt":"2024-09-18T13:32:28","slug":"tamashii-mudra-halskette-mit-gruenem-moosachat-cm-50","status":"publish","type":"product","link":"https:\/\/www.fabioferro.eu\/de\/tamashii-mudra-halskette-mit-gruenem-moosachat-cm-50.html","title":{"rendered":"Tamashii Mudra Halskette mit gr\u00fcnem Moosachat CM. 50"},"content":{"rendered":"<p>Tamashii Produkte, die mit <b>nat\u00fcrlichen Steinen\/Perlen<\/b> handgefertigt werden, k\u00f6nnen Farbt\u00f6ne aufweisen, die leicht von den Fotos abweichen. Original Tamashii Unisex-Halskette mit 54 nat\u00fcrlichen gr\u00fcnen Moschusachat-Perlen, komplett mit Kalebasse, Vajra und Glocke. Der<strong> Vajra<\/strong> und die <strong>Glocke<\/strong> stellen koexistierende Gegens\u00e4tze dar: Die Glocke ist ein Symbol f\u00fcr die weibliche Seite, den physischen K\u00f6rper, w\u00e4hrend der Vajra f\u00fcr die m\u00e4nnliche Seite, den Geist, steht. Bei buddhistischen Ritualen wird der Vajra in der rechten Hand und die Glocke in der linken Hand gehalten. Moschusachat ist ein gelb-gr\u00fcner, dunkelgr\u00fcner Stein, der auf den Buddha Amoghasiddhi zur\u00fcckgeht, der nach Erfolg, Reichtum und Macht strebt. Der bunte Ton k\u00f6nnte auf einen weniger wettbewerbsorientierten und eifers\u00fcchtigen Ehrgeiz hindeuten. Dieses Tamashii verwandelt Stolz in Weisheit der Identit\u00e4t. Die Kette hat eine Gesamtl\u00e4nge von 50 cm, kann aber dank des Verl\u00e4ngerungskabels bis zu 55 cm getragen werden. Praktischer Knopfverschluss aus br\u00fcniertem Metall. Ein einzigartiges Schmuckst\u00fcck, denn es wird ausschlie\u00dflich von den geschickten H\u00e4nden tibetischer M\u00f6nche hergestellt und am Ende seiner Herstellung einzeln gesegnet. Neues Produkt in Originalverpackung mit Tamashii-Echtheitsgarantie.  &nbsp;<\/p>\n<p>&nbsp;<\/p>\n","protected":false},"excerpt":{"rendered":"<p>Tamashii Mudra Halskette aus gr\u00fcnem Moschusachat 50 cm.<\/p>\n","protected":false},"featured_media":119161,"comment_status":"open","ping_status":"closed","template":"","meta":[],"product_brand":[199],"product_cat":[6318],"product_tag":[],"class_list":{"0":"post-119148","1":"product","2":"type-product","3":"status-publish","4":"has-post-thumbnail","6":"product_brand-tamashii","7":"product_cat-tamashii","9":"first","10":"instock","11":"taxable","12":"shipping-taxable","13":"purchasable","14":"product-type-simple"},"exclude_global_add_ons":[],"addons":[],"df_price":55,"df_sale_price":"","df_regular_price":55,"df_image_link":"https:\/\/cdn02.fabioferro.eu\/wp-content\/uploads\/virtuemart\/product\/collana-tamashii-mudra-agata-muschiata-verde-NHS1600-17.jpg","_links":{"self":[{"href":"https:\/\/www.fabioferro.eu\/de\/wp-json\/wp\/v2\/product\/119148","targetHints":{"allow":["GET"]}}],"collection":[{"href":"https:\/\/www.fabioferro.eu\/de\/wp-json\/wp\/v2\/product"}],"about":[{"href":"https:\/\/www.fabioferro.eu\/de\/wp-json\/wp\/v2\/types\/product"}],"replies":[{"embeddable":true,"href":"https:\/\/www.fabioferro.eu\/de\/wp-json\/wp\/v2\/comments?post=119148"}],"version-history":[{"count":0,"href":"https:\/\/www.fabioferro.eu\/de\/wp-json\/wp\/v2\/product\/119148\/revisions"}],"wp:featuredmedia":[{"embeddable":true,"href":"https:\/\/www.fabioferro.eu\/de\/wp-json\/wp\/v2\/media\/119161"}],"wp:attachment":[{"href":"https:\/\/www.fabioferro.eu\/de\/wp-json\/wp\/v2\/media?parent=119148"}],"wp:term":[{"taxonomy":"product_brand","embeddable":true,"href":"https:\/\/www.fabioferro.eu\/de\/wp-json\/wp\/v2\/product_brand?post=119148"},{"taxonomy":"product_cat","embeddable":true,"href":"https:\/\/www.fabioferro.eu\/de\/wp-json\/wp\/v2\/product_cat?post=119148"},{"taxonomy":"product_tag","embeddable":true,"href":"https:\/\/www.fabioferro.eu\/de\/wp-json\/wp\/v2\/product_tag?post=119148"}],"curies":[{"name":"wp","href":"https:\/\/api.w.org\/{rel}","templated":true}]}}