{"id":119177,"date":"2018-09-06T16:59:47","date_gmt":"2018-09-06T14:59:47","guid":{"rendered":"https:\/\/www.fabioferro.eu\/original-tibetischer-chalzedon-tamashii-armreif.html"},"modified":"2025-09-17T21:26:47","modified_gmt":"2025-09-17T19:26:47","slug":"original-tibetischer-chalzedon-tamashii-armreif","status":"publish","type":"product","link":"https:\/\/www.fabioferro.eu\/de\/original-tibetischer-chalzedon-tamashii-armreif.html","title":{"rendered":"Original tibetischer Chalzedon Tamashii-Armreif"},"content":{"rendered":"<p>Tamashii-Produkte, die mit nat\u00fcrlichen Steinen\/Perlen handgefertigt werden, k\u00f6nnen Farbt\u00f6ne aufweisen, die leicht von den Fotos abweichen.<\/p>\n<p>Original tibetisches Tamashii Unisex-Armband mit nat\u00fcrlichem Chalcedon-Stein.<\/p>\n<p>Der Chalcedonstein verdankt seinen Namen der antiken griechischen Stadt Chalcedon am Bosporus.<br \/>\nIn seiner blauen Farbvariante repr\u00e4sentierte er f\u00fcr die Alten die Elemente Wasser und Luft.<br \/>\nEr gilt als der Stein der Redner. Sie steht f\u00fcr die F\u00e4higkeit, zuzuh\u00f6ren, zu verstehen und verstanden zu werden.<\/p>\n<p>&nbsp;<\/p>\n<p>Das Armband ist mit 12 Kugeln aus Cerulean-Chalcedon mit einem Durchmesser von 8,00 mm versehen und handgekn\u00fcpft.<\/p>\n<p>Die Gesamtl\u00e4nge des Armbands betr\u00e4gt 24,00 cm, es kann aber auch bis zu 18,00 cm getragen werden. Praktischer Metallknopf-Verschluss.<\/p>\n<p>&nbsp;<\/p>\n<p>Jedes Tamashii-Armband ist mit einem h\u00f6lzernen Element versehen, das einen mit Samen gef\u00fcllten K\u00fcrbis darstellt, der Kamawatchi Calabush oder einfach Kalebasse genannt wird und f\u00fcr die Kontinuit\u00e4t des Lebens steht.<\/p>\n<p>Ein einzigartiges Schmuckst\u00fcck, denn es wird ausschlie\u00dflich von den geschickten H\u00e4nden tibetischer M\u00f6nche hergestellt und am Ende seiner Herstellung einzeln gesegnet.<\/p>\n<p>Neues Produkt in Originalverpackung mit authentischer Tamashii-Garantie.<\/p>\n<p>Ich stelle eine Quittung und\/oder Rechnung aus.<\/p>\n<p>&nbsp;<\/p>\n","protected":false},"excerpt":{"rendered":"<p>Tamashii-Armband aus Chalcedon<\/p>\n","protected":false},"featured_media":119192,"comment_status":"open","ping_status":"closed","template":"","meta":[],"product_brand":[199],"product_cat":[6318],"product_tag":[7442],"class_list":{"0":"post-119177","1":"product","2":"type-product","3":"status-publish","4":"has-post-thumbnail","6":"product_brand-tamashii","7":"product_cat-tamashii","8":"product_tag-verfugbar","10":"first","11":"instock","12":"taxable","13":"shipping-taxable","14":"purchasable","15":"product-type-simple"},"exclude_global_add_ons":[],"addons":[],"df_price":49,"df_sale_price":"","df_regular_price":49,"df_image_link":"https:\/\/cdn02.fabioferro.eu\/wp-content\/uploads\/virtuemart\/product\/bracciale-tamashii-calcedonio-BHS900-184.jpg","_links":{"self":[{"href":"https:\/\/www.fabioferro.eu\/de\/wp-json\/wp\/v2\/product\/119177","targetHints":{"allow":["GET"]}}],"collection":[{"href":"https:\/\/www.fabioferro.eu\/de\/wp-json\/wp\/v2\/product"}],"about":[{"href":"https:\/\/www.fabioferro.eu\/de\/wp-json\/wp\/v2\/types\/product"}],"replies":[{"embeddable":true,"href":"https:\/\/www.fabioferro.eu\/de\/wp-json\/wp\/v2\/comments?post=119177"}],"version-history":[{"count":0,"href":"https:\/\/www.fabioferro.eu\/de\/wp-json\/wp\/v2\/product\/119177\/revisions"}],"wp:featuredmedia":[{"embeddable":true,"href":"https:\/\/www.fabioferro.eu\/de\/wp-json\/wp\/v2\/media\/119192"}],"wp:attachment":[{"href":"https:\/\/www.fabioferro.eu\/de\/wp-json\/wp\/v2\/media?parent=119177"}],"wp:term":[{"taxonomy":"product_brand","embeddable":true,"href":"https:\/\/www.fabioferro.eu\/de\/wp-json\/wp\/v2\/product_brand?post=119177"},{"taxonomy":"product_cat","embeddable":true,"href":"https:\/\/www.fabioferro.eu\/de\/wp-json\/wp\/v2\/product_cat?post=119177"},{"taxonomy":"product_tag","embeddable":true,"href":"https:\/\/www.fabioferro.eu\/de\/wp-json\/wp\/v2\/product_tag?post=119177"}],"curies":[{"name":"wp","href":"https:\/\/api.w.org\/{rel}","templated":true}]}}