{"id":119205,"date":"2020-02-01T16:08:12","date_gmt":"2020-02-01T15:08:12","guid":{"rendered":"https:\/\/www.fabioferro.eu\/lampe-berger-clarity-satin-weiss.html"},"modified":"2020-02-01T16:08:12","modified_gmt":"2020-02-01T15:08:12","slug":"lampe-berger-clarity-satin-weiss","status":"publish","type":"product","link":"https:\/\/www.fabioferro.eu\/de\/lampe-berger-clarity-satin-weiss.html","title":{"rendered":"Lampe Berger Clarity Satin Wei\u00df"},"content":{"rendered":"<p>Die runde und kegelf\u00f6rmige, wei\u00df gefrostete Berger Clarity Leuchte ist mit einem raffinierten Design versehen.<\/p>\n<p>Die ungew\u00f6hnliche Farbe gibt dem Ganzen einen kreativen Rhythmus und belebt Ihr Zuhause. Eine Mischung aus W\u00e4rme und Raffinesse, belebt durch ein fein mit Diamanten und Dreiecken besetztes Band. Die silberfarbene Krone mit geometrischen Facetten l\u00e4sst die Lampe majest\u00e4tisch aussehen, w\u00e4hrend sie Ihr Interieur parf\u00fcmiert.<\/p>\n<p>Eleganz und Spa\u00df sind die wichtigsten Themen der gesamten Clarity-Kollektion.<\/p>\n<p>Konzipiert, entworfen und hergestellt in Frankreich von Maison Berger.<\/p>\n<p>Sie ist 14,8 cm hoch und besteht nur aus Glas.<\/p>\n<p>Enth\u00e4lt bis zu 380 ml. Er wird mit einer speziellen Box verkauft, die den Brenner enth\u00e4lt.<\/p>\n","protected":false},"excerpt":{"rendered":"<p>Lampe Berger Clarity Satin Wei\u00df<\/p>\n","protected":false},"featured_media":119213,"comment_status":"open","ping_status":"closed","template":"","meta":[],"product_brand":[167],"product_cat":[6211],"product_tag":[],"class_list":{"0":"post-119205","1":"product","2":"type-product","3":"status-publish","4":"has-post-thumbnail","6":"product_brand-lampe-berger","7":"product_cat-lampen-lampe-berger","9":"first","10":"outofstock","11":"taxable","12":"shipping-taxable","13":"purchasable","14":"product-type-simple"},"exclude_global_add_ons":[],"addons":[],"df_price":49,"df_sale_price":"","df_regular_price":49,"df_image_link":"https:\/\/cdn02.fabioferro.eu\/wp-content\/uploads\/virtuemart\/product\/4708_lampe_clarity_bianco_satinato_fabioferro__1580573377_905.jpg","_links":{"self":[{"href":"https:\/\/www.fabioferro.eu\/de\/wp-json\/wp\/v2\/product\/119205","targetHints":{"allow":["GET"]}}],"collection":[{"href":"https:\/\/www.fabioferro.eu\/de\/wp-json\/wp\/v2\/product"}],"about":[{"href":"https:\/\/www.fabioferro.eu\/de\/wp-json\/wp\/v2\/types\/product"}],"replies":[{"embeddable":true,"href":"https:\/\/www.fabioferro.eu\/de\/wp-json\/wp\/v2\/comments?post=119205"}],"version-history":[{"count":0,"href":"https:\/\/www.fabioferro.eu\/de\/wp-json\/wp\/v2\/product\/119205\/revisions"}],"wp:featuredmedia":[{"embeddable":true,"href":"https:\/\/www.fabioferro.eu\/de\/wp-json\/wp\/v2\/media\/119213"}],"wp:attachment":[{"href":"https:\/\/www.fabioferro.eu\/de\/wp-json\/wp\/v2\/media?parent=119205"}],"wp:term":[{"taxonomy":"product_brand","embeddable":true,"href":"https:\/\/www.fabioferro.eu\/de\/wp-json\/wp\/v2\/product_brand?post=119205"},{"taxonomy":"product_cat","embeddable":true,"href":"https:\/\/www.fabioferro.eu\/de\/wp-json\/wp\/v2\/product_cat?post=119205"},{"taxonomy":"product_tag","embeddable":true,"href":"https:\/\/www.fabioferro.eu\/de\/wp-json\/wp\/v2\/product_tag?post=119205"}],"curies":[{"name":"wp","href":"https:\/\/api.w.org\/{rel}","templated":true}]}}