{"id":119208,"date":"2020-02-21T17:12:41","date_gmt":"2020-02-21T16:12:41","guid":{"rendered":"https:\/\/www.fabioferro.eu\/giovanni-raspini-amulett-charme-in-925-silber.html"},"modified":"2020-02-21T17:12:41","modified_gmt":"2020-02-21T16:12:41","slug":"giovanni-raspini-amulett-charme-in-925-silber","status":"publish","type":"product","link":"https:\/\/www.fabioferro.eu\/de\/giovanni-raspini-amulett-charme-in-925-silber.html","title":{"rendered":"Giovanni Raspini Amulett Charme in 925 Silber"},"content":{"rendered":"<p>925 Sterling Silber Giovanni Raspini Amulett Charme, die in Armb\u00e4nder, Halsketten und Schl\u00fcsselanh\u00e4nger kombiniert werden k\u00f6nnen.<\/p>\n<p>Hergestellt in Italien, handgefertigt.<\/p>\n<p>Gewicht 6,5 g.<\/p>\n<p>H\u00f6he 3,5 cm<\/p>\n<p>Breite 2,5 cm<\/p>\n<p>Charme verkauft mit Box und offizielle Giovanni Raspini Garantie.<\/p>\n","protected":false},"excerpt":{"rendered":"<p>Giovanni Raspini Amulett Charme in 925\/1000 Silber<\/p>\n","protected":false},"featured_media":119219,"comment_status":"open","ping_status":"closed","template":"","meta":[],"product_brand":[155],"product_cat":[7576],"product_tag":[7442],"class_list":{"0":"post-119208","1":"product","2":"type-product","3":"status-publish","4":"has-post-thumbnail","6":"product_brand-raspini","7":"product_cat-giovanni-raspini-reize","8":"product_tag-verfugbar","10":"first","11":"instock","12":"sale","13":"taxable","14":"shipping-taxable","15":"purchasable","16":"product-type-simple"},"exclude_global_add_ons":[],"addons":[],"df_price":54,"df_sale_price":54,"df_regular_price":60,"df_image_link":"https:\/\/cdn02.fabioferro.eu\/wp-content\/uploads\/virtuemart\/product\/6897_medaglia_raspini__1582305582_984.jpg","_links":{"self":[{"href":"https:\/\/www.fabioferro.eu\/de\/wp-json\/wp\/v2\/product\/119208","targetHints":{"allow":["GET"]}}],"collection":[{"href":"https:\/\/www.fabioferro.eu\/de\/wp-json\/wp\/v2\/product"}],"about":[{"href":"https:\/\/www.fabioferro.eu\/de\/wp-json\/wp\/v2\/types\/product"}],"replies":[{"embeddable":true,"href":"https:\/\/www.fabioferro.eu\/de\/wp-json\/wp\/v2\/comments?post=119208"}],"version-history":[{"count":0,"href":"https:\/\/www.fabioferro.eu\/de\/wp-json\/wp\/v2\/product\/119208\/revisions"}],"wp:featuredmedia":[{"embeddable":true,"href":"https:\/\/www.fabioferro.eu\/de\/wp-json\/wp\/v2\/media\/119219"}],"wp:attachment":[{"href":"https:\/\/www.fabioferro.eu\/de\/wp-json\/wp\/v2\/media?parent=119208"}],"wp:term":[{"taxonomy":"product_brand","embeddable":true,"href":"https:\/\/www.fabioferro.eu\/de\/wp-json\/wp\/v2\/product_brand?post=119208"},{"taxonomy":"product_cat","embeddable":true,"href":"https:\/\/www.fabioferro.eu\/de\/wp-json\/wp\/v2\/product_cat?post=119208"},{"taxonomy":"product_tag","embeddable":true,"href":"https:\/\/www.fabioferro.eu\/de\/wp-json\/wp\/v2\/product_tag?post=119208"}],"curies":[{"name":"wp","href":"https:\/\/api.w.org\/{rel}","templated":true}]}}