{"id":119210,"date":"2019-11-15T17:59:53","date_gmt":"2019-11-15T16:59:53","guid":{"rendered":"https:\/\/www.fabioferro.eu\/fabio-ferro-halskette-mit-suesswasser-zuchtperlen-85-95.html"},"modified":"2024-09-18T17:14:28","modified_gmt":"2024-09-18T15:14:28","slug":"fabio-ferro-halskette-mit-suesswasser-zuchtperlen-85-95","status":"publish","type":"product","link":"https:\/\/www.fabioferro.eu\/de\/fabio-ferro-halskette-mit-suesswasser-zuchtperlen-85-95.html","title":{"rendered":"Fabio Ferro Halskette mit S\u00fc\u00dfwasser-Zuchtperlen 8,5-9,5"},"content":{"rendered":"<p>Fabio Ferro Halskette mit nat\u00fcrlichen wei\u00dfen S\u00fc\u00dfwasser-Zuchtperlen mit Verschluss. Der Perlenstrang ist aus wei\u00dfen S\u00fc\u00dfwasser-Zuchtperlen gefertigt, der Durchmesser betr\u00e4gt 8,50\/9,50 mm. Die Kette wird Knoten f\u00fcr Knoten von Hand gemustert, so dass jede einzelne Perle fester und sicherer ist. Die Perlen ber\u00fchren sich nicht und nutzen sich durch den st\u00e4ndigen Kontakt nicht ab.<br \/>\nDie Kette ist mit einem blumenf\u00f6rmigen 925\/1000 Silberverschluss aus Italien mit Karabinerverschluss von 4,5 mm L\u00e4nge und 18 mm Breite verziert. Die Farbe der Perlen kann geringf\u00fcgig vom Foto abweichen, da es sich um nat\u00fcrliche Perlen handelt und eine Perle von der anderen verschieden ist.  Die Gesamtl\u00e4nge der Kette betr\u00e4gt 50 cm einschlie\u00dflich des Verschlusses. Sie wird mit einer eleganten Verpackung und einem &#8216;Fabio Ferro I Gioielli&#8217; Garantie- und Qualit\u00e4tszertifikat geliefert.  &nbsp;<\/p>\n","protected":false},"excerpt":{"rendered":"<p>Fabio Ferro Halskette aus wei\u00dfen S\u00fc\u00dfwasser-Zuchtperlen 9-9,5 mm.<\/p>\n","protected":false},"featured_media":119221,"comment_status":"open","ping_status":"closed","template":"","meta":[],"product_brand":[152],"product_cat":[6301],"product_tag":[],"class_list":{"0":"post-119210","1":"product","2":"type-product","3":"status-publish","4":"has-post-thumbnail","6":"product_brand-fabio-ferro-i-gioielli","7":"product_cat-perlenketten","9":"first","10":"instock","11":"sale","12":"taxable","13":"shipping-taxable","14":"purchasable","15":"product-type-simple"},"exclude_global_add_ons":[],"addons":[],"df_price":784,"df_sale_price":784,"df_regular_price":980,"df_image_link":"https:\/\/cdn02.fabioferro.eu\/wp-content\/uploads\/collana-di-perle-fabio-ferro-acquq-dolce-argento-ff1040.jpg","_links":{"self":[{"href":"https:\/\/www.fabioferro.eu\/de\/wp-json\/wp\/v2\/product\/119210","targetHints":{"allow":["GET"]}}],"collection":[{"href":"https:\/\/www.fabioferro.eu\/de\/wp-json\/wp\/v2\/product"}],"about":[{"href":"https:\/\/www.fabioferro.eu\/de\/wp-json\/wp\/v2\/types\/product"}],"replies":[{"embeddable":true,"href":"https:\/\/www.fabioferro.eu\/de\/wp-json\/wp\/v2\/comments?post=119210"}],"version-history":[{"count":0,"href":"https:\/\/www.fabioferro.eu\/de\/wp-json\/wp\/v2\/product\/119210\/revisions"}],"wp:featuredmedia":[{"embeddable":true,"href":"https:\/\/www.fabioferro.eu\/de\/wp-json\/wp\/v2\/media\/119221"}],"wp:attachment":[{"href":"https:\/\/www.fabioferro.eu\/de\/wp-json\/wp\/v2\/media?parent=119210"}],"wp:term":[{"taxonomy":"product_brand","embeddable":true,"href":"https:\/\/www.fabioferro.eu\/de\/wp-json\/wp\/v2\/product_brand?post=119210"},{"taxonomy":"product_cat","embeddable":true,"href":"https:\/\/www.fabioferro.eu\/de\/wp-json\/wp\/v2\/product_cat?post=119210"},{"taxonomy":"product_tag","embeddable":true,"href":"https:\/\/www.fabioferro.eu\/de\/wp-json\/wp\/v2\/product_tag?post=119210"}],"curies":[{"name":"wp","href":"https:\/\/api.w.org\/{rel}","templated":true}]}}