{"id":119242,"date":"2020-02-15T10:53:35","date_gmt":"2020-02-15T09:53:35","guid":{"rendered":"https:\/\/www.fabioferro.eu\/fope-flex-it-panorama-armband-aus-weiss-und-rosegold-mit-diamanten.html"},"modified":"2026-01-09T16:30:26","modified_gmt":"2026-01-09T15:30:26","slug":"fope-flex-it-panorama-armband-aus-weiss-und-rosegold-mit-diamanten","status":"publish","type":"product","link":"https:\/\/www.fabioferro.eu\/de\/fope-flex-it-panorama-armband-aus-weiss-und-rosegold-mit-diamanten.html","title":{"rendered":"Fope Flex It Panorama-Armband aus Wei\u00df- und Ros\u00e9gold mit Diamanten"},"content":{"rendered":"<p>Flex&#8217;it ist ein Synonym f\u00fcr Komfort. Einfach und elegant zu tragen, das ist Fope. <\/p>\n<p>Armband der Fope Panorama Kollektion aus 18 Karat Wei\u00df- und Ros\u00e9gold.<\/p>\n<p>Juwelenbreite 10 mm, Dicke 3,5 mm.<\/p>\n<p>Auf dem Innenband des Armbands folgt das Logo bis zum ersten Logo auf der gesamten L\u00e4nge des Armbands.<\/p>\n<p>Das zentrale Element ist beweglich und besteht aus einem mit 0,08 Karat Diamanten besetzten Ring und zwei festen runden Eins\u00e4tzen aus Ros\u00e9gold.<\/p>\n<p>Die Diamanten sind fein gefasst, Farbe G, Reinheit VS1.<\/p>\n<p>Fope-Logoleiste am unteren Rand.<\/p>\n<p>W\u00e4hrend der Produktion wurden die flachen Glieder des Flex&#8217;it-Armbands einem Belastungstest von 12.000 Tests unterzogen, um ihre Qualit\u00e4t zu best\u00e4tigen.<\/p>\n<p>Handgefertigt in Vicenza, komplett Made in Italy.<\/p>\n<p>Das Armband wird mit der offiziellen Fope-Box und Garantie verkauft.<\/p>\n<p><img decoding=\"async\" class=\"alignnone size-full wp-image-205465\" src=\"http:\/\/cdn02.fabioferro.eu\/wp-content\/uploads\/tabelle-misure-bracciali.jpg\" alt=\"\" width=\"1900\" height=\"153\" title=\"\" srcset=\"https:\/\/cdn02.fabioferro.eu\/wp-content\/uploads\/tabelle-misure-bracciali.jpg 1900w, https:\/\/cdn02.fabioferro.eu\/wp-content\/uploads\/tabelle-misure-bracciali-768x62.jpg 768w, https:\/\/cdn02.fabioferro.eu\/wp-content\/uploads\/tabelle-misure-bracciali-1536x124.jpg 1536w, https:\/\/cdn02.fabioferro.eu\/wp-content\/uploads\/tabelle-misure-bracciali-990x80.jpg 990w, https:\/\/cdn02.fabioferro.eu\/wp-content\/uploads\/tabelle-misure-bracciali-441x36.jpg 441w, https:\/\/cdn02.fabioferro.eu\/wp-content\/uploads\/tabelle-misure-bracciali-600x48.jpg 600w, https:\/\/cdn02.fabioferro.eu\/wp-content\/uploads\/tabelle-misure-bracciali-150x12.jpg 150w\" sizes=\"(max-width: 1900px) 100vw, 1900px\" \/><\/p>\n","protected":false},"excerpt":{"rendered":"<p>Die Handwerkskunst und die Technik, die zur Herstellung dieses Armbands verwendet werden, machen es einzigartig. Fope gibt sich die gr\u00f6\u00dfte M\u00fche, um sicherzustellen, dass das Schmuckst\u00fcck perfekt ist.<\/p>\n","protected":false},"featured_media":119251,"comment_status":"open","ping_status":"closed","template":"","meta":[],"product_brand":[154],"product_cat":[6161],"product_tag":[],"class_list":{"0":"post-119242","1":"product","2":"type-product","3":"status-publish","4":"has-post-thumbnail","6":"product_brand-fope","7":"product_cat-fope-armbander","9":"first","10":"instock","11":"taxable","12":"shipping-taxable","13":"purchasable","14":"product-type-variable","15":"has-default-attributes"},"exclude_global_add_ons":[],"addons":[],"df_price":7940,"df_sale_price":"","df_regular_price":7940,"df_image_link":"https:\/\/cdn02.fabioferro.eu\/wp-content\/uploads\/virtuemart\/product\/bracciale_fope_collezione_panorama_in_oro_bianco_e_rosa_587B_BBR_B__1594828891_711.jpg","_links":{"self":[{"href":"https:\/\/www.fabioferro.eu\/de\/wp-json\/wp\/v2\/product\/119242","targetHints":{"allow":["GET"]}}],"collection":[{"href":"https:\/\/www.fabioferro.eu\/de\/wp-json\/wp\/v2\/product"}],"about":[{"href":"https:\/\/www.fabioferro.eu\/de\/wp-json\/wp\/v2\/types\/product"}],"replies":[{"embeddable":true,"href":"https:\/\/www.fabioferro.eu\/de\/wp-json\/wp\/v2\/comments?post=119242"}],"version-history":[{"count":1,"href":"https:\/\/www.fabioferro.eu\/de\/wp-json\/wp\/v2\/product\/119242\/revisions"}],"predecessor-version":[{"id":206817,"href":"https:\/\/www.fabioferro.eu\/de\/wp-json\/wp\/v2\/product\/119242\/revisions\/206817"}],"wp:featuredmedia":[{"embeddable":true,"href":"https:\/\/www.fabioferro.eu\/de\/wp-json\/wp\/v2\/media\/119251"}],"wp:attachment":[{"href":"https:\/\/www.fabioferro.eu\/de\/wp-json\/wp\/v2\/media?parent=119242"}],"wp:term":[{"taxonomy":"product_brand","embeddable":true,"href":"https:\/\/www.fabioferro.eu\/de\/wp-json\/wp\/v2\/product_brand?post=119242"},{"taxonomy":"product_cat","embeddable":true,"href":"https:\/\/www.fabioferro.eu\/de\/wp-json\/wp\/v2\/product_cat?post=119242"},{"taxonomy":"product_tag","embeddable":true,"href":"https:\/\/www.fabioferro.eu\/de\/wp-json\/wp\/v2\/product_tag?post=119242"}],"curies":[{"name":"wp","href":"https:\/\/api.w.org\/{rel}","templated":true}]}}