{"id":119269,"date":"2019-11-11T09:37:38","date_gmt":"2019-11-11T08:37:38","guid":{"rendered":"https:\/\/www.fabioferro.eu\/fabio-ferro-halskette-aus-7-75-mm-japanischen-weissen-zuchtperlen-mit-verschluss-aus-weissgold-und-diamant.html"},"modified":"2024-09-18T17:31:15","modified_gmt":"2024-09-18T15:31:15","slug":"fabio-ferro-halskette-aus-7-75-mm-japanischen-weissen-zuchtperlen-mit-verschluss-aus-weissgold-und-diamant","status":"publish","type":"product","link":"https:\/\/www.fabioferro.eu\/de\/fabio-ferro-halskette-aus-7-75-mm-japanischen-weissen-zuchtperlen-mit-verschluss-aus-weissgold-und-diamant.html","title":{"rendered":"Fabio Ferro Halskette aus 7\/7,5 mm japanischen wei\u00dfen Zuchtperlen mit Verschluss aus Wei\u00dfgold und Diamant"},"content":{"rendered":"<p>Halskette aus wei\u00dfen asiatischen Zuchtperlen mit einem Durchmesser von 7\/7,5 mm, begleitet von einem Verschluss aus 750er Wei\u00dfgold und Diamanten. Die 57 wei\u00dfen Perlen sind von h\u00f6chster Qualit\u00e4t und werden Knoten f\u00fcr Knoten von Hand gemustert, so dass jede einzelne Perle fester und sicherer ist und sie nicht aneinander reiben, um Abnutzung durch st\u00e4ndigen Kontakt zu vermeiden. Die Schlie\u00dfe aus 18 Karat Wei\u00dfgold wiegt 2,50 g. Er wird in unserer Goldschmiedewerkstatt von Hand gefertigt und ist auf beiden Seiten mit einer Krone aus 0,12 Karat Diamanten im Brillantschliff, Farbe G und Schliff VS1, versehen. Es erm\u00f6glicht ein einfaches Anlegen mittels eines einfachen Federclips. Die Gesamtl\u00e4nge der Kette einschlie\u00dflich des Verschlusses betr\u00e4gt 48 cm. Die Farbe der Perlen kann leicht von der Abbildung abweichen, da es sich um nat\u00fcrliche Perlen handelt und eine Perle von der anderen verschieden ist. Zusammen mit einer eleganten Geschenkbox und einem von Fabio Ferro unterzeichneten Garantie- und Qualit\u00e4tszertifikat.  &nbsp;<\/p>\n<p><img decoding=\"async\" class=\"alignnone size-full wp-image-68675\" src=\"https:\/\/cdn02.fabioferro.eu\/wp-content\/uploads\/IGI-4cs-chart-IT-scaled.jpg\" alt=\"\" width=\"1864\" height=\"2560\" title=\"\" srcset=\"https:\/\/cdn02.fabioferro.eu\/wp-content\/uploads\/IGI-4cs-chart-IT-scaled.jpg 1864w, https:\/\/cdn02.fabioferro.eu\/wp-content\/uploads\/IGI-4cs-chart-IT-768x1055.jpg 768w, https:\/\/cdn02.fabioferro.eu\/wp-content\/uploads\/IGI-4cs-chart-IT-1119x1536.jpg 1119w, https:\/\/cdn02.fabioferro.eu\/wp-content\/uploads\/IGI-4cs-chart-IT-1491x2048.jpg 1491w, https:\/\/cdn02.fabioferro.eu\/wp-content\/uploads\/IGI-4cs-chart-IT-990x1359.jpg 990w, https:\/\/cdn02.fabioferro.eu\/wp-content\/uploads\/IGI-4cs-chart-IT-441x606.jpg 441w, https:\/\/cdn02.fabioferro.eu\/wp-content\/uploads\/IGI-4cs-chart-IT-600x824.jpg 600w, https:\/\/cdn02.fabioferro.eu\/wp-content\/uploads\/IGI-4cs-chart-IT-150x206.jpg 150w\" sizes=\"(max-width: 1864px) 100vw, 1864px\" \/><\/p>\n","protected":false},"excerpt":{"rendered":"<p>Eine Perlenkette, die ihresgleichen sucht. Lichtreflexe, die sich gegenseitig verfolgen und ein ewiges Juwel bilden.<\/p>\n","protected":false},"featured_media":119277,"comment_status":"open","ping_status":"closed","template":"","meta":[],"product_brand":[152],"product_cat":[6301],"product_tag":[],"class_list":{"0":"post-119269","1":"product","2":"type-product","3":"status-publish","4":"has-post-thumbnail","6":"product_brand-fabio-ferro-i-gioielli","7":"product_cat-perlenketten","9":"first","10":"instock","11":"sale","12":"taxable","13":"shipping-taxable","14":"purchasable","15":"product-type-simple"},"exclude_global_add_ons":[],"addons":[],"df_price":1768,"df_sale_price":1768,"df_regular_price":2210,"df_image_link":"https:\/\/cdn02.fabioferro.eu\/wp-content\/uploads\/collana-di-perle-fabio-ferro-acqua-di-mare-oro-diamanti-ff1038.jpg","_links":{"self":[{"href":"https:\/\/www.fabioferro.eu\/de\/wp-json\/wp\/v2\/product\/119269","targetHints":{"allow":["GET"]}}],"collection":[{"href":"https:\/\/www.fabioferro.eu\/de\/wp-json\/wp\/v2\/product"}],"about":[{"href":"https:\/\/www.fabioferro.eu\/de\/wp-json\/wp\/v2\/types\/product"}],"replies":[{"embeddable":true,"href":"https:\/\/www.fabioferro.eu\/de\/wp-json\/wp\/v2\/comments?post=119269"}],"version-history":[{"count":0,"href":"https:\/\/www.fabioferro.eu\/de\/wp-json\/wp\/v2\/product\/119269\/revisions"}],"wp:featuredmedia":[{"embeddable":true,"href":"https:\/\/www.fabioferro.eu\/de\/wp-json\/wp\/v2\/media\/119277"}],"wp:attachment":[{"href":"https:\/\/www.fabioferro.eu\/de\/wp-json\/wp\/v2\/media?parent=119269"}],"wp:term":[{"taxonomy":"product_brand","embeddable":true,"href":"https:\/\/www.fabioferro.eu\/de\/wp-json\/wp\/v2\/product_brand?post=119269"},{"taxonomy":"product_cat","embeddable":true,"href":"https:\/\/www.fabioferro.eu\/de\/wp-json\/wp\/v2\/product_cat?post=119269"},{"taxonomy":"product_tag","embeddable":true,"href":"https:\/\/www.fabioferro.eu\/de\/wp-json\/wp\/v2\/product_tag?post=119269"}],"curies":[{"name":"wp","href":"https:\/\/api.w.org\/{rel}","templated":true}]}}