{"id":119328,"date":"2019-10-24T09:16:34","date_gmt":"2019-10-24T07:16:34","guid":{"rendered":"https:\/\/www.fabioferro.eu\/tamashii-original-tibetisches-armband-mit-undurchsichtigem-onyx-verziert.html"},"modified":"2024-09-18T16:02:43","modified_gmt":"2024-09-18T14:02:43","slug":"tamashii-original-tibetisches-armband-mit-undurchsichtigem-onyx-verziert","status":"publish","type":"product","link":"https:\/\/www.fabioferro.eu\/de\/tamashii-original-tibetisches-armband-mit-undurchsichtigem-onyx-verziert.html","title":{"rendered":"Tamashii Original tibetisches Armband mit undurchsichtigem Onyx verziert"},"content":{"rendered":"<p>Bedeutung: Der Onyx, ein schwarzer Stein par excellence, wird von k\u00e4mpfenden M\u00f6nchen verwendet, um Mut und Selbstvertrauen zu verbreiten. Der Tamashii aus schwarzem Onyx verwandelt diese negativen Kr\u00e4fte in positive, das B\u00f6se in das Gute, den Hass in Mitgef\u00fchl. Diese Version des Armbands ist mit einer sch\u00f6nen kontrastierenden Mantra-Politur versehen.  &nbsp;  Die Produkte von Tamashii, die mit nat\u00fcrlichen Steinen\/Perlen handgefertigt werden, k\u00f6nnen sich in den Farbt\u00f6nen leicht von den Fotos unterscheiden. Original tibetisches Tamashii Unisex-Armband mit mattiertem Onyx. Das Besondere an diesem Modell ist die schwarze gewachste Kordel. Das Armband ist mit 12 undurchsichtigen Onyx-Perlen mit einem Durchmesser von 8 mm handgekn\u00fcpft. Die Gesamtl\u00e4nge des Armbands betr\u00e4gt 24,00 cm, kann aber auch bis zu 18,00 cm getragen werden. Was dieses Juwel einzigartig macht, ist die Tatsache, dass es von tibetischen M\u00f6nchen hergestellt und gesegnet wird. Neues Produkt in Originalverpackung mit Tamashii-Echtheitsgarantie.  &nbsp;<\/p>\n","protected":false},"excerpt":{"rendered":"<p>Tamashii Original tibetisches Armband mit undurchsichtigem Onyx verziert<\/p>\n","protected":false},"featured_media":119329,"comment_status":"open","ping_status":"closed","template":"","meta":[],"product_brand":[199],"product_cat":[6318],"product_tag":[],"class_list":{"0":"post-119328","1":"product","2":"type-product","3":"status-publish","4":"has-post-thumbnail","6":"product_brand-tamashii","7":"product_cat-tamashii","9":"first","10":"instock","11":"taxable","12":"shipping-taxable","13":"purchasable","14":"product-type-simple"},"exclude_global_add_ons":[],"addons":[],"df_price":42,"df_sale_price":"","df_regular_price":42,"df_image_link":"https:\/\/cdn02.fabioferro.eu\/wp-content\/uploads\/virtuemart\/product\/BLACKS900_234__1571908753_746.jpg","_links":{"self":[{"href":"https:\/\/www.fabioferro.eu\/de\/wp-json\/wp\/v2\/product\/119328","targetHints":{"allow":["GET"]}}],"collection":[{"href":"https:\/\/www.fabioferro.eu\/de\/wp-json\/wp\/v2\/product"}],"about":[{"href":"https:\/\/www.fabioferro.eu\/de\/wp-json\/wp\/v2\/types\/product"}],"replies":[{"embeddable":true,"href":"https:\/\/www.fabioferro.eu\/de\/wp-json\/wp\/v2\/comments?post=119328"}],"version-history":[{"count":0,"href":"https:\/\/www.fabioferro.eu\/de\/wp-json\/wp\/v2\/product\/119328\/revisions"}],"wp:featuredmedia":[{"embeddable":true,"href":"https:\/\/www.fabioferro.eu\/de\/wp-json\/wp\/v2\/media\/119329"}],"wp:attachment":[{"href":"https:\/\/www.fabioferro.eu\/de\/wp-json\/wp\/v2\/media?parent=119328"}],"wp:term":[{"taxonomy":"product_brand","embeddable":true,"href":"https:\/\/www.fabioferro.eu\/de\/wp-json\/wp\/v2\/product_brand?post=119328"},{"taxonomy":"product_cat","embeddable":true,"href":"https:\/\/www.fabioferro.eu\/de\/wp-json\/wp\/v2\/product_cat?post=119328"},{"taxonomy":"product_tag","embeddable":true,"href":"https:\/\/www.fabioferro.eu\/de\/wp-json\/wp\/v2\/product_tag?post=119328"}],"curies":[{"name":"wp","href":"https:\/\/api.w.org\/{rel}","templated":true}]}}