{"id":119331,"date":"2019-10-24T08:59:21","date_gmt":"2019-10-24T06:59:21","guid":{"rendered":"https:\/\/www.fabioferro.eu\/tamashii-original-tibetisches-armband-mit-lila-mosaikquarz.html"},"modified":"2024-08-08T08:58:58","modified_gmt":"2024-08-08T06:58:58","slug":"tamashii-original-tibetisches-armband-mit-lila-mosaikquarz","status":"publish","type":"product","link":"https:\/\/www.fabioferro.eu\/de\/tamashii-original-tibetisches-armband-mit-lila-mosaikquarz.html","title":{"rendered":"Tamashii Original Tibetisches Armband mit lila Mosaikquarz"},"content":{"rendered":"<p>Bedeutung: Die Mischung aus Mosaikquarz und Pyritsand sorgt f\u00fcr Ausgeglichenheit, lindert Zust\u00e4nde der Unsicherheit, indem sie st\u00f6renden Energien entgegenwirkt und die Selbstbehauptung f\u00f6rdert, so dass Wohlwollen, Gro\u00dfz\u00fcgigkeit und Freude einflie\u00dfen k\u00f6nnen. In seiner violetten Variante hilft er in Phasen des inneren Wachstums und der Ver\u00e4nderung.  &nbsp;  Die Produkte von Tamashii, die mit nat\u00fcrlichen Steinen\/Perlen handgefertigt werden, k\u00f6nnen sich in den Farbt\u00f6nen leicht von den Fotos unterscheiden. Original Unisex tibetisches Tamashii Armband mit lila Quarz. Das Armband ist mit 12 Kugeln aus Purpurquarz mit einem Durchmesser von 8 mm besetzt und handgekn\u00fcpft. Die Gesamtl\u00e4nge des Armbands betr\u00e4gt 24,00 cm, kann aber auch bis zu 18,00 cm getragen werden. Was dieses Juwel einzigartig macht, ist die Tatsache, dass es von tibetischen M\u00f6nchen hergestellt und gesegnet wird. Neues Produkt in Originalverpackung mit Tamashii-Echtheitsgarantie.  &nbsp;<\/p>\n","protected":false},"excerpt":{"rendered":"<p>Tamashii Original Tibetisches Armband mit lila Mosaikquarz<\/p>\n","protected":false},"featured_media":119332,"comment_status":"open","ping_status":"closed","template":"","meta":[],"product_brand":[199],"product_cat":[6318],"product_tag":[],"class_list":{"0":"post-119331","1":"product","2":"type-product","3":"status-publish","4":"has-post-thumbnail","6":"product_brand-tamashii","7":"product_cat-tamashii","9":"first","10":"instock","11":"taxable","12":"shipping-taxable","13":"purchasable","14":"product-type-simple"},"exclude_global_add_ons":[],"addons":[],"df_price":42,"df_sale_price":"","df_regular_price":42,"df_image_link":"https:\/\/cdn02.fabioferro.eu\/wp-content\/uploads\/virtuemart\/product\/BHS900_236__1571907712_738.jpg","_links":{"self":[{"href":"https:\/\/www.fabioferro.eu\/de\/wp-json\/wp\/v2\/product\/119331","targetHints":{"allow":["GET"]}}],"collection":[{"href":"https:\/\/www.fabioferro.eu\/de\/wp-json\/wp\/v2\/product"}],"about":[{"href":"https:\/\/www.fabioferro.eu\/de\/wp-json\/wp\/v2\/types\/product"}],"replies":[{"embeddable":true,"href":"https:\/\/www.fabioferro.eu\/de\/wp-json\/wp\/v2\/comments?post=119331"}],"version-history":[{"count":0,"href":"https:\/\/www.fabioferro.eu\/de\/wp-json\/wp\/v2\/product\/119331\/revisions"}],"wp:featuredmedia":[{"embeddable":true,"href":"https:\/\/www.fabioferro.eu\/de\/wp-json\/wp\/v2\/media\/119332"}],"wp:attachment":[{"href":"https:\/\/www.fabioferro.eu\/de\/wp-json\/wp\/v2\/media?parent=119331"}],"wp:term":[{"taxonomy":"product_brand","embeddable":true,"href":"https:\/\/www.fabioferro.eu\/de\/wp-json\/wp\/v2\/product_brand?post=119331"},{"taxonomy":"product_cat","embeddable":true,"href":"https:\/\/www.fabioferro.eu\/de\/wp-json\/wp\/v2\/product_cat?post=119331"},{"taxonomy":"product_tag","embeddable":true,"href":"https:\/\/www.fabioferro.eu\/de\/wp-json\/wp\/v2\/product_tag?post=119331"}],"curies":[{"name":"wp","href":"https:\/\/api.w.org\/{rel}","templated":true}]}}