{"id":119338,"date":"2019-10-23T16:53:58","date_gmt":"2019-10-23T14:53:58","guid":{"rendered":"https:\/\/www.fabioferro.eu\/tamashii-original-tibetan-mantra-collection-armband-mit-moosachat.html"},"modified":"2024-09-18T16:02:50","modified_gmt":"2024-09-18T14:02:50","slug":"tamashii-original-tibetan-mantra-collection-armband-mit-moosachat","status":"publish","type":"product","link":"https:\/\/www.fabioferro.eu\/de\/tamashii-original-tibetan-mantra-collection-armband-mit-moosachat.html","title":{"rendered":"Tamashii Original Tibetan Mantra Collection Armband mit Moosachat"},"content":{"rendered":"<p>Bedeutung: ein Naturstein mit Farben von Gelbgr\u00fcn bis Dunkelgr\u00fcn, der nach Erfolg, Reichtum und Macht strebt. Der bunte Ton k\u00f6nnte auf einen weniger wettbewerbsorientierten und eifers\u00fcchtigen Ehrgeiz hindeuten. Dieses Tamashii verwandelt Stolz in Weisheit der Identit\u00e4t.  &nbsp;  Die Produkte von Tamashii, die mit nat\u00fcrlichen Steinen\/Perlen handgefertigt werden, k\u00f6nnen sich in den Farbt\u00f6nen leicht von den Fotos unterscheiden. Original tibetisches Tamashii Mantra Collection Unisex-Armband mit gelbem und gr\u00fcnem Moschusachat. Das Armband ist mit 7 schwarzen Kirschen und gr\u00fcnen Jadekugeln von 8 mm Durchmesser und 5 weiteren Kugeln derselben Gr\u00f6\u00dfe, die in Tibetisch eingraviert sind, handgekn\u00fcpft. Die Gesamtl\u00e4nge des Armbands betr\u00e4gt 24,00 cm, aber es kann auch bis zu 18,00 cm getragen werden. Was dieses Juwel einzigartig macht, ist die Tatsache, dass es von tibetischen M\u00f6nchen hergestellt und gesegnet wird. Neues Produkt in Originalverpackung mit Tamashii-Echtheitsgarantie.<\/p>\n","protected":false},"excerpt":{"rendered":"<p>Tamashii Original Tibetan Mantra Collection Armband mit Moosachat<\/p>\n","protected":false},"featured_media":119342,"comment_status":"open","ping_status":"closed","template":"","meta":[],"product_brand":[199],"product_cat":[6318],"product_tag":[],"class_list":{"0":"post-119338","1":"product","2":"type-product","3":"status-publish","4":"has-post-thumbnail","6":"product_brand-tamashii","7":"product_cat-tamashii","9":"first","10":"instock","11":"taxable","12":"shipping-taxable","13":"purchasable","14":"product-type-simple"},"exclude_global_add_ons":[],"addons":[],"df_price":49,"df_sale_price":"","df_regular_price":49,"df_image_link":"https:\/\/cdn02.fabioferro.eu\/wp-content\/uploads\/virtuemart\/product\/BHS200_17__1571849879_581.jpg","_links":{"self":[{"href":"https:\/\/www.fabioferro.eu\/de\/wp-json\/wp\/v2\/product\/119338","targetHints":{"allow":["GET"]}}],"collection":[{"href":"https:\/\/www.fabioferro.eu\/de\/wp-json\/wp\/v2\/product"}],"about":[{"href":"https:\/\/www.fabioferro.eu\/de\/wp-json\/wp\/v2\/types\/product"}],"replies":[{"embeddable":true,"href":"https:\/\/www.fabioferro.eu\/de\/wp-json\/wp\/v2\/comments?post=119338"}],"version-history":[{"count":0,"href":"https:\/\/www.fabioferro.eu\/de\/wp-json\/wp\/v2\/product\/119338\/revisions"}],"wp:featuredmedia":[{"embeddable":true,"href":"https:\/\/www.fabioferro.eu\/de\/wp-json\/wp\/v2\/media\/119342"}],"wp:attachment":[{"href":"https:\/\/www.fabioferro.eu\/de\/wp-json\/wp\/v2\/media?parent=119338"}],"wp:term":[{"taxonomy":"product_brand","embeddable":true,"href":"https:\/\/www.fabioferro.eu\/de\/wp-json\/wp\/v2\/product_brand?post=119338"},{"taxonomy":"product_cat","embeddable":true,"href":"https:\/\/www.fabioferro.eu\/de\/wp-json\/wp\/v2\/product_cat?post=119338"},{"taxonomy":"product_tag","embeddable":true,"href":"https:\/\/www.fabioferro.eu\/de\/wp-json\/wp\/v2\/product_tag?post=119338"}],"curies":[{"name":"wp","href":"https:\/\/api.w.org\/{rel}","templated":true}]}}