{"id":119365,"date":"2019-10-23T16:32:58","date_gmt":"2019-10-23T14:32:58","guid":{"rendered":"https:\/\/www.fabioferro.eu\/tamashii-original-tibetan-mantra-collection-armband-mit-tuerkis.html"},"modified":"2019-10-23T16:32:58","modified_gmt":"2019-10-23T14:32:58","slug":"tamashii-original-tibetan-mantra-collection-armband-mit-tuerkis","status":"publish","type":"product","link":"https:\/\/www.fabioferro.eu\/de\/tamashii-original-tibetan-mantra-collection-armband-mit-tuerkis.html","title":{"rendered":"Tamashii Original Tibetan Mantra Collection Armband mit T\u00fcrkis"},"content":{"rendered":"<p>Bedeutung:<\/p>\n<p>T\u00fcrkis ist ein Naturstein mit blauen und gr\u00fcnen Reflexen, der die Bedeutung und die Esoterik dieser beiden Farben vereint und in der buddhistischen Esoterik weit verbreitet ist.<\/p>\n<p>Das t\u00fcrkisfarbene Tamashii beruhigt die Seele, indem es Wut in Weisheit verwandelt.<\/p>\n<p>&nbsp;<\/p>\n<p>Tamashii-Produkte, die mit nat\u00fcrlichen Steinen\/Perlen handgefertigt werden, k\u00f6nnen etwas andere Farbt\u00f6ne haben als auf den Fotos.<\/p>\n<p>Original tibetisches Tamashii Mantra Collection Unisex-Armband mit T\u00fcrkis.<\/p>\n<p>Das Armband ist mit 7 T\u00fcrkiskugeln mit einem Durchmesser von 8 mm und 5 weiteren Kugeln derselben Gr\u00f6\u00dfe, die in tibetischer Sprache eingraviert sind, best\u00fcckt und handgekn\u00fcpft.<\/p>\n<p>Die Gesamtl\u00e4nge des Armbands betr\u00e4gt 24,00 cm, es kann aber auch bis zu 18,00 cm getragen werden.<\/p>\n<p>Was dieses Juwel einzigartig macht, ist die Tatsache, dass es von tibetischen M\u00f6nchen hergestellt und gesegnet wird.<\/p>\n<p>Neues Produkt in Originalverpackung mit Tamashii-Echtheitsgarantie.<\/p>\n<p>&nbsp;<\/p>\n","protected":false},"excerpt":{"rendered":"<p>Tamashii Original Tibetan Mantra Collection Armband mit T\u00fcrkis<\/p>\n","protected":false},"featured_media":119423,"comment_status":"open","ping_status":"closed","template":"","meta":[],"product_brand":[199],"product_cat":[6318],"product_tag":[],"class_list":{"0":"post-119365","1":"product","2":"type-product","3":"status-publish","4":"has-post-thumbnail","6":"product_brand-tamashii","7":"product_cat-tamashii","9":"first","10":"instock","11":"taxable","12":"shipping-taxable","13":"purchasable","14":"product-type-simple"},"exclude_global_add_ons":[],"addons":[],"df_price":49,"df_sale_price":"","df_regular_price":49,"df_image_link":"https:\/\/cdn02.fabioferro.eu\/wp-content\/uploads\/virtuemart\/product\/BHS200_07__1571848644_128.jpg","_links":{"self":[{"href":"https:\/\/www.fabioferro.eu\/de\/wp-json\/wp\/v2\/product\/119365","targetHints":{"allow":["GET"]}}],"collection":[{"href":"https:\/\/www.fabioferro.eu\/de\/wp-json\/wp\/v2\/product"}],"about":[{"href":"https:\/\/www.fabioferro.eu\/de\/wp-json\/wp\/v2\/types\/product"}],"replies":[{"embeddable":true,"href":"https:\/\/www.fabioferro.eu\/de\/wp-json\/wp\/v2\/comments?post=119365"}],"version-history":[{"count":0,"href":"https:\/\/www.fabioferro.eu\/de\/wp-json\/wp\/v2\/product\/119365\/revisions"}],"wp:featuredmedia":[{"embeddable":true,"href":"https:\/\/www.fabioferro.eu\/de\/wp-json\/wp\/v2\/media\/119423"}],"wp:attachment":[{"href":"https:\/\/www.fabioferro.eu\/de\/wp-json\/wp\/v2\/media?parent=119365"}],"wp:term":[{"taxonomy":"product_brand","embeddable":true,"href":"https:\/\/www.fabioferro.eu\/de\/wp-json\/wp\/v2\/product_brand?post=119365"},{"taxonomy":"product_cat","embeddable":true,"href":"https:\/\/www.fabioferro.eu\/de\/wp-json\/wp\/v2\/product_cat?post=119365"},{"taxonomy":"product_tag","embeddable":true,"href":"https:\/\/www.fabioferro.eu\/de\/wp-json\/wp\/v2\/product_tag?post=119365"}],"curies":[{"name":"wp","href":"https:\/\/api.w.org\/{rel}","templated":true}]}}