{"id":119378,"date":"2019-09-17T14:56:20","date_gmt":"2019-09-17T12:56:20","guid":{"rendered":"https:\/\/www.fabioferro.eu\/giovanni-raspini-amiche-per-sempre-charme.html"},"modified":"2025-06-06T16:15:47","modified_gmt":"2025-06-06T14:15:47","slug":"giovanni-raspini-amiche-per-sempre-charme","status":"publish","type":"product","link":"https:\/\/www.fabioferro.eu\/de\/giovanni-raspini-amiche-per-sempre-charme.html","title":{"rendered":"Giovanni Raspini Amiche Per Sempre Charme"},"content":{"rendered":"<p>Anh\u00e4nger aus 925\/1000 Silber von Giovanni Raspini. Das Produkt wurde in Italien entworfen und handgefertigt. Charm, der einen F\u00e4cher aus Herzen mit den drei Gravuren \u201cFriends \u2013 For \u2013 Always\u201d darstellt. Dank des Signaturrings von Giovanni Raspini kann er in ein Armband eingef\u00fcgt, als Anh\u00e4nger an einer Halskette oder in einem Schl\u00fcsselanh\u00e4nger verwendet werden. Neues Schmuckst\u00fcck mit Box und offizieller Giovanni Raspini Garantie.<\/p>\n","protected":false},"excerpt":{"rendered":"<p>Giovanni Raspini Amiche Per Sempre Silber Charme<\/p>\n","protected":false},"featured_media":119389,"comment_status":"open","ping_status":"closed","template":"","meta":[],"product_brand":[155],"product_cat":[7575,7576],"product_tag":[7442],"class_list":{"0":"post-119378","1":"product","2":"type-product","3":"status-publish","4":"has-post-thumbnail","6":"product_brand-raspini","7":"product_cat-do-it-yourself-schmuck-giovanni-raspini","8":"product_cat-giovanni-raspini-reize","9":"product_tag-verfugbar","11":"first","12":"instock","13":"sale","14":"taxable","15":"shipping-taxable","16":"purchasable","17":"product-type-simple"},"exclude_global_add_ons":[],"addons":[],"df_price":45,"df_sale_price":45,"df_regular_price":50,"df_image_link":"https:\/\/cdn02.fabioferro.eu\/wp-content\/uploads\/virtuemart\/product\/giovanni_raspini_charm_amiche_per_sempre_argento_10191_ses__1568732781_697.jpg","_links":{"self":[{"href":"https:\/\/www.fabioferro.eu\/de\/wp-json\/wp\/v2\/product\/119378","targetHints":{"allow":["GET"]}}],"collection":[{"href":"https:\/\/www.fabioferro.eu\/de\/wp-json\/wp\/v2\/product"}],"about":[{"href":"https:\/\/www.fabioferro.eu\/de\/wp-json\/wp\/v2\/types\/product"}],"replies":[{"embeddable":true,"href":"https:\/\/www.fabioferro.eu\/de\/wp-json\/wp\/v2\/comments?post=119378"}],"version-history":[{"count":0,"href":"https:\/\/www.fabioferro.eu\/de\/wp-json\/wp\/v2\/product\/119378\/revisions"}],"wp:featuredmedia":[{"embeddable":true,"href":"https:\/\/www.fabioferro.eu\/de\/wp-json\/wp\/v2\/media\/119389"}],"wp:attachment":[{"href":"https:\/\/www.fabioferro.eu\/de\/wp-json\/wp\/v2\/media?parent=119378"}],"wp:term":[{"taxonomy":"product_brand","embeddable":true,"href":"https:\/\/www.fabioferro.eu\/de\/wp-json\/wp\/v2\/product_brand?post=119378"},{"taxonomy":"product_cat","embeddable":true,"href":"https:\/\/www.fabioferro.eu\/de\/wp-json\/wp\/v2\/product_cat?post=119378"},{"taxonomy":"product_tag","embeddable":true,"href":"https:\/\/www.fabioferro.eu\/de\/wp-json\/wp\/v2\/product_tag?post=119378"}],"curies":[{"name":"wp","href":"https:\/\/api.w.org\/{rel}","templated":true}]}}