{"id":119385,"date":"2019-08-31T08:34:21","date_gmt":"2019-08-31T06:34:21","guid":{"rendered":"https:\/\/www.fabioferro.eu\/original-tibetisches-blaues-mosaik-quarz-armband.html"},"modified":"2024-09-18T16:04:24","modified_gmt":"2024-09-18T14:04:24","slug":"original-tibetisches-blaues-mosaik-quarz-armband","status":"publish","type":"product","link":"https:\/\/www.fabioferro.eu\/de\/original-tibetisches-blaues-mosaik-quarz-armband.html","title":{"rendered":"Original tibetisches blaues Mosaik-Quarz-Armband"},"content":{"rendered":"<p>Tamashii-Produkte, die mit nat\u00fcrlichen Steinen\/Perlen handgefertigt werden, k\u00f6nnen Farbt\u00f6ne aufweisen, die leicht von den Fotos abweichen. Original tibetisches blaues Mosaik-Quarz-Armband. Unisex Gr\u00f6\u00dfe.  &nbsp;  Blauer Mosaikquarz ist ein nat\u00fcrlicher Harmonisierer. Die Mischung aus Mosaikquarz und Pyritsand sorgt f\u00fcr Ausgeglichenheit, mildert Unsicherheitszust\u00e4nde, indem sie st\u00f6renden Energien entgegenwirkt und die Selbstbehauptung f\u00f6rdert, so dass Wohlwollen, Gro\u00dfz\u00fcgigkeit und Freude einflie\u00dfen k\u00f6nnen. In seiner blauen Variante steht er f\u00fcr Reinheit, Weisheit und Frieden.  &nbsp;  Das Armband ist handgekn\u00fcpft und besteht aus 12 grauen Jaspiskugeln mit einem Durchmesser von 8,00 mm. Die Gesamtl\u00e4nge betr\u00e4gt 24,00 cm, kann aber bis auf 18,00 cm heruntergezogen werden. Praktischer Knopfverschluss aus br\u00fcniertem Metall. Jedes Tamashii-Armband enth\u00e4lt ein h\u00f6lzernes Element, eine Darstellung eines kleinen K\u00fcrbisses voller Samen, der Kamawatchi Calabush oder einfach Calabash genannt wird und f\u00fcr die Kontinuit\u00e4t des Lebens steht. Ein einzigartiges Schmuckst\u00fcck, denn es wird ausschlie\u00dflich von den geschickten H\u00e4nden tibetischer M\u00f6nche hergestellt und am Ende seiner Herstellung einzeln gesegnet. Neues Produkt in Originalverpackung mit authentischer Tamashii-Garantie. Ich stelle eine Quittung und\/oder Rechnung aus. &nbsp;<\/p>\n","protected":false},"excerpt":{"rendered":"<p>Original tibetisches blaues Mosaik-Quarz-Armband<\/p>\n","protected":false},"featured_media":119394,"comment_status":"open","ping_status":"closed","template":"","meta":[],"product_brand":[199],"product_cat":[6318],"product_tag":[],"class_list":{"0":"post-119385","1":"product","2":"type-product","3":"status-publish","4":"has-post-thumbnail","6":"product_brand-tamashii","7":"product_cat-tamashii","9":"first","10":"instock","11":"taxable","12":"shipping-taxable","13":"purchasable","14":"product-type-simple"},"exclude_global_add_ons":[],"addons":[],"df_price":42,"df_sale_price":"","df_regular_price":42,"df_image_link":"https:\/\/cdn02.fabioferro.eu\/wp-content\/uploads\/virtuemart\/product\/BHS900_235__1567244971_763.jpg","_links":{"self":[{"href":"https:\/\/www.fabioferro.eu\/de\/wp-json\/wp\/v2\/product\/119385","targetHints":{"allow":["GET"]}}],"collection":[{"href":"https:\/\/www.fabioferro.eu\/de\/wp-json\/wp\/v2\/product"}],"about":[{"href":"https:\/\/www.fabioferro.eu\/de\/wp-json\/wp\/v2\/types\/product"}],"replies":[{"embeddable":true,"href":"https:\/\/www.fabioferro.eu\/de\/wp-json\/wp\/v2\/comments?post=119385"}],"version-history":[{"count":0,"href":"https:\/\/www.fabioferro.eu\/de\/wp-json\/wp\/v2\/product\/119385\/revisions"}],"wp:featuredmedia":[{"embeddable":true,"href":"https:\/\/www.fabioferro.eu\/de\/wp-json\/wp\/v2\/media\/119394"}],"wp:attachment":[{"href":"https:\/\/www.fabioferro.eu\/de\/wp-json\/wp\/v2\/media?parent=119385"}],"wp:term":[{"taxonomy":"product_brand","embeddable":true,"href":"https:\/\/www.fabioferro.eu\/de\/wp-json\/wp\/v2\/product_brand?post=119385"},{"taxonomy":"product_cat","embeddable":true,"href":"https:\/\/www.fabioferro.eu\/de\/wp-json\/wp\/v2\/product_cat?post=119385"},{"taxonomy":"product_tag","embeddable":true,"href":"https:\/\/www.fabioferro.eu\/de\/wp-json\/wp\/v2\/product_tag?post=119385"}],"curies":[{"name":"wp","href":"https:\/\/api.w.org\/{rel}","templated":true}]}}