{"id":119386,"date":"2019-10-24T07:18:53","date_gmt":"2019-10-24T05:18:53","guid":{"rendered":"https:\/\/www.fabioferro.eu\/tamashii-original-tibetanisches-armband-gebetsrad-kollektion-mit-gruenem-achat.html"},"modified":"2024-09-18T16:02:53","modified_gmt":"2024-09-18T14:02:53","slug":"tamashii-original-tibetanisches-armband-gebetsrad-kollektion-mit-gruenem-achat","status":"publish","type":"product","link":"https:\/\/www.fabioferro.eu\/de\/tamashii-original-tibetanisches-armband-gebetsrad-kollektion-mit-gruenem-achat.html","title":{"rendered":"Tamashii Original Tibetanisches Armband Gebetsrad Kollektion mit gr\u00fcnem Achat"},"content":{"rendered":"<p>Bedeutung: Achat ist ein Stein, der in der Natur in verschiedenen Farben vorkommt. In diesem Fall steht die gr\u00fcne Variante f\u00fcr die Farbe der Natur, der B\u00e4ume und Pflanzen. Er fasst die Qualit\u00e4ten von Ausgewogenheit und Harmonie, aber auch von jugendlichem Elan und Tatkraft zusammen. Sie verwandelt Eifersucht in Weisheit der Erkenntnis.  &nbsp;  Die Produkte von Tamashii, die mit nat\u00fcrlichen Steinen\/Perlen handgefertigt werden, k\u00f6nnen sich in den Farbt\u00f6nen leicht von den Fotos unterscheiden. Unisex Original Tibetan Tamashii Armband Prayer Collection mit gr\u00fcnem Achat und Silber. Das Armband ist mit 7 Achatkugeln mit einem Durchmesser von 8 mm und 5 weiteren Kugeln derselben Gr\u00f6\u00dfe, die in tibetisches 925er Sterlingsilber eingraviert sind, best\u00fcckt und handgekn\u00fcpft. Die Gesamtl\u00e4nge des Armbands betr\u00e4gt 24,00 cm, aber es kann auch bis zu 18,00 cm getragen werden. Der Knopfverschluss ist in Silber gehalten. Was dieses Juwel einzigartig macht, ist die Tatsache, dass es von tibetischen M\u00f6nchen hergestellt und gesegnet wird. Neues Produkt in Originalverpackung mit Tamashii-Echtheitsgarantie.<\/p>\n","protected":false},"excerpt":{"rendered":"<p>Tamashii Original Tibetanisches Armband Gebetsrad Kollektion mit gr\u00fcnem Achat<\/p>\n","protected":false},"featured_media":119397,"comment_status":"open","ping_status":"closed","template":"","meta":[],"product_brand":[199],"product_cat":[6318],"product_tag":[],"class_list":{"0":"post-119386","1":"product","2":"type-product","3":"status-publish","4":"has-post-thumbnail","6":"product_brand-tamashii","7":"product_cat-tamashii","9":"first","10":"instock","11":"taxable","12":"shipping-taxable","13":"purchasable","14":"product-type-simple"},"exclude_global_add_ons":[],"addons":[],"df_price":118,"df_sale_price":"","df_regular_price":118,"df_image_link":"https:\/\/cdn02.fabioferro.eu\/wp-content\/uploads\/virtuemart\/product\/BHS900_12S__1571901754_220.jpg","_links":{"self":[{"href":"https:\/\/www.fabioferro.eu\/de\/wp-json\/wp\/v2\/product\/119386","targetHints":{"allow":["GET"]}}],"collection":[{"href":"https:\/\/www.fabioferro.eu\/de\/wp-json\/wp\/v2\/product"}],"about":[{"href":"https:\/\/www.fabioferro.eu\/de\/wp-json\/wp\/v2\/types\/product"}],"replies":[{"embeddable":true,"href":"https:\/\/www.fabioferro.eu\/de\/wp-json\/wp\/v2\/comments?post=119386"}],"version-history":[{"count":0,"href":"https:\/\/www.fabioferro.eu\/de\/wp-json\/wp\/v2\/product\/119386\/revisions"}],"wp:featuredmedia":[{"embeddable":true,"href":"https:\/\/www.fabioferro.eu\/de\/wp-json\/wp\/v2\/media\/119397"}],"wp:attachment":[{"href":"https:\/\/www.fabioferro.eu\/de\/wp-json\/wp\/v2\/media?parent=119386"}],"wp:term":[{"taxonomy":"product_brand","embeddable":true,"href":"https:\/\/www.fabioferro.eu\/de\/wp-json\/wp\/v2\/product_brand?post=119386"},{"taxonomy":"product_cat","embeddable":true,"href":"https:\/\/www.fabioferro.eu\/de\/wp-json\/wp\/v2\/product_cat?post=119386"},{"taxonomy":"product_tag","embeddable":true,"href":"https:\/\/www.fabioferro.eu\/de\/wp-json\/wp\/v2\/product_tag?post=119386"}],"curies":[{"name":"wp","href":"https:\/\/api.w.org\/{rel}","templated":true}]}}