{"id":119405,"date":"2019-08-31T08:23:33","date_gmt":"2019-08-31T06:23:33","guid":{"rendered":"https:\/\/www.fabioferro.eu\/original-tibetisches-rotes-mosaik-quarz-armband.html"},"modified":"2025-06-06T16:15:15","modified_gmt":"2025-06-06T14:15:15","slug":"original-tibetisches-rotes-mosaik-quarz-armband","status":"publish","type":"product","link":"https:\/\/www.fabioferro.eu\/de\/original-tibetisches-rotes-mosaik-quarz-armband.html","title":{"rendered":"Original tibetisches rotes Mosaik-Quarz-Armband"},"content":{"rendered":"<p>Tamashii-Produkte, die mit nat\u00fcrlichen Steinen\/Perlen handgefertigt werden, k\u00f6nnen Farbt\u00f6ne aufweisen, die leicht von den Fotos abweichen. Original tibetisches rotes Mosaik-Quarz-Armband. Unisex Gr\u00f6\u00dfe.  &nbsp;  Rotes Quarzmosaik f\u00fchrt zu nat\u00fcrlicher Harmonie. Die Mischung aus Quarz- und Pyritsand sorgt f\u00fcr Ausgeglichenheit, mildert Unsicherheiten, indem sie st\u00f6renden Energien entgegenwirkt, und st\u00e4rkt die Selbstbehauptung, so dass Wohlwollen, Gro\u00dfz\u00fcgigkeit und Freude zunehmen k\u00f6nnen. In seiner roten Variante steht er f\u00fcr Aufstieg und Weisheit, Hingabe und Glauben. Er steht f\u00fcr das, was rein und selten ist.  &nbsp;  Das Armband ist handgekn\u00fcpft und besteht aus 12 grauen Jaspiskugeln mit einem Durchmesser von 8,00 mm. Die Gesamtl\u00e4nge betr\u00e4gt 24,00 cm, kann aber bis auf 18,00 cm heruntergezogen werden. Praktischer Knopfverschluss aus br\u00fcniertem Metall. Jedes Tamashii-Armband enth\u00e4lt ein h\u00f6lzernes Element, eine Darstellung eines kleinen K\u00fcrbisses voller Samen, der Kamawatchi Calabush oder einfach Calabash genannt wird und f\u00fcr die Kontinuit\u00e4t des Lebens steht. Ein einzigartiges Schmuckst\u00fcck, denn es wird ausschlie\u00dflich von den geschickten H\u00e4nden tibetischer M\u00f6nche hergestellt und am Ende seiner Herstellung einzeln gesegnet. Neues Produkt in Originalverpackung mit authentischer Tamashii-Garantie. Ich stelle eine Quittung und\/oder Rechnung aus. &nbsp;<\/p>\n","protected":false},"excerpt":{"rendered":"<p>Original tibetisches rotes Mosaik-Quarz-Armband<\/p>\n","protected":false},"featured_media":119417,"comment_status":"open","ping_status":"closed","template":"","meta":[],"product_brand":[199],"product_cat":[6318],"product_tag":[],"class_list":{"0":"post-119405","1":"product","2":"type-product","3":"status-publish","4":"has-post-thumbnail","6":"product_brand-tamashii","7":"product_cat-tamashii","9":"first","10":"instock","11":"taxable","12":"shipping-taxable","13":"purchasable","14":"product-type-simple"},"exclude_global_add_ons":[],"addons":[],"df_price":42,"df_sale_price":"","df_regular_price":42,"df_image_link":"https:\/\/cdn02.fabioferro.eu\/wp-content\/uploads\/virtuemart\/product\/BHS900_239__1567239872_820.jpg","_links":{"self":[{"href":"https:\/\/www.fabioferro.eu\/de\/wp-json\/wp\/v2\/product\/119405","targetHints":{"allow":["GET"]}}],"collection":[{"href":"https:\/\/www.fabioferro.eu\/de\/wp-json\/wp\/v2\/product"}],"about":[{"href":"https:\/\/www.fabioferro.eu\/de\/wp-json\/wp\/v2\/types\/product"}],"replies":[{"embeddable":true,"href":"https:\/\/www.fabioferro.eu\/de\/wp-json\/wp\/v2\/comments?post=119405"}],"version-history":[{"count":0,"href":"https:\/\/www.fabioferro.eu\/de\/wp-json\/wp\/v2\/product\/119405\/revisions"}],"wp:featuredmedia":[{"embeddable":true,"href":"https:\/\/www.fabioferro.eu\/de\/wp-json\/wp\/v2\/media\/119417"}],"wp:attachment":[{"href":"https:\/\/www.fabioferro.eu\/de\/wp-json\/wp\/v2\/media?parent=119405"}],"wp:term":[{"taxonomy":"product_brand","embeddable":true,"href":"https:\/\/www.fabioferro.eu\/de\/wp-json\/wp\/v2\/product_brand?post=119405"},{"taxonomy":"product_cat","embeddable":true,"href":"https:\/\/www.fabioferro.eu\/de\/wp-json\/wp\/v2\/product_cat?post=119405"},{"taxonomy":"product_tag","embeddable":true,"href":"https:\/\/www.fabioferro.eu\/de\/wp-json\/wp\/v2\/product_tag?post=119405"}],"curies":[{"name":"wp","href":"https:\/\/api.w.org\/{rel}","templated":true}]}}