{"id":119414,"date":"2019-09-27T09:25:44","date_gmt":"2019-09-27T07:25:44","guid":{"rendered":"https:\/\/www.fabioferro.eu\/amen-frauen-silber-kreuz-halskette-anchored-hearts.html"},"modified":"2024-10-01T16:39:45","modified_gmt":"2024-10-01T14:39:45","slug":"amen-frauen-silber-kreuz-halskette-anchored-hearts","status":"publish","type":"product","link":"https:\/\/www.fabioferro.eu\/de\/amen-frauen-silber-kreuz-halskette-anchored-hearts.html","title":{"rendered":"Amen Frauen Silber Kreuz Halskette Anchored Hearts"},"content":{"rendered":"<p>Amen-Halskette aus 925\/1000 Silber Kreuz verankert Herzen mit Zirkonen Die Halskette hat eine Gesamtl\u00e4nge von 45,00 cm, kann aber dank einer Reihe von Ringen, die in das Ende der Halskette eingef\u00fcgt sind, bis zu 40,00 cm getragen werden. Verschluss mit Karabinerhaken. Neues Schmuckst\u00fcck mit Garantiezertifikat, Amen Shopper und Verpackung. Ich stelle eine Quittung und\/oder Rechnung aus.<\/p>\n","protected":false},"excerpt":{"rendered":"<p>Amen Frauen Silber Kreuz Halskette Anchored Hearts<\/p>\n","protected":false},"featured_media":119429,"comment_status":"open","ping_status":"closed","template":"","meta":[],"product_brand":[200],"product_cat":[6340,7620],"product_tag":[7442],"class_list":{"0":"post-119414","1":"product","2":"type-product","3":"status-publish","4":"has-post-thumbnail","6":"product_brand-amen","7":"product_cat-amen-halsketten","8":"product_cat-outlet-schmuck","9":"product_tag-verfugbar","11":"first","12":"instock","13":"sale","14":"taxable","15":"shipping-taxable","16":"purchasable","17":"product-type-simple"},"exclude_global_add_ons":[],"addons":[],"df_price":53.94,"df_sale_price":53.94,"df_regular_price":89.9,"df_image_link":"https:\/\/cdn02.fabioferro.eu\/wp-content\/uploads\/virtuemart\/product\/collana_croce_ancorata_cuori_2513_ok__1570293725_465.jpg","_links":{"self":[{"href":"https:\/\/www.fabioferro.eu\/de\/wp-json\/wp\/v2\/product\/119414","targetHints":{"allow":["GET"]}}],"collection":[{"href":"https:\/\/www.fabioferro.eu\/de\/wp-json\/wp\/v2\/product"}],"about":[{"href":"https:\/\/www.fabioferro.eu\/de\/wp-json\/wp\/v2\/types\/product"}],"replies":[{"embeddable":true,"href":"https:\/\/www.fabioferro.eu\/de\/wp-json\/wp\/v2\/comments?post=119414"}],"version-history":[{"count":0,"href":"https:\/\/www.fabioferro.eu\/de\/wp-json\/wp\/v2\/product\/119414\/revisions"}],"wp:featuredmedia":[{"embeddable":true,"href":"https:\/\/www.fabioferro.eu\/de\/wp-json\/wp\/v2\/media\/119429"}],"wp:attachment":[{"href":"https:\/\/www.fabioferro.eu\/de\/wp-json\/wp\/v2\/media?parent=119414"}],"wp:term":[{"taxonomy":"product_brand","embeddable":true,"href":"https:\/\/www.fabioferro.eu\/de\/wp-json\/wp\/v2\/product_brand?post=119414"},{"taxonomy":"product_cat","embeddable":true,"href":"https:\/\/www.fabioferro.eu\/de\/wp-json\/wp\/v2\/product_cat?post=119414"},{"taxonomy":"product_tag","embeddable":true,"href":"https:\/\/www.fabioferro.eu\/de\/wp-json\/wp\/v2\/product_tag?post=119414"}],"curies":[{"name":"wp","href":"https:\/\/api.w.org\/{rel}","templated":true}]}}